{"id":7086,"date":"2025-07-13T17:28:56","date_gmt":"2025-07-13T17:28:56","guid":{"rendered":"http:\/\/iotronx.com\/izdelek\/sonoff-dw2-wifi-brezzicni-senzor-vrat-oken\/"},"modified":"2025-08-07T22:21:33","modified_gmt":"2025-08-07T22:21:33","slug":"sonoff-dw2-wifi-drahtloser-fenster-tur-sensor","status":"publish","type":"product","link":"https:\/\/iotronx.com\/de\/product\/sonoff-dw2-wifi-drahtloser-fenster-tur-sensor\/","title":{"rendered":"Sonoff DW2 Wi-Fi T\u00fcr- und Fenstersensor"},"content":{"rendered":"<p><strong>Sonoff DW2<\/strong> ist eine neue, verbesserte Version des fr\u00fcheren T\u00fcr-\/Fenstersensors DW1 von Sonoff, die jedoch WiFi (anstelle von RF) als Verbindungsmethode verwendet. Der Vorteil dieser Version ist, dass sie kein Gateway oder ein Ger\u00e4t mit einem RF-Empf\u00e4nger ben\u00f6tigt, um sich mit dem Internet zu verbinden, da sie sich direkt mit Ihrem WiFi-Router verbindet.<\/p>\n<p>Das Produkt besteht aus zwei Teilen: einem zur Befestigung an der T\u00fcr oder dem Fenster und einem zur Befestigung am T\u00fcr- oder Fensterrahmen. Wenn der Magnetkontakt eine T\u00fcr- oder Fenster\u00f6ffnung erkennt, sendet das Ger\u00e4t ein Alarmsignal an Ihr Telefon oder an andere Sonoff- und SmartWise-Ger\u00e4te \u00fcber die eWeLink-Cloud.<\/p>\n<p>Im Gegensatz zu dem fr\u00fcheren Sonoff DW1 RF <strong>kann eine Aktion in der eWeLink-Anwendung erkennen und ausl\u00f6sen, sowohl wenn <span style=\"color: #ff0000\">Er\u00f6ffnung<\/span> wie auch <span style=\"color: #ff0000\">Schlie\u00dfen<\/span> T\u00fcren oder Fenster Beim \u00d6ffnen und Schlie\u00dfen werden unterschiedliche Signale gesendet, so dass Sie f\u00fcr jede Aktion separate Befehle festlegen k\u00f6nnen (z. B. geht das Licht beim \u00d6ffnen an und beim Schlie\u00dfen aus).<\/strong><\/p>\n<p>Er verbindet sich drahtlos \u00fcber die eWeLink-Cloud mit anderen intelligenten Ger\u00e4ten von Sonoff - z. B. mit Leuchten und Relaisschaltern, die vom Sensor gesteuert werden. <strong>Keine Verkabelung erforderlich<\/strong>. Das Ger\u00e4t wird mit zwei AAA 3V-Batterien betrieben (nicht im Lieferumfang enthalten).<\/p>\n<p>\u00dcber die eWeLink-App k\u00f6nnen Sie sich bei jeder Bewegung (\u00d6ffnen, Schlie\u00dfen) auf Ihrem iOS\/Android-Smartphone benachrichtigen lassen, was sich wie ein einfacher Alarm nutzen l\u00e4sst. Wenn die Alarmfunktion aktiviert ist, erh\u00e4lt nur der Besitzer des eWeLink-Kontos einen Alarm, nicht die Benutzer mit gemeinsamem Zugang.<\/p>\n<p>Es verf\u00fcgt \u00fcber eine SmartScene-Funktion, bei der die Erkennung des \u00d6ffnens oder Schlie\u00dfens von T\u00fcren\/Fenstern \u00fcber die eWeLink-App mehrere andere eWeLink-kompatible Sonoff- und SmartWise WiFi-Ger\u00e4te (intelligente Schalter, Relaisschalter, intelligente Steckdosen) ausl\u00f6sen kann.<\/p>\n<p>Bei Verwendung mit einer eWeLink-kompatiblen (Sonoff oder SmartWise) Kamera kann ein Echtzeitbild auf dem Statusbildschirm des \u00d6ffnungs-\/Schlie\u00dfsensors angezeigt werden, so dass der Status sofort per Video\u00fcbertragung best\u00e4tigt werden kann.<\/p>\n<p><strong>Produktmerkmale:<\/strong><\/p>\n<ul>\n<li>Bluetooth-Verbindung zur Verbindung mit der eWeLink Mobile App<\/li>\n<li>\u00c4u\u00dferst wirtschaftlicher Mikroprozessor<\/li>\n<li>Batteriestatus wird in der App angezeigt, Warnung bei niedrigem Batteriestand kann eingestellt werden<\/li>\n<li>Eingebaute WiFi-Antenne<\/li>\n<li>Ausl\u00f6ser funktioniert beim \u00d6ffnen und Schlie\u00dfen<\/li>\n<li>Inklusive doppelseitigem Klebeband zur Befestigung<\/li>\n<li>Einfache Installation ohne Verkabelung<\/li>\n<li>Betrieb in Innenr\u00e4umen<\/li>\n<li>Sensorstatusdaten k\u00f6nnen von anderen Benutzern mit einem eWeLink-Konto (kostenlos) abgerufen werden<\/li>\n<li>Stromversorgung: 2x AAA-Batterien (nicht enthalten)<\/li>\n<li>3 Monate \u00d6ffnungs-\/Schlie\u00dfungshistorie in der eWeLink Cloud gespeichert<\/li>\n<\/ul>","protected":false},"excerpt":{"rendered":"<p>Der Sonoff DW2 WIFI ist eine neue WiFi-Version des Sonoff T\u00fcr-\/Fenstersensors, die vollst\u00e4ndig mit der Sonoff Smarthome-Produktlinie kompatibel ist. Er wird direkt mit dem WiFi-Router verbunden, sodass kein Gateway erforderlich ist.<\/p>","protected":false},"featured_media":7088,"template":"","meta":{"_acf_changed":false},"product_brand":[120],"product_cat":[136,128,92,93],"product_tag":[],"class_list":{"0":"post-7086","1":"product","2":"type-product","3":"status-publish","4":"has-post-thumbnail","6":"product_brand-sonoff","7":"product_cat-ewelink","8":"product_cat-wi-fi","9":"product_cat-varnost-in-nadzor","10":"product_cat-pametna-vrata-in-dostop","12":"first","13":"instock","14":"sale","15":"taxable","16":"shipping-taxable","17":"purchasable","18":"product-type-simple"},"acf":[],"_links":{"self":[{"href":"https:\/\/iotronx.com\/de\/wp-json\/wp\/v2\/product\/7086","targetHints":{"allow":["GET"]}}],"collection":[{"href":"https:\/\/iotronx.com\/de\/wp-json\/wp\/v2\/product"}],"about":[{"href":"https:\/\/iotronx.com\/de\/wp-json\/wp\/v2\/types\/product"}],"wp:featuredmedia":[{"embeddable":true,"href":"https:\/\/iotronx.com\/de\/wp-json\/wp\/v2\/media\/7088"}],"wp:attachment":[{"href":"https:\/\/iotronx.com\/de\/wp-json\/wp\/v2\/media?parent=7086"}],"wp:term":[{"taxonomy":"product_brand","embeddable":true,"href":"https:\/\/iotronx.com\/de\/wp-json\/wp\/v2\/product_brand?post=7086"},{"taxonomy":"product_cat","embeddable":true,"href":"https:\/\/iotronx.com\/de\/wp-json\/wp\/v2\/product_cat?post=7086"},{"taxonomy":"product_tag","embeddable":true,"href":"https:\/\/iotronx.com\/de\/wp-json\/wp\/v2\/product_tag?post=7086"}],"curies":[{"name":"wp","href":"https:\/\/api.w.org\/{rel}","templated":true}]}}