{"id":7097,"date":"2025-07-13T17:30:15","date_gmt":"2025-07-13T17:30:15","guid":{"rendered":"http:\/\/iotronx.com\/izdelek\/nadzorna-plosca-sonoff-nspanel-pro\/"},"modified":"2025-08-07T22:21:32","modified_gmt":"2025-08-07T22:21:32","slug":"sonoff-nspanel-pro-bedienfeld","status":"publish","type":"product","link":"https:\/\/iotronx.com\/de\/product\/sonoff-nspanel-pro-bedienfeld\/","title":{"rendered":"Sonoff NSPanel Pro Wi-Fi + ZigBee Bedienfeld (Schwarz)"},"content":{"rendered":"<p><strong>Sonoff NSPanel Pro<\/strong>, ist ein All-in-One Smart Home Control Panel mit Touchscreen-Display und integriertem Zigbee + Bluetooth Smart Hub, das im 1. Beleuchtung, Schalter, Heizungen, Steckdosen und Stecker - fast alle eWeLink-Smart-Ger\u00e4te k\u00f6nnen damit gesteuert werden. Das NSPanel Pro ist also nicht nur ein wandmontierbares Mini-Tablet, sondern verf\u00fcgt auch \u00fcber eine eingebaute Standard-Zigbee-3.0-Bridge-Funktion, so dass Sie es auch als Zigbee-Gateway verwenden k\u00f6nnen. Ab Firmware-Version v1.5.6 ist auch eine Bluetooth (eWeLink-Remote)-Hub-Funktion verf\u00fcgbar.<\/p>\n<p>NSPanel Pro ist mit einem Rahmen in Dunkelgrau oder Wei\u00df erh\u00e4ltlich. Dies ist die Version mit dem dunkelgrauen Rahmen.<br \/><strong><br \/>Die wichtigsten Merkmale des Sonoff NSPanel Pro:<\/strong><\/p>\n<p><strong>Dashboard zur Verwaltung von Wi-Fi eWeLink-Ger\u00e4ten<br \/><\/strong>Das NSPanel PRO-Bedienfeld kann zur Verwaltung von Wi-Fi-Smart-Ger\u00e4ten (die mit der eWeLink-App kompatibel sind) verwendet werden. Bis zu 3 Bildschirme auf dem NSPanel Pro k\u00f6nnen den Ein\/Aus-Status von Ger\u00e4ten anzeigen, sie ein-\/ausschalten oder Daten und den Status von eWeLink-Sensoren anzeigen.<\/p>\n<p><strong>Bedienfeld f\u00fcr manuelle eWeLink-Szenen (Szenen)<br \/><\/strong>Sie k\u00f6nnen Ihre bevorzugten eWeLink-Szenen auf dem Bildschirm f\u00fcr die manuelle Inbetriebnahme einstellen, die auch f\u00fcr die Gruppenverwaltung mehrerer Ger\u00e4te verwendet wird. Mit einem Tippen auf das NSPanel PRO k\u00f6nnen Sie die gew\u00fcnschte Szene ausl\u00f6sen. So k\u00f6nnen Sie z. B. die Szenen \u201cIch bin nach Hause gekommen\u201d und \u201cIch habe das Haus verlassen\u201d erstellen, um das Licht auszuschalten oder bestimmte Szenen zu deaktivieren\/aktivieren.<\/p>\n<p><strong>Eingebautes Zigbee-Gateway<br \/><\/strong>NSPanel PRO enth\u00e4lt eine eWeLink-kompatible Zigbee-Br\u00fccke, die mit allen Zigbee 3.0-Standard-eWeLink-Sensoren, Schaltern, Relais und Steckdosen funktioniert. Sie k\u00f6nnen die Verbindung von Zigbee-Ger\u00e4ten mit NSPanel Pro entweder \u00fcber den NSPanel-Bildschirm oder \u00fcber die eWeLink-App herstellen. Es ist kompatibel mit eWeLink Zigbee-Ger\u00e4ten, Standard-Zigbee 3.0-Ger\u00e4ten anderer Hersteller sowie Philips Hue und IKEA Zigbee-Lampen.<\/p>\n<p>\u00c4hnlich wie die Sonoff Zigbee Bridge Pro, unterst\u00fctzt die Zigbee Bridge drei Sicherheitsmodi: HOME, DISTANT, SLEEP. Der aktive Modus kann sowohl in der eWeLink-Anwendung als auch auf dem NSPanel Pro-Bildschirm eingestellt werden. Sie k\u00f6nnen einstellen, welche Sensoren in jedem Modus aktiv sind und wann das NSPanel PRO einen lokalen akustischen Alarm ausl\u00f6st. Zum Beispiel soll im HOME-Modus nur der Sensor an der Haust\u00fcr den Alarm ausl\u00f6sen, im ABSENT-Modus sollen alle Bewegungssensoren den Alarm ausl\u00f6sen und im SLEEP-Modus sollen die Sensoren im Wohnzimmer und in den Fluren den Alarm ausl\u00f6sen.<\/p>\n<p><strong>Bluetooth-Gateway<br \/><\/strong>Seit der Firmware-Version v1.5.6 ist auch eine eWeLink-Remote (Bluetooth)-Hub-Funktion verf\u00fcgbar, um batteriebetriebene drahtlose eWeLink-Remote-Schalter (z.B. Sonoff R5 oder S-MATE-Modul) anzuschlie\u00dfen, und das NSPanel fungiert als Bluetooth-Empf\u00e4nger und -Hub und erm\u00f6glicht die Verwaltung anderer WiFi eWeLink-Ger\u00e4te \u00fcber die Cloud.<\/p>\n<p><strong>Anzeige von Kameravideos<br \/><\/strong>NSPanel Pro unterst\u00fctzt die Live-Videoanzeige von Kameras, die mit der eWeLink-App kompatibel sind. Es unterst\u00fctzt auch das RTSP-Protokoll und DIY-Kameras (ESP32-CAM), die der NSPanel Pro-Schnittstelle hinzugef\u00fcgt werden k\u00f6nnen (diese Kameras werden nur auf dem NSPanel angezeigt, nicht in der eWeLink-Anwendung).<br \/>NSPanel Pro kann so einen Eingang oder einen bestimmten Raum als \u201cVideotelefon\u201d anzeigen. Die Kamera, die Zwei-Wege-Audio unterst\u00fctzt, erm\u00f6glicht es Ihnen auch, den Ton um die Kamera herum zu h\u00f6ren und \u00fcber den Lautsprecher der Kamera zu sprechen.<\/p>\n<p><strong>Intercom: Anrufe zwischen der eWeLink-App und NSPanel Pro oder zwischen zwei NSPanel Pro-Ger\u00e4ten<br \/><\/strong>Sie k\u00f6nnen zwischen mehreren NSPanel Pro-Ger\u00e4ten in verschiedenen R\u00e4umen eine Gegensprechverbindung herstellen oder jedes NSPanel Pro \u00fcber die eWeLink-App auf Ihrem Telefon oder Tablet anrufen.<\/p>\n<p><strong>Energie-Panel<br \/><\/strong>Bei eWeLink-Ger\u00e4ten mit gemessenem Verbrauch k\u00f6nnen Sie Ihren Verbrauch auf dem NSPanel Pro-Display \u00fcberwachen.<\/p>\n<p><strong>Thermostat-Funktion<br \/><\/strong>Sie k\u00f6nnen in der eWeLink-App Cloud-\u00e4hnliche Thermostateinstellungen erstellen. W\u00e4hlen Sie einen Temperatursensor (z. B. Sonoff oder SmartWise Zigbee-Thermometer), verbinden Sie ihn mit einem Relais oder Schalter und stellen Sie eine automatische oder manuelle Steuerung ein. Es sind Heiz- und K\u00fchlmodi verf\u00fcgbar, mit einer Ein-\/Ausschalt-Hysterese von 1-5 \u00b0C.<\/p>\n<p><strong>Web-Browser<br \/><\/strong>In der eWeLink-App k\u00f6nnen Sie eine beliebige Webadresse einrichten und sie mit einem einzigen Tippen auf dem 480\u00d7480 px, 3,95\u2033 NSPanel Pro-Bildschirm auf Ihrem Startbildschirm \u00f6ffnen.<\/p>\n<p><strong>Kompatibilit\u00e4t und Upgrades<br \/><\/strong>NSPanel Pro ist mit Home Assistant kompatibel und wird mit einem Firmware-Upgrade im vierten Quartal 2023 auch das Matter-Protokoll unterst\u00fctzen.<\/p>\n<p><strong>Weitere Merkmale:<\/strong><\/p>\n<ul>\n<li>Alarm<\/li>\n<li>Zeitschaltuhr<\/li>\n<li>aktuelle und 7-t\u00e4gige Wettervorhersage (Standort konfigurierbar)<\/li>\n<li>einstellbare Lautst\u00e4rke<\/li>\n<li>einstellbare Zeit zum Ausschalten des Displays<\/li>\n<li>einstellbare Bildschirmhintergr\u00fcnde<\/li>\n<\/ul>\n<p><strong>Hardware-Merkmale:<\/strong><\/p>\n<ul>\n<li>4,95\u2033 TFT-LCD-Bildschirm mit 480\u00d7480 px Aufl\u00f6sung, Multitouch-Unterst\u00fctzung<\/li>\n<li>Unterst\u00fctzung von 16,7 Millionen Farben<\/li>\n<li>Zwei-Wege-Audio-Unterst\u00fctzung (Mikrofon + Lautsprecher)<\/li>\n<li>eingebauter Lichtsensor zur automatischen Anpassung der Bildschirmhelligkeit<\/li>\n<li>4-Kern-Cortex-A35-Prozessor<\/li>\n<li>Mali-G31 Grafikprozessor (GPU)<\/li>\n<li>8 GB eMMC-Speicher<\/li>\n<li>2 GB DDR3-RAM<\/li>\n<li>Wandsteckdose montierbar (Phase und Null erforderlich), auch als St\u00e4nder f\u00fcr den Tischgebrauch erh\u00e4ltlich<\/li>\n<\/ul>","protected":false},"excerpt":{"rendered":"<p>Das SONOFF NSPanel Pro ist ein kompaktes Touchscreen-Bedienfeld, das im 1. Quartal 2023 auf den Markt kommt und die Steuerung von Beleuchtung, Schaltern, Heizungen, Steckdosen und Steckern sowie fast aller eWeLink-Smart-Ger\u00e4te unterst\u00fctzt. Das NSPanel Pro ist mehr als nur ein an der Wand montiertes Touchpad, es verf\u00fcgt auch \u00fcber eine integrierte Zigbee 3.0-Br\u00fcckenfunktion, die mit der eWeLink-Plattform kompatibel ist, so dass es auch als Gateway f\u00fcr Zigbee verwendet werden kann. Es ist auch mit Philips Hue Zigbee-Lampen und IKEA Zigbee-Lampen kompatibel.<\/p>","protected":false},"featured_media":7099,"template":"","meta":{"_acf_changed":false},"product_brand":[120],"product_cat":[132,136,129,128,126,95,92],"product_tag":[],"class_list":{"0":"post-7097","1":"product","2":"type-product","3":"status-publish","4":"has-post-thumbnail","6":"product_brand-sonoff","7":"product_cat-avtomatizacija-in-centralni-nadzor","8":"product_cat-ewelink","9":"product_cat-matter","10":"product_cat-wi-fi","11":"product_cat-zigbee","12":"product_cat-stikala","13":"product_cat-varnost-in-nadzor","15":"first","16":"instock","17":"sale","18":"taxable","19":"shipping-taxable","20":"purchasable","21":"product-type-simple"},"acf":[],"_links":{"self":[{"href":"https:\/\/iotronx.com\/de\/wp-json\/wp\/v2\/product\/7097","targetHints":{"allow":["GET"]}}],"collection":[{"href":"https:\/\/iotronx.com\/de\/wp-json\/wp\/v2\/product"}],"about":[{"href":"https:\/\/iotronx.com\/de\/wp-json\/wp\/v2\/types\/product"}],"wp:featuredmedia":[{"embeddable":true,"href":"https:\/\/iotronx.com\/de\/wp-json\/wp\/v2\/media\/7099"}],"wp:attachment":[{"href":"https:\/\/iotronx.com\/de\/wp-json\/wp\/v2\/media?parent=7097"}],"wp:term":[{"taxonomy":"product_brand","embeddable":true,"href":"https:\/\/iotronx.com\/de\/wp-json\/wp\/v2\/product_brand?post=7097"},{"taxonomy":"product_cat","embeddable":true,"href":"https:\/\/iotronx.com\/de\/wp-json\/wp\/v2\/product_cat?post=7097"},{"taxonomy":"product_tag","embeddable":true,"href":"https:\/\/iotronx.com\/de\/wp-json\/wp\/v2\/product_tag?post=7097"}],"curies":[{"name":"wp","href":"https:\/\/api.w.org\/{rel}","templated":true}]}}