{"id":7117,"date":"2025-07-13T17:30:15","date_gmt":"2025-07-13T17:30:15","guid":{"rendered":"http:\/\/iotronx.com\/izdelek\/sonoff-nspanel-pro-pametna-nadzorna-plosca\/"},"modified":"2025-08-07T22:21:32","modified_gmt":"2025-08-07T22:21:32","slug":"sonoff-nspanel-pro-smartes-bedienfeld","status":"publish","type":"product","link":"https:\/\/iotronx.com\/de\/product\/sonoff-nspanel-pro-smartes-bedienfeld\/","title":{"rendered":"Sonoff NSPanel Pro Wi-Fi + ZigBee Bedienfeld (wei\u00df)"},"content":{"rendered":"<p>Das Sonoff NSPanel Pro, das im 1. Quartal 2023 auf den Markt kommt, ist ein Touchscreen-Smart-Home-Bedienfeld, das einen Zigbee- und Bluetooth-Smart-Home-Hub in sich vereint. Es kann Beleuchtung, Schalter, Heizungen, Steckdosen und Stecker sowie fast alle eWeLink Smart Devices steuern. Das NSPanel Pro ist also nicht nur ein wandmontierbares Mini-Tablet, sondern verf\u00fcgt auch \u00fcber eine eingebaute Standard-Zigbee-3.0-Bridge-Funktion, so dass es auch als Zigbee-Gateway verwendet werden kann. Seit Firmware v1.5.6 ist auch eine Bluetooth (eWeLink-Remote) Hub-Funktion hinzugef\u00fcgt worden.<\/p>\n<p>NSPanel Pro ist in einer dunkelgrauen und einer wei\u00dfen Rahmenversion erh\u00e4ltlich. Dies ist die Version mit wei\u00dfem Rahmen.<\/p>\n<p><strong><br \/>Die wichtigsten Merkmale des Sonoff NSPanel Pro:<\/strong><\/p>\n<p><strong>Dashboard zur Verwaltung von Wi-Fi eWeLink-Ger\u00e4ten<br \/><\/strong><br \/>Mit dem NSPanel PRO-Bedienfeld k\u00f6nnen Sie Ihre Wi-Fi-Smart-Home-Ger\u00e4te (die mit der eWeLink-App kompatibel sind) auf bis zu 3 NSPanel Pro-Bildschirmen steuern: Sie k\u00f6nnen den Ein\/Aus-Status sehen und sie auch direkt von NSPanel Pro aus ein-\/ausschalten sowie die Daten und den Status der eWeLink-Sensoren \u00fcberwachen.<\/p>\n<p><strong>Dashboard f\u00fcr die manuelle Aktivierung von eWeLink-Szenen<br \/><\/strong><br \/>Sie k\u00f6nnen den Bildschirm mit Ihren bevorzugten eWeLink-Szenen (manuell ausgel\u00f6st) einrichten, die auch f\u00fcr die Gruppenverwaltung mehrerer Ger\u00e4te geeignet sind. Mit einem Tippen auf das NSPanel PRO k\u00f6nnen Sie die gew\u00fcnschte Szene starten. Sie k\u00f6nnen zum Beispiel \"Ich bin nach Hause gekommen\" und \"Ich habe das Haus verlassen\" Szenen erstellen, die das Licht ausschalten oder bestimmte Szenen deaktivieren\/aktivieren.<\/p>\n<p><strong>Integriertes Zigbee-Gateway<\/strong><\/p>\n<p>NSPanel PRO enth\u00e4lt auch eine Zigbee-Br\u00fccke, die mit der eWeLink-Plattform kompatibel ist und alle Zigbee 3.0-Standard eWeLink-kompatiblen Sensoren, Schalter, Relais und Steckdosen unterst\u00fctzt. Sie k\u00f6nnen Zigbee-Ger\u00e4te entweder \u00fcber den NSPanel-Touchscreen oder \u00fcber die eWeLink-App mit dem NSPanel Pro verbinden. Es ist nicht nur mit eWeLink Zigbee-Ger\u00e4ten kompatibel, sondern auch mit g\u00e4ngigen Zigbee 3.0-Ger\u00e4ten anderer Hersteller (die in der eWeLink-App unterst\u00fctzt werden), wie z. B. Philips Hue und IKEA Zigbee-Lampen.<\/p>\n<p>\u00c4hnlich wie die Sonoff Zigbee Bridge Pro, unterst\u00fctzt die Zigbee Bridge drei Sicherheitsmodi: HOME, DISTANT, SLEEP. Der aktive Modus kann sowohl in der eWeLink-App (auf dem Telefon) als auch auf dem Bildschirm des NSPanel Pro eingestellt werden. Sie k\u00f6nnen einstellen, welche Sensoren in jedem Modus aktiv sein sollen, wenn das NSPanel PRO einen lokalen Alarm ausl\u00f6st. Zum Beispiel soll im HOME-Modus nur der Zigbee-Sensor an der Haust\u00fcr Alarm ausl\u00f6sen, im REMOTE-Modus sollen auch alle Bewegungssensoren Alarm ausl\u00f6sen, und im SLEEP-Modus sollen die Sensoren im Wohnzimmer und im Flur Alarm ausl\u00f6sen.<\/p>\n<p><strong>Bluetooth-Gateway<br \/><\/strong><br \/>Seit der Firmware-Version v1.5.6 verf\u00fcgt das Ger\u00e4t auch \u00fcber eine eWeLink-Remote (Bluetooth)-Hub-Funktion. Wenn Sie batteriebetriebene eWeLink-Remote-Funkschalter (z. B. Sonoff R5-Schalter oder S-MATE-Modul) daran anschlie\u00dfen, fungiert das NSPanel als Bluetooth-Empf\u00e4nger und Hub, so dass Sie andere WiFi eWeLink-Ger\u00e4te \u00fcber die Cloud verwalten k\u00f6nnen.<\/p>\n<p><strong>Betrachten des Videos von der Kamera<\/p>\n<p><\/strong>Sie k\u00f6nnen Kameras, die mit der eWeLink-App kompatibel sind, zu NSPanel Pro hinzuf\u00fcgen und die Live-Video\u00fcbertragung auf dem NSPanel PRO-LCD-Bildschirm anzeigen. Es ist auch mit der eWeLink Camera App auf Ihrem Telefon kompatibel, und Sie k\u00f6nnen RTSP-kompatible und DIY-Kameras (ESP32-CAM) \u00fcber die NSPanel Pro-Schnittstelle hinzuf\u00fcgen. (RTSP- und ESP32-CAM-Kameras werden nur auf dem NSPanel-Bildschirm angezeigt, nicht in der eWeLink-App).<\/p>\n<p>Im Eingangsbereich installiert, kann das NSPanel Pro als \"Video-Gegensprechanlage\" verwendet werden, da Sie auf dem Bildschirm sehen k\u00f6nnen, wer vor der T\u00fcr oder im Garten ist. Es kann auch verwendet werden, um die Situation in einem bestimmten Raum oder Garten zu \u00fcberwachen.<\/p>\n<p>Bei Kameras, die Zwei-Wege-Audio unterst\u00fctzen, k\u00f6nnen Sie auch Ger\u00e4usche in der Umgebung der Kamera h\u00f6ren und \u00fcber den Lautsprecher der Kamera zur\u00fccksprechen.<\/p>\n<p><strong>Gegensprechanlage: Anrufe zwischen der eWeLink-Anwendung und NSPanel Pro oder zwischen zwei NSPanel Pro-Ger\u00e4ten<br \/><\/strong><br \/>Gegensprechanrufe k\u00f6nnen zwischen mehreren NSPanel Pro Einheiten, die in verschiedenen R\u00e4umen des Hauses installiert sind, get\u00e4tigt werden. Sie k\u00f6nnen auch jede NSPanel Pro-Einheit \u00fcber die eWeLink-App auf Ihrem Telefon oder Tablet anrufen.<\/p>\n<p><strong>Energie-Panel<br \/><\/strong><br \/>Bei eWeLink-Ger\u00e4ten mit Z\u00e4hlung kann der Verbrauch auch auf dem NSPanel Pro-Display \u00fcberwacht werden.<\/p>\n<p><strong>Thermostat-Funktion<br \/><\/strong><br \/>Sie k\u00f6nnen auch Cloud-basierte Thermostateinstellungen in der eWeLink-App erstellen. Sie k\u00f6nnen w\u00e4hlen, welche Temperatursensordaten Sie verwenden m\u00f6chten (z. B. Sonoff oder SmartWise drahtloses Zigbee-Thermometer) und angeben, welches eWeLink-Relais oder welcher Schalter angeschlossen werden soll. Sie k\u00f6nnen die automatische oder manuelle Umschaltung zwischen Heizen und K\u00fchlen einstellen. Es ist m\u00f6glich, eine Hysterese zwischen 1 und 5 Grad ein\/aus einzustellen.<\/p>\n<p><strong>Web-Browser<br \/><\/strong><br \/>In der eWeLink-App k\u00f6nnen Sie jede beliebige Webadresse so einstellen, dass sie mit einer Ber\u00fchrung auf dem 480\u00d7480 px, 3,95\u2033 NSPanel Pro Startbildschirm ge\u00f6ffnet wird.<\/p>\n<p><strong>Kompatibilit\u00e4t und weitere Upgrades<\/strong><\/p>\n<p>NSPanel Pro ist mit der Home Assistant-Plattform kompatibel. Au\u00dferdem wird es mit einem Firmware-Update im vierten Quartal 2023 Unterst\u00fctzung f\u00fcr das Matter-Protokoll erhalten.<\/p>\n<p><strong>Weitere Merkmale:<\/strong><\/p>\n<ul>\n<li>Weckruf<\/li>\n<li>Wochenzeitschaltuhr<\/li>\n<li>aktuelle und 7-t\u00e4gige Wettervorhersage (Standort konfigurierbar)<\/li>\n<li>einstellbare Lautst\u00e4rke<\/li>\n<li>einstellbare Bildschirmabschaltzeit<\/li>\n<li>einstellbare Hintergr\u00fcnde<\/li>\n<\/ul>\n<p><\/p>\n<p><strong>Hardware-Merkmale:<\/strong><\/p>\n<ul>\n<li>4,95\u2033 TFT-LCD-Display mit 480\u00d7480 px Aufl\u00f6sung, Multi-Touch-Unterst\u00fctzung<\/li>\n<li>Unterst\u00fctzt 16,7 Millionen Farben<\/li>\n<li>Zwei-Wege-Ton (Mikrofon + Lautsprecher)<\/li>\n<li>passt die Helligkeit des Bildschirms dank des eingebauten Lichtsensors automatisch an<\/li>\n<li>4-Kern-Cortex-A35-CPU<\/li>\n<li>Mali-G31-Grafikprozessor<\/li>\n<li>8 GB eMMC ROM<\/li>\n<li>2 GB DDR3-RAM<\/li>\n<li>wandmontierbar (Phase und Nullpunkt f\u00fcr den Betrieb erforderlich), auch als Tischhalterung erh\u00e4ltlich<\/li>\n<\/ul>","protected":false},"excerpt":{"rendered":"<p>Das SONOFF NSPanel Pro ist ein kompaktes Touchscreen-Bedienfeld, das im 1. Quartal 2023 auf den Markt kommt und die Steuerung von Beleuchtung, Schaltern, Heizungen, Steckdosen und Steckern sowie fast aller eWeLink-Smart-Ger\u00e4te unterst\u00fctzt. Das NSPanel Pro ist mehr als nur ein an der Wand montiertes Touchpad, es verf\u00fcgt auch \u00fcber eine integrierte Zigbee 3.0-Br\u00fcckenfunktion, die mit der eWeLink-Plattform kompatibel ist, so dass es auch als Gateway f\u00fcr Zigbee verwendet werden kann. Es ist auch mit Philips Hue Zigbee-Lampen und IKEA Zigbee-Lampen kompatibel.<\/p>","protected":false},"featured_media":7119,"template":"","meta":{"_acf_changed":false},"product_brand":[120],"product_cat":[132,136,129,128,126,95,92],"product_tag":[],"class_list":{"0":"post-7117","1":"product","2":"type-product","3":"status-publish","4":"has-post-thumbnail","6":"product_brand-sonoff","7":"product_cat-avtomatizacija-in-centralni-nadzor","8":"product_cat-ewelink","9":"product_cat-matter","10":"product_cat-wi-fi","11":"product_cat-zigbee","12":"product_cat-stikala","13":"product_cat-varnost-in-nadzor","15":"first","16":"instock","17":"sale","18":"taxable","19":"shipping-taxable","20":"purchasable","21":"product-type-simple"},"acf":[],"_links":{"self":[{"href":"https:\/\/iotronx.com\/de\/wp-json\/wp\/v2\/product\/7117","targetHints":{"allow":["GET"]}}],"collection":[{"href":"https:\/\/iotronx.com\/de\/wp-json\/wp\/v2\/product"}],"about":[{"href":"https:\/\/iotronx.com\/de\/wp-json\/wp\/v2\/types\/product"}],"wp:featuredmedia":[{"embeddable":true,"href":"https:\/\/iotronx.com\/de\/wp-json\/wp\/v2\/media\/7119"}],"wp:attachment":[{"href":"https:\/\/iotronx.com\/de\/wp-json\/wp\/v2\/media?parent=7117"}],"wp:term":[{"taxonomy":"product_brand","embeddable":true,"href":"https:\/\/iotronx.com\/de\/wp-json\/wp\/v2\/product_brand?post=7117"},{"taxonomy":"product_cat","embeddable":true,"href":"https:\/\/iotronx.com\/de\/wp-json\/wp\/v2\/product_cat?post=7117"},{"taxonomy":"product_tag","embeddable":true,"href":"https:\/\/iotronx.com\/de\/wp-json\/wp\/v2\/product_tag?post=7117"}],"curies":[{"name":"wp","href":"https:\/\/api.w.org\/{rel}","templated":true}]}}