{"id":7140,"date":"2025-07-13T17:30:15","date_gmt":"2025-07-13T17:30:15","guid":{"rendered":"http:\/\/iotronx.com\/izdelek\/daljinski-upravljalnik-sonoff-s-4-gumbi-rf\/"},"modified":"2025-08-07T22:21:32","modified_gmt":"2025-08-07T22:21:32","slug":"sonoff-fernbedienung-mit-4-tasten-rf","status":"publish","type":"product","link":"https:\/\/iotronx.com\/de\/product\/sonoff-fernbedienung-mit-4-tasten-rf\/","title":{"rendered":"Sonoff RF-Fernbedienung mit 4 Tasten"},"content":{"rendered":"<div class=\"wapper-view\">\n<p class=\"availability in-stock\">Die Sonoff 4-Tasten-Fernbedienung mit RF (Radiofrequenz) hat ein robustes Geh\u00e4use und eine Druckabdeckung, die ein versehentliches Dr\u00fccken der Tasten verhindert. Sie kann verwendet werden, um Lerncodes f\u00fcr Wandschalter, Steckdosen oder Relaisschalter zu steuern. Sie kann so konfiguriert werden, dass sie bis zu 4 verschiedene (RF-kompatible) Sonoff-Ger\u00e4te oder 4 verschiedene Kan\u00e4le von Mehrkanalger\u00e4ten steuert. Er kann auch an RF-Gateways oder Br\u00fccken wie die Sonoff RF Bridge angeschlossen werden.<\/p>\n<\/div>\n<p>Die Druckabdeckung verhindert unerw\u00fcnschtes Dr\u00fccken der Tasten.<\/p>\n<p><strong>Kompatibel mit den folgenden Sonoff-Ger\u00e4ten: <\/strong><a href=\"https:\/\/www.marketcom.eu\/sonoff-smartwise-shelly-EU-wholesale-distribution\/products\/sonoff-rf-wifi-radio-control-remotely-controllable-via-internet-relay-switch\/\" target=\"_blank\" rel=\"noopener\">Sonoff RF<\/a>, Sonoff Slampher, <a href=\"https:\/\/www.marketcom.eu\/sonoff-smartwise-shelly-EU-wholesale-distribution\/products\/sonoff-4ch-pro-r2-4-gang-remotely-controllable-via-internet-wifi-and-rf-relay-switch-with-timer-function\/\" target=\"_blank\" rel=\"noopener\">Sonoff 4CH Pro<\/a>Sonoff RF-Br\u00fccke 433, <a href=\"https:\/\/www.marketcom.eu\/sonoff-smartwise-shelly-EU-wholesale-distribution\/products\/sonoff-tx-t1-eu-1c-wifi-rf-remotely-controllable-wall-touch-light-switch-white\/\" target=\"_blank\" rel=\"noopener\">Sonoff T1 EU 1C<\/a>, <a href=\"https:\/\/www.marketcom.eu\/sonoff-smartwise-shelly-EU-wholesale-distribution\/products\/sonoff-tx-t2-eu-1c-wifi-rf-remotely-controllable-wall-touch-light-switch-white-with-frame\/\" target=\"_blank\" rel=\"noopener\">Sonoff T1 EU 2C<\/a>Sonoff TX T1, TX T2, TX T3 Versionen, SmartWise 5V-32V RF-Relais usw.<\/p>\n<p>Batterie nicht enthalten (funktioniert mit einer 12V 27A Batterie)<\/p>\n<p>Die offizielle \u00dcbertragungsreichweite wird vom Hersteller nicht ver\u00f6ffentlicht, aber Tests zeigen, dass sie im Freien ohne Hindernisse etwa 50-100 m betr\u00e4gt.<\/p>\n<p><em>Hinweis: Ger\u00e4te mit dynamischen und rollenden Codes sind mit dieser Fernbedienung nicht kompatibel.<\/em><\/p>\n<p><\/p>","protected":false},"excerpt":{"rendered":"<p>RF-Fernbedienung, kompatibel mit Sonoff T1-Lichtschaltern, Sonoff Slampher-Smart-Steckdosen, Sonoff RF- und 4CH Pro-Smart-Schalterrelais, 4 separat einstellbare Tasten.<\/p>","protected":false},"featured_media":6719,"template":"","meta":{"_acf_changed":false},"product_brand":[120],"product_cat":[136,130,95,90],"product_tag":[],"class_list":{"0":"post-7140","1":"product","2":"type-product","3":"status-publish","4":"has-post-thumbnail","6":"product_brand-sonoff","7":"product_cat-ewelink","8":"product_cat-rf","9":"product_cat-stikala","10":"product_cat-razsvetljava","12":"first","13":"instock","14":"sale","15":"taxable","16":"shipping-taxable","17":"purchasable","18":"product-type-simple"},"acf":[],"_links":{"self":[{"href":"https:\/\/iotronx.com\/de\/wp-json\/wp\/v2\/product\/7140","targetHints":{"allow":["GET"]}}],"collection":[{"href":"https:\/\/iotronx.com\/de\/wp-json\/wp\/v2\/product"}],"about":[{"href":"https:\/\/iotronx.com\/de\/wp-json\/wp\/v2\/types\/product"}],"wp:featuredmedia":[{"embeddable":true,"href":"https:\/\/iotronx.com\/de\/wp-json\/wp\/v2\/media\/6719"}],"wp:attachment":[{"href":"https:\/\/iotronx.com\/de\/wp-json\/wp\/v2\/media?parent=7140"}],"wp:term":[{"taxonomy":"product_brand","embeddable":true,"href":"https:\/\/iotronx.com\/de\/wp-json\/wp\/v2\/product_brand?post=7140"},{"taxonomy":"product_cat","embeddable":true,"href":"https:\/\/iotronx.com\/de\/wp-json\/wp\/v2\/product_cat?post=7140"},{"taxonomy":"product_tag","embeddable":true,"href":"https:\/\/iotronx.com\/de\/wp-json\/wp\/v2\/product_tag?post=7140"}],"curies":[{"name":"wp","href":"https:\/\/api.w.org\/{rel}","templated":true}]}}