{"id":7155,"date":"2025-07-13T17:30:15","date_gmt":"2025-07-13T17:30:15","guid":{"rendered":"http:\/\/iotronx.com\/izdelek\/gumb-sonoff-zigbee-gumb-daljinskega-upravljalnika-zigbee-snzb-01p\/"},"modified":"2025-08-07T22:21:33","modified_gmt":"2025-08-07T22:21:33","slug":"sonoff-taste-zigbee-fernbedienungstaste-zigbee-snzb-01p","status":"publish","type":"product","link":"https:\/\/iotronx.com\/de\/product\/sonoff-taste-zigbee-fernbedienungstaste-zigbee-snzb-01p\/","title":{"rendered":"Sonoff SNZB-01P Zigbee programmierbarer Taster"},"content":{"rendered":"<p><strong>SNZB-01P<\/strong> ist der neue Sonoff <strong>Zigbee-Schaltknopf<\/strong> oder Zigbee-Fernbedienung, ein Smart Home-Ger\u00e4t, das das Zigbee 3.0-Protokoll verwendet. Mit dieser Fernbedienung und dem Zigbee-Gateway k\u00f6nnen Sie jedes Zigbee- oder eWeLink-Ger\u00e4t, z. B. WiFi-Ger\u00e4te, ein- oder ausschalten, indem Sie sie in ein Zigbee- oder eWeLink-System integrieren.<\/p>\n<p>Die Sonoff Zigbee Bridge Pro oder SmartWise Zigbee Bridge Pro kommuniziert beispielsweise mit der eWeLink-Cloud und kann andere Sonoff- oder SmartWise WiFi- und eWeLink-Ger\u00e4te auf der Grundlage der gemessenen Daten verwalten. Das Produkt umfasst einen Metallsockel, der mit einem Bohrer befestigt werden kann, an dem das Ger\u00e4t mit einem Clip im Inneren des Sensors befestigt werden kann, und umfasst auch doppelseitiges Klebeband.<\/p>\n<p><strong>Was ist Zigbee?<\/strong><br \/>Die meisten Sonoff-Produkte verwenden Wi-Fi und RF f\u00fcr die Kommunikation, was die Produkte im Vergleich zu anderen Smart-Home-Technologien erschwinglicher macht, aber es handelt sich nicht um spezielle IoT-Standards.<br \/>Im Gegensatz dazu wurde Zigbee speziell als ideale Kommunikationsl\u00f6sung f\u00fcr Ger\u00e4te mit geringem Stromverbrauch entwickelt, bei denen eine hohe Daten\u00fcbertragung nicht erforderlich ist, bei denen aber eine m\u00f6glichst geringe Latenzzeit wichtig ist. Zigbee ist eine gute Wahl f\u00fcr batteriebetriebene Sensoren oder Fernbedienungen, da Zigbee im Vergleich zu WiFi eine h\u00f6here Autonomie bietet. Zigbee-Sensoren k\u00f6nnen nicht eigenst\u00e4ndig verwendet werden, sie ben\u00f6tigen ein Zigbee-Gateway, um sich mit Ihrem Heim- oder B\u00fcronetzwerk zu verbinden. Ein Beispiel f\u00fcr ein solches Gateway ist die Sonoff Zigbee Bridge Pro.<br \/>Aufgrund der Beschaffenheit der Zigbee-Technologie ist die Verbindung mit einzelnen Zigbee-Ger\u00e4ten sehr einfach und schneller als mit WiFi.<br \/>Durch dreimaliges Dr\u00fccken der Funktaste (einfaches, doppeltes und langes Dr\u00fccken) k\u00f6nnen verschiedene Befehle ausgel\u00f6st werden.<\/p>\n<p>Produktmerkmale:<\/p>\n<p>- Die Zigbee-Technologie erm\u00f6glicht eine gro\u00dfe Daten\u00fcbertragungsreichweite, w\u00e4hrend die Mesh-Technologie diese noch vergr\u00f6\u00dfern kann.<br \/>- Es ist zum Beispiel mit dem Sonoff Zigbee Bridge Pro Gateway und anderen Standard-Zigbee-Ger\u00e4ten kompatibel.<br \/>- In Verbindung mit der Sonoff Zigbee Bridge Pro kann sie auch Sonoff- und SmartWise-Smart-WiFi-Ger\u00e4te steuern.<br \/>- Kleine Abmessungen, 4,5 cm Durchmesser und 1,77 cm Knopfdicke.<br \/>- Die Stromversorgung erfolgt \u00fcber eine CR2477-Batterie (3V), die nicht im Lieferumfang enthalten ist.<\/p>","protected":false},"excerpt":{"rendered":"<p>Der Sonoff Zigbee Button ist ein batteriebetriebener, kabelloser Fernbedienungsknopf, der das Zigbee 3.0 Smart Home Protokoll verwendet. Er verf\u00fcgt \u00fcber eine neu gestaltete runde Form und eine magnetische oder doppelseitig klebende Befestigung.<\/p>","protected":false},"featured_media":7157,"template":"","meta":{"_acf_changed":false},"product_brand":[120],"product_cat":[136,126,95],"product_tag":[],"class_list":{"0":"post-7155","1":"product","2":"type-product","3":"status-publish","4":"has-post-thumbnail","6":"product_brand-sonoff","7":"product_cat-ewelink","8":"product_cat-zigbee","9":"product_cat-stikala","11":"first","12":"instock","13":"sale","14":"taxable","15":"shipping-taxable","16":"purchasable","17":"product-type-simple"},"acf":[],"_links":{"self":[{"href":"https:\/\/iotronx.com\/de\/wp-json\/wp\/v2\/product\/7155","targetHints":{"allow":["GET"]}}],"collection":[{"href":"https:\/\/iotronx.com\/de\/wp-json\/wp\/v2\/product"}],"about":[{"href":"https:\/\/iotronx.com\/de\/wp-json\/wp\/v2\/types\/product"}],"wp:featuredmedia":[{"embeddable":true,"href":"https:\/\/iotronx.com\/de\/wp-json\/wp\/v2\/media\/7157"}],"wp:attachment":[{"href":"https:\/\/iotronx.com\/de\/wp-json\/wp\/v2\/media?parent=7155"}],"wp:term":[{"taxonomy":"product_brand","embeddable":true,"href":"https:\/\/iotronx.com\/de\/wp-json\/wp\/v2\/product_brand?post=7155"},{"taxonomy":"product_cat","embeddable":true,"href":"https:\/\/iotronx.com\/de\/wp-json\/wp\/v2\/product_cat?post=7155"},{"taxonomy":"product_tag","embeddable":true,"href":"https:\/\/iotronx.com\/de\/wp-json\/wp\/v2\/product_tag?post=7155"}],"curies":[{"name":"wp","href":"https:\/\/api.w.org\/{rel}","templated":true}]}}