{"id":7179,"date":"2025-07-13T17:30:15","date_gmt":"2025-07-13T17:30:15","guid":{"rendered":"http:\/\/iotronx.com\/izdelek\/sonoff-snzb-02wd-ip65-zigbee-lcd-pametni-senzor-temperature-vlage\/"},"modified":"2025-09-24T12:32:45","modified_gmt":"2025-09-24T12:32:45","slug":"sonoff-snzb-02wd-ip65-zigbee-lcd-smart-feuchtigkeit-temperatur-sensor","status":"publish","type":"product","link":"https:\/\/iotronx.com\/de\/product\/sonoff-snzb-02wd-ip65-zigbee-lcd-smart-feuchtigkeit-temperatur-sensor\/","title":{"rendered":"Sonoff SNZB-02WD IP65 Zigbee Temperatur- und Feuchtigkeitssensor mit LCD-Anzeige"},"content":{"rendered":"<p><h2>Sonoff SNZB-02WD<\/h2>\n<p> ist ein intelligenter Zigbee 3.0 Temperatur- und Feuchtigkeitssensor mit LCD-Display. Er wird verwendet, um die aktuellen Raumbedingungen aus der Ferne zu \u00fcberwachen und automatisch andere Zigbee- oder WiFi-Ger\u00e4te (wenn er mit einem Zigbee-Gateway verbunden ist) basierend auf den gemessenen Daten einzuschalten. Die Daten sind auch lokal auf dem LCD-Display sichtbar.<\/p>\n<p>In Kombination mit einer kompatiblen eWeLink Zigbee Bridge (z.B. Sonoff Zigbee Bridge, Sonoff Zigbee Bridge Pro oder SmartWise Zigbee Bridge Pro) kann sie WiFi- oder Zigbee-Ger\u00e4te \u00fcber die eWeLink Cloud steuern. Sie ist kompatibel mit den meisten Zigbee 3.0 Gateways wie SONOFF Zigbee Bridge Pro, SONOFF NSPanel Pro, SONOFF ZBDongle-P\/E, Alexa mit integriertem Zigbee-Hub usw. Sie funktioniert mit Alexa und Google Home - fragen Sie einfach nach und Sie wissen sofort die Temperatur oder Luftfeuchtigkeit.<\/p>\n<p>Das eingebaute Swiss Smart Hygrometer misst die Temperatur mit einer Genauigkeit von \u00b10,2\u00b0C\/\u00b10,4\u00b0F und die Luftfeuchtigkeit mit \u00b12% RH, wobei die Daten alle 5 Sekunden aktualisiert werden.<\/p>\n<p>Es unterst\u00fctzt eine einfache One-Touch-Verbindung \u00fcber die Sonoff Zigbee Bridge oder andere kompatible Zigbee-Gateways.<\/p>\n<p>Messen Sie Temperatur und Luftfeuchtigkeit in Echtzeit und synchronisieren Sie die Daten mit Ihrem Mobiltelefon, oder zeigen Sie sie direkt auf dem 2,5-Zoll-LCD-Display an.<\/p>\n<p>Sie k\u00f6nnen sofortige Warnungen f\u00fcr Ihr Telefon einstellen, wenn die Temperatur oder Luftfeuchtigkeit die Komfort-Einstellungen \u00fcberschreitet. Bis zu einem halben Jahr kostenloser Cloud-Speicher mit stundengenauen Daten, H\u00f6chst- und Tiefstwerten und der M\u00f6glichkeit, Dateien zu exportieren, ist verf\u00fcgbar.<\/p>\n<p><h3>Verbessern Sie den Komfort in Ihrem Zuhause:<\/h3>\n<p> M\u00f6chten Sie, dass in Ihrem Haus eine angenehme Temperatur und Luftfeuchtigkeit herrscht? Aktivieren Sie Smart Scene, um automatisch den Ventilator einzuschalten, wenn die Temperatur 28\u00baC erreicht, und den Luftbefeuchter, wenn die Luftfeuchtigkeit unter 45% RH liegt.<\/p>\n<p><h3>Schnelle und einfache Installation:<\/h3>\n<p> Das Produkt ist auf der Unterseite mit 3M-Klebeband versehen, das eine schnelle Befestigung an jeder Oberfl\u00e4che im Haus erm\u00f6glicht. Die R\u00fcckseite ist magnetisch, so dass Sie es auch am K\u00fchlschrank befestigen k\u00f6nnen, und es wird mit einem St\u00e4nder geliefert, um es auf einem Regal oder Tisch zu montieren.<\/p>\n<p><h3>Warnung bei niedrigem Batteriestand:<\/h3>\n<p> Sie erhalten eine Warnung, wenn der Akkustand unter 10 % liegt.<\/p>\n<p>Geben Sie den Sensor einfach an Ihre Familie weiter, damit diese die Temperatur und Luftfeuchtigkeit auf ihren Telefonen \u00fcberwachen kann, ohne dass sie eine zus\u00e4tzliche Verbindung herstellen m\u00fcssen.<\/p>\n<p><h3>Produktmerkmale:<\/h3>\n<\/p>\n<ul>\n<li><strong>Fernsteuerung von ZigBee- und Wi-Fi-Ger\u00e4ten \u00fcber die eWeLink-App durch ein kompatibles ZigBee-Gateway.<\/strong><\/li>\n<li><strong>Kompatibel mit anderen von der ZigBee Alliance zertifizierten Ger\u00e4ten.<\/strong><\/li>\n<li><strong>2,5-Zoll-LCD-Bildschirm.<\/strong><\/li>\n<li><strong>Stromversorgung durch eine CR2450 (3V) Batterie, nicht im Lieferumfang enthalten.<\/strong><\/li>\n<li><strong>Regelt die Raumtemperatur und die Luftfeuchtigkeit.<\/strong><\/li>\n<li><strong>Synchronisiert reale Messungen mit der App.<\/strong><\/li>\n<li><strong>Erm\u00f6glicht die Ausl\u00f6sung von Wi-Fi-Ger\u00e4ten in intelligenten Szenen.<\/strong><\/li>\n<li><strong>F\u00fcgen Sie eine Kamera hinzu, um Ereignisse in Ihrem Haus zu \u00fcberwachen.<\/strong><\/li>\n<li><strong>Sie erhalten Warnungen zu festgelegten Grenzwerten.<\/strong><\/li>\n<li><strong>Warnung bei niedrigem Batteriestand.<\/strong><\/li>\n<li><strong>Schnelle und einfache Installation.<\/strong><\/li>\n<\/ul>","protected":false},"excerpt":{"rendered":"<p>Der Sonoff SNZB-02WD ist ein intelligenter Zigbee 3.0 Temperatur- und Feuchtigkeitssensor mit LCD-Display. Er kann verwendet werden, um die aktuellen Raumbedingungen aus der Ferne zu \u00fcberwachen und automatisch auf andere Zigbee-Ger\u00e4te oder (sogar WiFi, wenn er mit einem Zigbee-Anschluss verwendet wird) basierend auf den gemessenen Daten umzuschalten.<\/p>","protected":false},"featured_media":7181,"template":"","meta":{"_acf_changed":false},"product_brand":[120],"product_cat":[136,126,96],"product_tag":[],"class_list":{"0":"post-7179","1":"product","2":"type-product","3":"status-publish","4":"has-post-thumbnail","6":"product_brand-sonoff","7":"product_cat-ewelink","8":"product_cat-zigbee","9":"product_cat-pametno-ogrevanje-in-hlajenje","11":"first","12":"instock","13":"sale","14":"taxable","15":"shipping-taxable","16":"purchasable","17":"product-type-simple"},"acf":[],"_links":{"self":[{"href":"https:\/\/iotronx.com\/de\/wp-json\/wp\/v2\/product\/7179","targetHints":{"allow":["GET"]}}],"collection":[{"href":"https:\/\/iotronx.com\/de\/wp-json\/wp\/v2\/product"}],"about":[{"href":"https:\/\/iotronx.com\/de\/wp-json\/wp\/v2\/types\/product"}],"wp:featuredmedia":[{"embeddable":true,"href":"https:\/\/iotronx.com\/de\/wp-json\/wp\/v2\/media\/7181"}],"wp:attachment":[{"href":"https:\/\/iotronx.com\/de\/wp-json\/wp\/v2\/media?parent=7179"}],"wp:term":[{"taxonomy":"product_brand","embeddable":true,"href":"https:\/\/iotronx.com\/de\/wp-json\/wp\/v2\/product_brand?post=7179"},{"taxonomy":"product_cat","embeddable":true,"href":"https:\/\/iotronx.com\/de\/wp-json\/wp\/v2\/product_cat?post=7179"},{"taxonomy":"product_tag","embeddable":true,"href":"https:\/\/iotronx.com\/de\/wp-json\/wp\/v2\/product_tag?post=7179"}],"curies":[{"name":"wp","href":"https:\/\/api.w.org\/{rel}","templated":true}]}}