{"id":7199,"date":"2025-07-13T17:30:15","date_gmt":"2025-07-13T17:30:15","guid":{"rendered":"http:\/\/iotronx.com\/izdelek\/sonoff-zigbee-senzor-uhajanja-vode-snzb-05p\/"},"modified":"2025-09-24T12:31:07","modified_gmt":"2025-09-24T12:31:07","slug":"sonoff-zigbee-wasserlecksensor-snzb-05p","status":"publish","type":"product","link":"https:\/\/iotronx.com\/de\/product\/sonoff-zigbee-wasserlecksensor-snzb-05p\/","title":{"rendered":"Sonoff SNZB-05P Zigbee-Sensor f\u00fcr Wasser\u00fcberlauf\/\u00dcberschwemmung"},"content":{"rendered":"<p style=\"text-align: justify\">Sonoff SNZB-05P ist <strong>Zigbee-Sensor f\u00fcr Wasserleckagen und \u00dcberschwemmungen<\/strong>ist ein kleiner Smart-Home-Sensor, der das Zigbee 3.0-Protokoll verwendet, um \u00fcber das Zigbee 3.0-Gateway Alarme zu senden und automatische Szenen auszul\u00f6sen. Dank seiner geringen Gr\u00f6\u00dfe l\u00e4sst er sich leicht auf dem Boden in der N\u00e4he von Heizkesseln, Heizk\u00f6rpern, Waschmaschinen, Geschirrsp\u00fclern und anderen Stellen, die anf\u00e4llig f\u00fcr Versch\u00fcttungen und Lecks sind, platzieren. Der Sensor erkennt Wasser mit einer Dicke von nur 0,5 mm und ist so konzipiert, dass er auch auf Metalloberfl\u00e4chen funktioniert (keine Fehlalarme). Der Sensor kann in zwei Positionen verwendet werden: Er erkennt Wasser auf dem Boden, wenn er nach unten zeigt, und Tropfwasser (dank seines konkaven Designs), wenn er nach oben zeigt.<\/p>\n<p style=\"text-align: justify\">Wassersch\u00e4den bleiben oft unbemerkt, bis es zu sp\u00e4t ist. Der SONOFF SNZB-05P Wasserleckdetektor erkennt Lecks in Echtzeit und sendet sofortige Benachrichtigungen \u00fcber die eWeLink-App. Au\u00dferdem k\u00f6nnen bei einem Ausfall des Wi-Fi-Netzwerks lokale Zigbee-Szenen auf kompatiblen Zigbee-Gateways (z. B. Sonoff Zigbee Bridge Ultra) Sprachalarme ausl\u00f6sen. Er unterst\u00fctzt auch E-Mail-Benachrichtigungen (mit eWeLink Advanced-Abonnement) und SMS-Benachrichtigungen (mit eWeLink Advanced-Abonnement und IFTTT-Einrichtung). Mehrere Benachrichtigungen erm\u00f6glichen ein schnelles Handeln, um kostspielige Sch\u00e4den und Schimmelbildung zu verhindern. Der Sensor sendet w\u00e4hrend eines Leckereignisses alle zehn Minuten einen Alarm, um zu verhindern, dass ein Alarm aufgrund von Netzwerkschwankungen verpasst wird, und um die Sicherheit Ihrer Immobilie zu gew\u00e4hrleisten.<\/p>\n<p style=\"text-align: justify\">Durch die Kommunikation \u00fcber ein eWeLink Zigbee-Gateway, wie die Sonoff Zigbee Bridge Pro, \u00fcbertr\u00e4gt es Daten an die eWeLink-Cloud und kann zur Verwaltung anderer Sonoff- oder SmartWise WiFi- und eWeLink-Ger\u00e4te auf der Grundlage ausgel\u00f6ster Alarme verwendet werden.<\/p>\n<p style=\"text-align: justify\">Es ist kompatibel mit SONOFF NSPanel Pro, SONOFF iHost, SONOFF ZB Bridge \/ ZB Bridge-P \/ ZB Bridge-U und anderen Zigbee 3.0 Gateways wie z.B. Aeotec SmartThings Hub v3. Es kann auch einfach zu einem Home Assistant Hausautomationssystem mit ZHA oder Zigbee2MQTT hinzugef\u00fcgt werden (Zigbee Adapter erforderlich, z.B. SONOFF ZBDongle-P \/ ZBDongle-E).<\/p>\n<blockquote>\n<p><strong>Was ist das Zigbee-Protokoll?<\/strong><\/p>\n<p style=\"text-align: justify\">Die meisten Sonoff-Ger\u00e4te verwenden Wi-Fi und RF als Kommunikationsmethoden, was die Produkte im Vergleich zu anderen Smart-Home-Technologien erschwinglich macht, aber dies sind keine IoT-spezifischen Standards.<\/p>\n<p style=\"text-align: justify\"><strong>Zigbee<\/strong> ist die ideale Kommunikationsl\u00f6sung speziell f\u00fcr <strong>f\u00fcr Niedrigenergieanlagen<\/strong>wo es nicht auf eine gro\u00dfe Daten\u00fcbertragung, sondern auf eine m\u00f6glichst geringe Zeitverz\u00f6gerung ankommt. Zigbee ist eine gute Wahl f\u00fcr batteriebetriebene Sensoren oder Fernbedienungen, da Zigbee im Vergleich zu Wi-Fi eine um ein Vielfaches l\u00e4ngere Laufzeit bietet. Zigbee-Sensoren k\u00f6nnen nicht eigenst\u00e4ndig verwendet werden, sondern es wird ein Zigbee-Gateway ben\u00f6tigt, um sie mit einem Heim- oder B\u00fcronetzwerk zu verbinden.<\/p>\n<p>Die Zigbee-Technologie erm\u00f6glicht es, sehr schnell und einfach eine Verbindung zu Zigbee-Ger\u00e4ten herzustellen, viel schneller als Wi-Fi.<\/p>\n<\/blockquote>\n<p style=\"text-align: justify\">Es kann auch mit dem separat erh\u00e4ltlichen Leckageerkennungskabel verwendet werden, das sich f\u00fcr die Erkennung von Lecks in weiten Bereichen oder f\u00fcr die Kontrolle in engen Bereichen eignet, ideal f\u00fcr die \u00dcberwachung von Kellern, Waschk\u00fcchen und unter Waschbecken. Das Verl\u00e4ngerungskabel kann in Reihe geschaltet werden, ohne dass die Gesamtl\u00e4nge begrenzt ist.<\/p>\n<p style=\"text-align: justify\">Er wird mit einer CR2477-Batterie betrieben, die eine Betriebsdauer von mehr als 5 Jahren erm\u00f6glicht, so dass ein h\u00e4ufiger Batteriewechsel nicht erforderlich ist. Er ist nach IP67 wasser- und staubgesch\u00fctzt, was einen Schutz gegen kurzzeitiges Untertauchen und einen zuverl\u00e4ssigen Betrieb in nassen und staubigen Umgebungen gew\u00e4hrleistet. Der Sensor ist mit Goldelektroden f\u00fcr erh\u00f6hte Korrosionsbest\u00e4ndigkeit ausgestattet und besteht aus UV-best\u00e4ndigen Materialien, um eine Verf\u00e4rbung mit der Zeit zu verhindern.<\/p>\n<p><strong>Produktmerkmale:<\/strong><\/p>\n<ul>\n<li>Protokoll: Zigbee 3.0<\/li>\n<li>Die Zigbee-Technologie erm\u00f6glicht eine Daten\u00fcbertragung \u00fcber gro\u00dfe Entfernungen, und mit der Zigbee-Mesh-Technologie kann dies noch weiter ausgebaut werden.<\/li>\n<li>Kompatibel mit Sonoff Zigbee-Gateways und den meisten anderen Standard-Zigbee-3.0-Gateways von Drittanbietern.<\/li>\n<li>Stromversorgung durch 1 CR2477-Batterie (nicht im Lieferumfang enthalten) (Lebensdauer der Batterie bis zu 5 Jahre).<\/li>\n<li>Das Leckageerkennungskabel ist nicht im Lieferumfang enthalten. Ein solches Kabel (2 Meter lang) kann als separates Produkt erworben werden.<\/li>\n<li>Betriebstemperatur: -10\u00b0C bis 60\u00b0C<\/li>\n<li>Luftfeuchtigkeit im Betrieb: 0% - 100% RH<\/li>\n<li>Sensorgr\u00f6\u00dfe: 4,8 cm x 4,8 cm x 2,2 cm<\/li>\n<li>Modell: SNZB-05P<\/li>\n<\/ul>","protected":false},"excerpt":{"rendered":"<p>Der Sonoff SNZB-05P ist ein batteriebetriebener Wasserleck- und \u00dcberschwemmungsmelder, der das Zigbee 3.0 Smart Home-Protokoll zur Kommunikation nutzt. Der Sensor kann in zwei Positionen verwendet werden. Er erkennt Wasser auf dem Boden, wenn der Sensor nach unten gerichtet ist, und er erkennt tropfendes Wasser, wenn der Sensor nach oben gerichtet ist.<\/p>","protected":false},"featured_media":7201,"template":"","meta":{"_acf_changed":false},"product_brand":[120],"product_cat":[136,135,126,121],"product_tag":[],"class_list":{"0":"post-7199","1":"product","2":"type-product","3":"status-publish","4":"has-post-thumbnail","6":"product_brand-sonoff","7":"product_cat-ewelink","8":"product_cat-pametni-zalivalni-sistemi","9":"product_cat-zigbee","10":"product_cat-protipoplavna-zascita","12":"first","13":"instock","14":"sale","15":"taxable","16":"shipping-taxable","17":"purchasable","18":"product-type-simple"},"acf":[],"_links":{"self":[{"href":"https:\/\/iotronx.com\/de\/wp-json\/wp\/v2\/product\/7199","targetHints":{"allow":["GET"]}}],"collection":[{"href":"https:\/\/iotronx.com\/de\/wp-json\/wp\/v2\/product"}],"about":[{"href":"https:\/\/iotronx.com\/de\/wp-json\/wp\/v2\/types\/product"}],"wp:featuredmedia":[{"embeddable":true,"href":"https:\/\/iotronx.com\/de\/wp-json\/wp\/v2\/media\/7201"}],"wp:attachment":[{"href":"https:\/\/iotronx.com\/de\/wp-json\/wp\/v2\/media?parent=7199"}],"wp:term":[{"taxonomy":"product_brand","embeddable":true,"href":"https:\/\/iotronx.com\/de\/wp-json\/wp\/v2\/product_brand?post=7199"},{"taxonomy":"product_cat","embeddable":true,"href":"https:\/\/iotronx.com\/de\/wp-json\/wp\/v2\/product_cat?post=7199"},{"taxonomy":"product_tag","embeddable":true,"href":"https:\/\/iotronx.com\/de\/wp-json\/wp\/v2\/product_tag?post=7199"}],"curies":[{"name":"wp","href":"https:\/\/api.w.org\/{rel}","templated":true}]}}