{"id":7228,"date":"2025-07-13T17:31:23","date_gmt":"2025-07-13T17:31:23","guid":{"rendered":"http:\/\/iotronx.com\/izdelek\/sonoff-wts01-vodoodporni-temperaturni-senzor-s-prikljuckom-rj9-4p4c\/"},"modified":"2025-08-07T22:21:32","modified_gmt":"2025-08-07T22:21:32","slug":"sonoff-wts01-wasserdichter-temperatursensor-mit-rj9-4p4c-stecker","status":"publish","type":"product","link":"https:\/\/iotronx.com\/de\/product\/sonoff-wts01-wasserdichter-temperatursensor-mit-rj9-4p4c-stecker\/","title":{"rendered":"Sonoff WTS01 wasserdichter Temperaturf\u00fchler (mit RJ9 4P4C Stecker)"},"content":{"rendered":"<p><strong>Sonoff WTS01<\/strong> ist ein wasserdichter Temperatursensor, der mit den intelligenten Relaisschaltern TH16R3 und TH20R3 von Sonoff kompatibel ist. Aufgrund seiner wasserdichten Ausf\u00fchrung funktioniert er zuverl\u00e4ssig in nassen Umgebungen, z. B. in Wassertanks, Aquarien, K\u00fchlh\u00e4usern, Schwimmb\u00e4dern usw. Der Sensor ist aus Edelstahl gefertigt, hat eine lange Lebensdauer und eine hohe Empfindlichkeit gegen\u00fcber Temperatur\u00e4nderungen.<\/p>\n<p><strong>Dies ist eine neue, verbesserte Version des Sonoff DS18B20 Sensors<\/strong>Kompatibel mit dem 5-Meter-Verl\u00e4ngerungskabel RL560.<\/p>\n<p>Temperaturbereich von -55\u2103 bis 125\u2103, bleibt auch bei extrem hohen und niedrigen Temperaturen zuverl\u00e4ssig.<\/p>\n<p>Kosteng\u00fcnstiger Sensor f\u00fcr die Integration mit intelligenten Sonoff-Relais, die ein automatisches Ein- und Ausschalten auf Temperaturbasis erm\u00f6glichen. Der Sensor verf\u00fcgt \u00fcber einen RJ9-Anschluss, der den Anschl\u00fcssen der Sonoff TH16 R3 \/ TH20 R3-Relais entspricht.<\/p>\n<p><\/p>\n<p>Mit der eWeLink-App k\u00f6nnen Sie temperaturabh\u00e4ngige Einstellungen vornehmen, die das automatische Ein- und Ausschalten der Relais TH16 und TH20 oder anderer angeschlossener Relais, wie z. B. der intelligenten Steckdose S26, ausl\u00f6sen. Die ideale Wahl f\u00fcr die Steuerung von Ventilatoren, elektrischen Heizungen, Heizk\u00f6rpern, Luftbefeuchtern, Luftentfeuchtern, Klimaanlagen, Sprinklern und Aquarien.<\/p>\n<p>Gesamtl\u00e4nge des Sonoff WTS01 Temperatursensors (vom Stecker bis zum Rand des Sensors): ca. 150 cm.<\/p>\n<p>Diese neue Version ist mit dem Sonoff RL560 Verl\u00e4ngerungskabel kompatibel.<\/p>\n<p><\/p>\n<p><strong>Der wasserdichte Sonoff-Temperatursensor WTS01 wird f\u00fcr die folgenden Produkte empfohlen: TH16 Origin, TH16 Elite, TH20 Origin, TH220 Elite.<\/strong><\/p>","protected":false},"excerpt":{"rendered":"<p>Wasserdichter Temperatursensor f\u00fcr Innen und Au\u00dfen, kompatibel mit TH16 Origin, TH16 Elite, TH20 Origin, TH220 Elite. Der Sonoff WTS01 ist eine neue Version des DS18B20-Sensors, der \u00fcber ein verl\u00e4ngertes Kabel (150 cm) und einen RJ9 4P4C-Stecker verf\u00fcgt und mit dem 5-m-Verl\u00e4ngerungskabel RL560 kompatibel ist.<\/p>","protected":false},"featured_media":7230,"template":"","meta":{"_acf_changed":false},"product_brand":[120],"product_cat":[136,96],"product_tag":[],"class_list":{"0":"post-7228","1":"product","2":"type-product","3":"status-publish","4":"has-post-thumbnail","6":"product_brand-sonoff","7":"product_cat-ewelink","8":"product_cat-pametno-ogrevanje-in-hlajenje","10":"first","11":"instock","12":"sale","13":"taxable","14":"shipping-taxable","15":"purchasable","16":"product-type-simple"},"acf":[],"_links":{"self":[{"href":"https:\/\/iotronx.com\/de\/wp-json\/wp\/v2\/product\/7228","targetHints":{"allow":["GET"]}}],"collection":[{"href":"https:\/\/iotronx.com\/de\/wp-json\/wp\/v2\/product"}],"about":[{"href":"https:\/\/iotronx.com\/de\/wp-json\/wp\/v2\/types\/product"}],"wp:featuredmedia":[{"embeddable":true,"href":"https:\/\/iotronx.com\/de\/wp-json\/wp\/v2\/media\/7230"}],"wp:attachment":[{"href":"https:\/\/iotronx.com\/de\/wp-json\/wp\/v2\/media?parent=7228"}],"wp:term":[{"taxonomy":"product_brand","embeddable":true,"href":"https:\/\/iotronx.com\/de\/wp-json\/wp\/v2\/product_brand?post=7228"},{"taxonomy":"product_cat","embeddable":true,"href":"https:\/\/iotronx.com\/de\/wp-json\/wp\/v2\/product_cat?post=7228"},{"taxonomy":"product_tag","embeddable":true,"href":"https:\/\/iotronx.com\/de\/wp-json\/wp\/v2\/product_tag?post=7228"}],"curies":[{"name":"wp","href":"https:\/\/api.w.org\/{rel}","templated":true}]}}