{"id":7232,"date":"2025-07-13T17:31:23","date_gmt":"2025-07-13T17:31:23","guid":{"rendered":"http:\/\/iotronx.com\/izdelek\/sonoff-s60-wifi-pametni-vtic-z-nadzorom-energije\/"},"modified":"2025-08-07T22:21:32","modified_gmt":"2025-08-07T22:21:32","slug":"sonoff-s60-wifi-smart-plug-mit-energieuberwachung","status":"publish","type":"product","link":"https:\/\/iotronx.com\/de\/product\/sonoff-s60-wifi-smart-plug-mit-energieuberwachung\/","title":{"rendered":"Sonoff S60 WiFi smart socket mit Stromz\u00e4hler"},"content":{"rendered":"<p style=\"text-align: justify\">Sonoff S60 ist <strong>letzte Version<\/strong> Bei den beliebten WiFi-Steckdosen handelt es sich um die EU-Standardversion (Typ F). <strong>Im Vergleich zur Vorg\u00e4ngerversion bietet es Leistungsmessung und \u00dcberspannungsschutz.<\/strong> Er hat eine kleine, kompakte Gr\u00f6\u00dfe und einen integrierten ESP32-C3-Chip.<\/p>\n<p style=\"text-align: justify\">Kot Plug &#038; Play re\u0161itev enostavno spremeni tradicionalno stensko vti\u010dnico v pametno vti\u010dnico, ki jo lahko upravljate na daljavo preko aplikacije eWeLink (za iOS ali Android pametne telefone). Lahko nastavite enkratne in ponavljajo\u010de se urnike za vklop\/izklop, \u010dasovnik in zanko, nastavite stanje ob vklopu (VKLJU\u010cENO \/ IZKLJU\u010cENO \/ ZADNJE STANJE), podprti so tudi samodejni vklop in izklop (inching funkcija).<\/p>\n<p style=\"text-align: justify\">Das Ger\u00e4t speichert 6 Monate lang Stromverbrauchsdaten in Intervallen (pro Stunde) in der eWeLink-Cloud, zeigt eine Grafik des Verbrauchs in der App an, und die Verbrauchsdaten k\u00f6nnen auch heruntergeladen werden.<\/p>\n<p style=\"text-align: justify\">Die App zeigt den aktuellen Strom (A), die Spannung (V), die Leistung (W) und den Verbrauch (kWh) f\u00fcr den aktuellen Tag, den Vortag und den gesamten Monat an. Es ist auch m\u00f6glich, eine Szene mit der folgenden Bedingung zu erstellen: wenn die aktuelle Leistung, der t\u00e4gliche oder monatliche Verbrauch h\u00f6her ist als der eingestellte Wert (z. B. wenn der monatliche Verbrauch 39,99 kWh \u00fcbersteigt, wird die Steckdose ausgeschaltet und eine Benachrichtigung gesendet \"Monatliche Verbrauchsgrenze von 40 kWh erreicht\").<\/p>\n<p style=\"text-align: justify\">Das Ger\u00e4t verf\u00fcgt au\u00dferdem \u00fcber eine physische Ein\/Aus-Taste, die eine einfache Bedienung direkt am Ger\u00e4t erm\u00f6glicht. Der Fernzugriff kann auch mit Familienmitgliedern oder anderen Benutzern geteilt werden. Ideal f\u00fcr die intelligente Steuerung von Haushalts- und B\u00fcroger\u00e4ten. Erm\u00f6glicht das bequeme Ein- und Ausschalten von Ger\u00e4ten aus der Ferne sowie die Einstellung von Zeitschaltuhren, um Energie und Geld zu sparen.<\/p>\n<p>Maximale Leistung der intelligenten Steckdose Sonoff S60: 4000 W (16 A), geeignet f\u00fcr die Steuerung von Elektroheizungen und anderen leistungsstarken Ger\u00e4ten.<\/p>\n<p>Es unterst\u00fctzt auch Impulsschalter\/Zeitabschaltung.<\/p>\n<p class=\"p\"><\/p>\n<p class=\"p\"><strong>Produktmerkmale:<\/strong><\/p>\n<ul>\n<li><strong>Ausgezeichnete Haltbarkeit<\/strong> - unterst\u00fctzt hohe Strom- und Leistungswerte, stabiler Betrieb \u00fcber lange Zeitr\u00e4ume (bis zu 4000 W\/16A).<\/li>\n<li><strong>EU-Version<\/strong> - entspricht den EU-Normen, CE-zertifiziert.<\/li>\n<li><strong>Fernbedienung ein\/aus<\/strong> - k\u00f6nnen Sie Ihre Ger\u00e4te jederzeit und \u00fcberall ein- und ausschalten.<\/li>\n<li><strong>Aktuellen Status anzeigen<\/strong> - das tats\u00e4chliche Ein- und Ausschalten der intelligenten Steckdose \u00fcberwachen.<\/li>\n<li><strong>Mobile App<\/strong> - Kostenlose eWeLink-App f\u00fcr iOS und Android.<\/li>\n<li><strong>\u00dcberwachung der Situation<\/strong> - den Status der Steckdose in der mobilen App \u00fcberpr\u00fcfen.<\/li>\n<li><strong>Planung<\/strong> - verschiedene Timer: einmalig, w\u00f6chentlich wiederkehrend, Countdown-Timer, Schleife.<\/li>\n<li><strong>Gemeinsame Kontrolle<\/strong> - Verwaltung Ihres Ger\u00e4ts mit Familienmitgliedern.<\/li>\n<li><strong>Leitung der Gruppe<\/strong> - gruppieren Sie \u00e4hnliche Ger\u00e4te und steuern Sie sie mit einer Ber\u00fchrung.<\/li>\n<li><strong>Schauplatz<\/strong> - gleichzeitiges Ein- und Ausschalten mehrerer Ger\u00e4te.<\/li>\n<li><strong>Clevere Szenen<\/strong> - ausgel\u00f6st durch Temperatur-, Feuchtigkeits-, Bewegungs- oder andere Sensoren (separat erh\u00e4ltlich).<\/li>\n<li><strong>Kompatibilit\u00e4t<\/strong> - funktioniert mit Amazon Alexa, Google Assistant, IFTTT und Google Nest.<\/li>\n<li><strong>6-monatiger Verbrauchsverlauf<\/strong> - st\u00fcndliche Verbrauchsdaten, die in Excel exportiert werden k\u00f6nnen.<\/li>\n<li><strong>Anzeige der elektrischen Parameter<\/strong> - Echtzeit\u00fcberwachung von Leistung, Strom, Spannung und kumuliertem Verbrauch in der App.<\/li>\n<li><strong>Benachrichtigungen, wenn der Verbrauch festgelegt wird<\/strong> - Senden von Push-Benachrichtigungen, wenn Sie Ihren t\u00e4glichen oder monatlichen Verbrauch oder Ihre tats\u00e4chliche Leistung \u00fcberschreiten.<\/li>\n<li><strong>\u00dcberlastungsschutz (OPS)<\/strong> - einstellbare Schwellenwerte f\u00fcr Leistung, Strom und Spannung; das Ger\u00e4t schaltet sich zum Schutz ab.<\/li>\n<li><strong>Zus\u00e4tzlicher Blitz- und \u00dcberspannungsschutz<\/strong> - sofortige Abschaltung von Hochspannungen bei Gewitter (Teilschutz).<\/li>\n<li><strong>Interner Kurzschlussschutz<\/strong> - automatisches Ausl\u00f6sen von Sicherungen im Falle eines Fehlers.<\/li>\n<li><strong>Lange Lebensdauer der Relais<\/strong> - bis zu 40.000 Umschaltungen.<\/li>\n<li><strong>Schutz der Kinder<\/strong> - verhindert, dass Finger oder Gegenst\u00e4nde in die Steckdosen\u00f6ffnungen eingef\u00fchrt werden.<\/li>\n<\/ul>","protected":false},"excerpt":{"rendered":"<p>Der Sonoff S60 ist eine neuere Version des intelligenten Steckers Sonoff S26 R2 mit Strommess- und \u00dcberspannungsschutzfunktionen in einem kleinen, kompakten Format.<\/p>","protected":false},"featured_media":7234,"template":"","meta":{"_acf_changed":false},"product_brand":[120],"product_cat":[136,128,94,91],"product_tag":[],"class_list":{"0":"post-7232","1":"product","2":"type-product","3":"status-publish","4":"has-post-thumbnail","6":"product_brand-sonoff","7":"product_cat-ewelink","8":"product_cat-wi-fi","9":"product_cat-vticnice","10":"product_cat-nadzor-porabe-energije","12":"first","13":"instock","14":"sale","15":"taxable","16":"shipping-taxable","17":"purchasable","18":"product-type-simple"},"acf":[],"_links":{"self":[{"href":"https:\/\/iotronx.com\/de\/wp-json\/wp\/v2\/product\/7232","targetHints":{"allow":["GET"]}}],"collection":[{"href":"https:\/\/iotronx.com\/de\/wp-json\/wp\/v2\/product"}],"about":[{"href":"https:\/\/iotronx.com\/de\/wp-json\/wp\/v2\/types\/product"}],"wp:featuredmedia":[{"embeddable":true,"href":"https:\/\/iotronx.com\/de\/wp-json\/wp\/v2\/media\/7234"}],"wp:attachment":[{"href":"https:\/\/iotronx.com\/de\/wp-json\/wp\/v2\/media?parent=7232"}],"wp:term":[{"taxonomy":"product_brand","embeddable":true,"href":"https:\/\/iotronx.com\/de\/wp-json\/wp\/v2\/product_brand?post=7232"},{"taxonomy":"product_cat","embeddable":true,"href":"https:\/\/iotronx.com\/de\/wp-json\/wp\/v2\/product_cat?post=7232"},{"taxonomy":"product_tag","embeddable":true,"href":"https:\/\/iotronx.com\/de\/wp-json\/wp\/v2\/product_tag?post=7232"}],"curies":[{"name":"wp","href":"https:\/\/api.w.org\/{rel}","templated":true}]}}