{"id":7305,"date":"2025-07-13T17:31:23","date_gmt":"2025-07-13T17:31:23","guid":{"rendered":"http:\/\/iotronx.com\/izdelek\/sonoff-micro-5v-usb-wi-fi\/"},"modified":"2025-08-07T22:21:32","modified_gmt":"2025-08-07T22:21:32","slug":"sonoff-micro-5v-usb-wi-fi","status":"publish","type":"product","link":"https:\/\/iotronx.com\/de\/product\/sonoff-micro-5v-usb-wi-fi\/","title":{"rendered":"Sonoff MICRO 5V USB Wi-Fi"},"content":{"rendered":"<p>Der Sonoff MICRO ist ein cleveres kleines SONOFF-Produkt, das 5V DC USB-Strom ein- und ausschalten kann. Es kann verwendet werden, um kleine USB-Ger\u00e4te wie USB-Handy-Ladeger\u00e4te, LED-Leisten, USB-Desktop-L\u00fcfter, USB-Schreibtischlampen, USB-Wasserpumpen intelligent zu steuern.<\/p>\n<p>SONOFF Micro ist Sonoffs intelligenter USB-Adapter mit 5-V-Eingang und -Ausgang, der USB-Ger\u00e4te intelligent macht und Komfort und Sicherheit beim Laden von USB-Ger\u00e4ten bietet.<\/p>\n<p>Schlie\u00dfen Sie einfach Ihre USB-Ger\u00e4te an und Sie k\u00f6nnen sie \u00fcber die eWeLink-App oder mit Alexa und Google Home steuern. Seine geringe Gr\u00f6\u00dfe ist vergleichbar mit einem normalen USB-Netzadapter, sodass Sie ihn problemlos \u00fcberallhin mitnehmen k\u00f6nnen.<\/p>\n<p><strong>Produktmerkmale:<\/strong><\/p>\n<p>\u3010Gr\u00f6\u00dfe f\u00fcr die Hosentasche\u3011Ein sehr kleines Ger\u00e4t, das Sie leicht mitnehmen und \u00fcberall verwenden k\u00f6nnen.<br \/>\nAnschlie\u00dfen und nutzen, smart in Sekunden\u3011SONOFF Micro USB Smart Adapter macht Ihre gew\u00f6hnlichen USB-Ger\u00e4te smart. Mit der eWeLink-App k\u00f6nnen Sie alle Ihre SONOFF-Ger\u00e4te \u00fcberall mit einer Ber\u00fchrung auf iOS- und Android-Smartphones steuern, ohne Entfernungsbeschr\u00e4nkungen.<br \/>\n\u3010Handfreie Sprachsteuerung\u3011SONOFF smart WiFi USB Adapter ist kompatibel mit Amazon Alexa (Amazon Echo\/Echo Dot\/Amazon Tap), Google Home Assistant, SmartThings und Alice. Er erm\u00f6glicht die Sprachsteuerung von USB-Heimger\u00e4ten f\u00fcr ein komplett freih\u00e4ndiges Erlebnis.<br \/>\n\u3010Smart Scenes\u3011Triggern Sie andere intelligente Ger\u00e4te zum automatischen Ein- und Ausschalten oder gruppieren Sie mehrere Ger\u00e4te zusammen und steuern Sie sie gleichzeitig mit einer Ber\u00fchrung. Es gibt verschiedene Bedingungen wie Sonnenaufgang und Sonnenuntergang, Zeitpl\u00e4ne und andere intelligente Szenen zu entdecken.<br \/>\n\u3010Timer-Planung\u3011 Durch die Einstellung von Timern oder Zeitpl\u00e4nen in der eWeLink-App k\u00f6nnen die USB-LED-Streifen automatisch zu einer bestimmten Zeit ein- oder ausgeschaltet werden. Automatisieren Sie Ihre Ger\u00e4te wie USB-Lampen, Ventilatoren, Wasserpumpen, etc.<br \/>\n\u3010LAN-Verwaltung\u3011LAN-Verwaltung erm\u00f6glicht es Ihnen, das Ger\u00e4t \u00fcber Ihr Telefon zu steuern, auch wenn das Ger\u00e4t nicht mit dem Server verbunden ist.<\/p>\n<p><strong>Unterst\u00fctzt:<\/strong><\/p>\n<ul>\n<li>eWeLink Smart App f\u00fcr Android und iOS,<\/li>\n<li>Synchronisation und Anzeige des aktuellen Ein\/Aus-Status in der App,<\/li>\n<li>Fernsteuerung \u00fcber die eWeLink-App,<\/li>\n<li>Sprachsteuerung mit Google Assistant und Alexa,<\/li>\n<li>Einstellungen f\u00fcr Ein\/Aus-Zeitpl\u00e4ne,<\/li>\n<li>ein intelligentes Skript in der eWeLink-App,<\/li>\n<li>die Kontrolle mit anderen zu teilen,<\/li>\n<li>LAN-Verwaltung,<\/li>\n<li>Standardzustand nach dem Einschalten der Stromversorgung.<\/li>\n<\/ul>","protected":false},"excerpt":{"rendered":"<p>Das Sonoff MICRO ist ein kleines intelligentes Produkt von SONOFF, das 5V DV USB-Strom schalten kann. Es kann verwendet werden, um kleine USB-Ger\u00e4te wie USB-Handy-Ladeger\u00e4te, LED-Lichtleisten, USB-Desktop-L\u00fcfter, USB-Schreibtischlampen, USB-Wasserpumpen intelligent zu steuern.<\/p>","protected":false},"featured_media":7307,"template":"","meta":{"_acf_changed":false},"product_brand":[120],"product_cat":[136,128,95],"product_tag":[],"class_list":{"0":"post-7305","1":"product","2":"type-product","3":"status-publish","4":"has-post-thumbnail","6":"product_brand-sonoff","7":"product_cat-ewelink","8":"product_cat-wi-fi","9":"product_cat-stikala","11":"first","12":"instock","13":"sale","14":"taxable","15":"shipping-taxable","16":"purchasable","17":"product-type-simple"},"acf":[],"_links":{"self":[{"href":"https:\/\/iotronx.com\/de\/wp-json\/wp\/v2\/product\/7305","targetHints":{"allow":["GET"]}}],"collection":[{"href":"https:\/\/iotronx.com\/de\/wp-json\/wp\/v2\/product"}],"about":[{"href":"https:\/\/iotronx.com\/de\/wp-json\/wp\/v2\/types\/product"}],"wp:featuredmedia":[{"embeddable":true,"href":"https:\/\/iotronx.com\/de\/wp-json\/wp\/v2\/media\/7307"}],"wp:attachment":[{"href":"https:\/\/iotronx.com\/de\/wp-json\/wp\/v2\/media?parent=7305"}],"wp:term":[{"taxonomy":"product_brand","embeddable":true,"href":"https:\/\/iotronx.com\/de\/wp-json\/wp\/v2\/product_brand?post=7305"},{"taxonomy":"product_cat","embeddable":true,"href":"https:\/\/iotronx.com\/de\/wp-json\/wp\/v2\/product_cat?post=7305"},{"taxonomy":"product_tag","embeddable":true,"href":"https:\/\/iotronx.com\/de\/wp-json\/wp\/v2\/product_tag?post=7305"}],"curies":[{"name":"wp","href":"https:\/\/api.w.org\/{rel}","templated":true}]}}