{"id":7317,"date":"2025-07-13T17:32:13","date_gmt":"2025-07-13T17:32:13","guid":{"rendered":"http:\/\/iotronx.com\/izdelek\/sonoff-mini-d-pametni-wi-fi-ewelink-daljinski-relejni-modul-z-izhodom\/"},"modified":"2025-09-24T12:08:54","modified_gmt":"2025-09-24T12:08:54","slug":"sonoff-mini-d-smart-wi-fi-ewelink-remote-relay-module-mit-ausgang","status":"publish","type":"product","link":"https:\/\/iotronx.com\/de\/product\/sonoff-mini-d-smart-wi-fi-ewelink-remote-relay-module-mit-ausgang\/","title":{"rendered":"Sonoff MINI-D Smart Wi-Fi + Matter-Relais-Modul mit spannungsfreiem Ausgang"},"content":{"rendered":"<p>Das SONOFF MINI-D ist ein intelligentes Relaismodul mit Wi-Fi- und Bluetooth-Konnektivit\u00e4t, das NO\/NC-Schalter und potentialfreie Kontakte am Ausgang unterst\u00fctzt.<\/p>\n<p>Es ist nat\u00fcrlich mit eWeLink Smart Home kompatibel und unterst\u00fctzt auch den Matter-Standard, so dass es mit allen Matter-kompatiblen Systemen wie Apple Home oder SmartThings verwendet werden kann.<\/p>\n<p>In Kombination mit der eWeLink-Plattform und App k\u00f6nnen Sie kompatible Module (wie S-MATE oder S-MATE2) oder drahtlose Schalter (z. B. Sonoff R5) \u00fcber den Bluetooth-Empf\u00e4nger eWeLink-Remote zur lokalen Fernsteuerung an den MINI-D anschlie\u00dfen. Der drahtgebundene Schalter kann auch an die S1\/S2-Eingangsklemmen angeschlossen werden, wobei der externe Schaltereingang getrennt vom Ausgang eingestellt werden kann.<\/p>\n<p>MINI-D erm\u00f6glicht die Fernsteuerung und Automatisierung verschiedener Ger\u00e4te wie Garagentore, HLK-Systeme und Bew\u00e4sserungsanlagen.<\/p>\n<h4><strong>Wesentliche Merkmale:<\/strong><\/h4>\n<ol>\n<li><strong>Umfassende Kompatibilit\u00e4t mit dem Matter-\u00d6kosystem:<\/strong><br \/>Das Matter-Protokoll erm\u00f6glicht eine nahtlose Integration mit Amazon Alexa, Google Home und Apple Home und vereinfacht so die Verwaltung von intelligenten Ger\u00e4ten.<\/li>\n<li><strong>Trockener Kontaktschalter:<\/strong><br \/>Sie erm\u00f6glicht es, die Verbindung zwischen zwei Punkten ohne Spannungs\u00fcbergang zu trennen, so dass Schalter mit unterschiedlichen Spannungen von der Modulstromversorgung aus geschaltet werden k\u00f6nnen. Dadurch wird die Stromversorgung des Moduls vollst\u00e4ndig von der angeschlossenen Last entkoppelt, was die Sicherheit erh\u00f6ht und elektrische Fehler verhindert.<\/li>\n<li><strong>Automatisierung von Garagentoren:<\/strong><br \/>Mit MINI-D k\u00f6nnen Sie Ihr Garagentor \u00fcber Ihr Telefon aus der Ferne \u00f6ffnen oder schlie\u00dfen und so f\u00fcr mehr Komfort und Sicherheit sorgen.<\/li>\n<li><strong>Automatisierte Ventilsteuerung:<\/strong><br \/>Sie erm\u00f6glicht das Schalten von thermoelektrischen Reglern und damit die Automatisierung von zus\u00e4tzlichen Aufgaben.<\/li>\n<li><strong>Hochspannungsschalter mit Niederspannungs-Steuerkreisen:<\/strong><br \/>2A Relais- und Sch\u00fctzintegration steuert sicher und effizient Hochleistungssch\u00fctze mit Niederspannungs-Steuerstromkreisen.<\/li>\n<li><strong>Automatisierung von Niederspannungs-DC-Magnetventilen\/-motoren:<\/strong><br \/>Speziell f\u00fcr die Steuerung von Gleichstrom-Magnetventilen oder -Motoren bis zu 8 W entwickelt, bietet es eine kosteng\u00fcnstige und zuverl\u00e4ssige L\u00f6sung.<\/li>\n<li><strong>Unterst\u00fctzung f\u00fcr \"Abtrennrelais\":<\/strong><br \/>Erm\u00f6glicht den Betrieb eines physischen Schalters (z. B. Wandschalter) unabh\u00e4ngig vom Zustand des Relais.<br \/><strong>Wie es funktioniert:<\/strong><br \/>Im Normalbetrieb schaltet der Schalter an den Klemmen S1-S2 das Relais bei jeder Bet\u00e4tigung ein oder aus. Wenn die Funktion \"Relais abtrennen\" aktiviert ist, \u00e4ndert der Schalter den Zustand des Relais nicht direkt, aber das Ger\u00e4t erkennt weiterhin \u00c4nderungen des Schalterzustands, die \u00fcber intelligente Steuerungen f\u00fcr andere Aufgaben verwendet werden k\u00f6nnen.<\/li>\n<\/ol>\n<h4><strong>Anwendungsbereiche:<\/strong><\/h4>\n<ul>\n<li>Garagentore<\/li>\n<li>HVAC\/Heizungssysteme<\/li>\n<li>Bew\u00e4sserungs- und Sprinklersysteme<\/li>\n<li>Zugangskontrollsysteme<\/li>\n<li>Stra\u00dfensperren<\/li>\n<\/ul>\n<h3><strong>Technische Daten:<\/strong><\/h3>\n<ul>\n<li><strong>Stromversorgung:<\/strong> 100-240V AC oder 12-48V DC.<em> Wichtig: Das Ger\u00e4t unterst\u00fctzt nicht die gleichzeitige Verwendung von Wechsel- und Gleichstrom.<\/em><\/li>\n<li><strong>Maximaler Relaisstrom:<\/strong> 2A<\/li>\n<li><strong>Relais-Klemmen:<\/strong> NO (normalerweise offen), COM (gemeinsam), NC (normalerweise geschlossen)<\/li>\n<li><strong>Belastung:<\/strong> Niederspannungs-Gleichstromger\u00e4te (z. B. bis zu 8 W f\u00fcr Gleichstrommotoren)<\/li>\n<li><strong>Drahtlose Verbindung:<\/strong> Wi-Fi + eWeLink-Fernbedienung (Bluetooth)<\/li>\n<li><strong>Kompatibilit\u00e4t:<\/strong> eWeLink, Matter-kompatible Plattformen (Apple Home, SmartThings), Amazon Alexa, Google Home<\/li>\n<\/ul>\n<h3><strong>Integration und Kompatibilit\u00e4t<\/strong><\/h3>\n<p>Dank der Unterst\u00fctzung des Matter-Protokolls l\u00e4sst sich der SONOFF MINI-D nahtlos in verschiedene Smart-Home-Plattformen integrieren, sodass die Ger\u00e4te zusammenarbeiten k\u00f6nnen. Die Einrichtung und Steuerung ist einfach \u00fcber Amazon Alexa, Google Home oder Apple Home und bietet ein flexibles und bequemes Smart Home-Erlebnis.<\/p>\n<p>Der SONOFF MINI-D ist die ideale Wahl f\u00fcr alle, die ihr Smart Home aufr\u00fcsten m\u00f6chten, insbesondere f\u00fcr die Steuerung von Garagentoren, Heizungsanlagen und anderen Niederspannungs-Gleichstromger\u00e4ten.<\/p>","protected":false},"excerpt":{"rendered":"<p>Das SONOFF MINI-D ist ein kompaktes und vielseitiges Wi-Fi + Bluetooth Smart-Switch-Modul, das das Schalten von NO\/NC erm\u00f6glicht und trockene Kontakte unterst\u00fctzt. Es kann mit der Smart-Home-Plattform eWeLink oder, dank der Unterst\u00fctzung des Matter-Standards, mit Apple Home, SmartThings oder anderen Matter-kompatiblen Smart-Home-Systemen verwendet werden.<\/p>","protected":false},"featured_media":7319,"template":"","meta":{"_acf_changed":false},"product_brand":[120],"product_cat":[136,129,128,95,93],"product_tag":[],"class_list":{"0":"post-7317","1":"product","2":"type-product","3":"status-publish","4":"has-post-thumbnail","6":"product_brand-sonoff","7":"product_cat-ewelink","8":"product_cat-matter","9":"product_cat-wi-fi","10":"product_cat-stikala","11":"product_cat-pametna-vrata-in-dostop","13":"first","14":"instock","15":"sale","16":"taxable","17":"shipping-taxable","18":"purchasable","19":"product-type-simple"},"acf":[],"_links":{"self":[{"href":"https:\/\/iotronx.com\/de\/wp-json\/wp\/v2\/product\/7317","targetHints":{"allow":["GET"]}}],"collection":[{"href":"https:\/\/iotronx.com\/de\/wp-json\/wp\/v2\/product"}],"about":[{"href":"https:\/\/iotronx.com\/de\/wp-json\/wp\/v2\/types\/product"}],"wp:featuredmedia":[{"embeddable":true,"href":"https:\/\/iotronx.com\/de\/wp-json\/wp\/v2\/media\/7319"}],"wp:attachment":[{"href":"https:\/\/iotronx.com\/de\/wp-json\/wp\/v2\/media?parent=7317"}],"wp:term":[{"taxonomy":"product_brand","embeddable":true,"href":"https:\/\/iotronx.com\/de\/wp-json\/wp\/v2\/product_brand?post=7317"},{"taxonomy":"product_cat","embeddable":true,"href":"https:\/\/iotronx.com\/de\/wp-json\/wp\/v2\/product_cat?post=7317"},{"taxonomy":"product_tag","embeddable":true,"href":"https:\/\/iotronx.com\/de\/wp-json\/wp\/v2\/product_tag?post=7317"}],"curies":[{"name":"wp","href":"https:\/\/api.w.org\/{rel}","templated":true}]}}