{"id":7327,"date":"2025-07-13T17:32:13","date_gmt":"2025-07-13T17:32:13","guid":{"rendered":"http:\/\/iotronx.com\/izdelek\/sonoff-zbmini-extreme-zbminir2-modul-pametnega-releja-zigbee\/"},"modified":"2025-11-17T22:51:19","modified_gmt":"2025-11-17T22:51:19","slug":"sonoff-zbmini-extreme-zbminir2-zigbee-smart-relay-modul","status":"publish","type":"product","link":"https:\/\/iotronx.com\/de\/product\/sonoff-zbmini-extreme-zbminir2-zigbee-smart-relay-modul\/","title":{"rendered":"Sonoff ZBMINIR2 Extremes ZigBee-Relaismodul"},"content":{"rendered":"<p style=\"text-align: justify;\">Der SONOFF ZBMINI R2 ist die Zigbee-Version des beliebten kompakten Sonoff-Relaisschalters, der in wandmontierten Schalterdosen installiert werden kann. Dieses kleine, kompakte intelligente Relaismodul, das Ende 2024 auf den Markt kommt, kommuniziert \u00fcber das Zigbee 3.0-Protokoll und kann hinter einem wandmontierten Schalter installiert werden. Es ist die ideale Wahl f\u00fcr alle, die die Beleuchtung in ihrem Haus aufr\u00fcsten oder andere Ger\u00e4te im Haushalt aus der Ferne schalten m\u00f6chten. Mit diesem Modul kann jeder Stromkreis Teil eines intelligenten Hauses werden, das Zigbee 3.0-Kommunikation unterst\u00fctzt. Der Zigbee MINI Extreme erm\u00f6glicht nicht nur die Fernsteuerung, sondern auch das Hinzuf\u00fcgen von intelligenten Funktionen zu herk\u00f6mmlichen Schaltern und bietet so mehr Flexibilit\u00e4t und Komfort. Durch sein kompaktes Design ist er mit den meisten Schaltertypen kompatibel, so dass ein Austausch der vorhandenen Schalter nicht erforderlich ist. F\u00fcr die Fernsteuerung und Integration in ein Smart Home ben\u00f6tigt der ZBMINI R2 ein Zigbee-kompatibles Gateway, einen Router oder Koordinator.<\/p>\n<p>&nbsp;<\/p>\n<h3>Was ist Zigbee?<\/h3>\n<p style=\"text-align: justify;\">Zigbee ist ein Protokoll, das speziell f\u00fcr Smart Home\/IoT-Ger\u00e4te entwickelt wurde, um effizient zwischen ihnen zu kommunizieren. Im Gegensatz zu Wi-Fi-Ger\u00e4ten, die direkt an einen Router angeschlossen werden, ben\u00f6tigen Zigbee-Ger\u00e4te ein Zigbee-WiFi-Gateway (auch Bridge oder Koordinator genannt), um aus der Ferne auf das Internet zuzugreifen und sich mit diesem zu verbinden. Einer der Vorteile von Zigbee-L\u00f6sungen besteht darin, dass sie das Wi-Fi-Netzwerk entlasten, da nur ein Wi-Fi-Modul (das Zigbee-Gateway) mit dem Router verbunden ist und die anderen Ger\u00e4te \u00fcber das Zigbee-Netzwerk kommunizieren, wodurch IP-Adressen auf dem Router frei werden.<\/p>\n<p style=\"text-align: justify;\">Die Zigbee-Technologie unterst\u00fctzt auch Mesh-Netzwerke, in denen mit 230 V betriebene Zigbee-Ger\u00e4te (wie der Sonoff ZBMINI und der Sonoff Basic ZBR3) Daten von anderen Zigbee-Ger\u00e4ten an das Gateway \u00fcbertragen k\u00f6nnen, auch wenn sie sich au\u00dferhalb der direkten Reichweite befinden, und so die Reichweite des Netzwerks vergr\u00f6\u00dfern.<\/p>\n<p style=\"text-align: justify;\">Ein weiterer Vorteil des Zigbee-Protokolls ist der geringe Stromverbrauch, der deutlich niedriger ist als bei Wi-Fi, was eine lange Batterielebensdauer von Zigbee-Sensoren erm\u00f6glicht - oft mehrere Jahre mit einer einzigen Batterie. Zigbee verarbeitet kleine Datenmengen, die f\u00fcr die meisten Aufgaben wie Ein- und Ausschaltbefehle oder Statusaktualisierungen ausreichen. Da es sich um ein standardisiertes Protokoll handelt, sind Zigbee-Ger\u00e4te theoretisch mit Ger\u00e4ten verschiedener Hersteller kompatibel.<\/p>\n<p>&nbsp;<\/p>\n<h3>Technische Daten<\/h3>\n<p style=\"text-align: justify;\">ZBMINI R2 ist ein 230V-Relaisschalter, der an das Stromnetz (Phase und Nullleiter) angeschlossen wird und am Ausgang einen 230V-Verbraucher steuert - \u00d6ffnen und Schlie\u00dfen des Stromkreises. Er kann hinter Steckdosen oder Schaltern (maximale Belastung: 10A) installiert werden. Am Eingang kann ein externer Schalter angeschlossen werden, der die gleichzeitige Steuerung \u00fcber Wandschalter und Anwendung erm\u00f6glicht. Wenn das Relais mit dem Internet verbunden ist, kann es mit einem Smartphone \u00fcber die SmartThings-App (iOS\/Android) oder \u00fcber das Sonoff Zigbee Bridge Pro-Gateway mit der eWeLink-App gesteuert werden.<\/p>\n<p>&nbsp;<\/p>\n<h3>Kompatibilit\u00e4t und Integration<\/h3>\n<p style=\"text-align: justify;\">Der ZBMINI R2 ist mit mehreren Sonoff Zigbee-WiFi-Gateways kompatibel, darunter Sonoff Zigbee Bridge Pro, Sonoff Zigbee Bridge Ultra und NSPanel Pro. Wenn es mit einem dieser Gateways verbunden ist, kann es \u00fcber die bekannte eWeLink-Plattform und App gesteuert werden. Zu den \u00fcblichen eWeLink-Funktionen geh\u00f6ren die Anzeige des aktuellen Status (Ein\/Aus), der manuelle Ein\/Aus-Schalter und Timer (Timer, Countdown-Timer, zyklisches Schalten), w\u00e4hrend die Kurzzeit-Inch-Funktion nicht verf\u00fcgbar ist. Au\u00dferdem ist er mit Sonoff iHost und dem SmartThings-Hub kompatibel, wo er \u00fcber die SmartThings-App f\u00fcr iOS und Android gesteuert werden kann. In der App sind Funktionen wie Fernein- und -ausschaltung und Zeitpl\u00e4ne verf\u00fcgbar.<\/p>\n<p style=\"text-align: justify;\">Der ZBMINI R2 funktioniert auch mit der Amazon Alexa-Plattform (kompatibel mit Ger\u00e4ten wie dem ZE39KL Echo Plus, Echo Studio, DW84JL 2nd Gen Echo Show und L9D29R 2nd Gen Echo Plus) und bietet Sprachsteuerung mit dem Befehl \"Alexa, Ger\u00e4t finden\".<\/p>\n<p>&nbsp;<\/p>\n<p><strong>ZBMINI R2 ist mit den folgenden Zigbee-Gateways kompatibel:<\/strong><\/p>\n<ul>\n<li style=\"text-align: justify;\"><strong>Sonoff Zigbee-Gateways:<\/strong> Sonoff Zigbee Bridge Pro, NSPanel Pro - kann mit ZBMINI R2 verbunden und \u00fcber die eWeLink-App verwaltet werden.<\/li>\n<li style=\"text-align: justify;\">Auch kompatibel mit <strong>SmartWise Zigbee-Br\u00fccke Pro<\/strong>das eine Ethernet-Verbindung bietet und die eWeLink-App verwendet.<\/li>\n<li style=\"text-align: justify;\">Kompatibel mit dem Sonoff Dongle Plus E Zigbee-Koordinator und anderen Standard-Zigbee-Koordinatoren (z.B. Conbee II, Conbee III).<\/li>\n<li style=\"text-align: justify;\">Kompatibel mit <strong>Sonoff iHost<\/strong>die es erm\u00f6glicht <strong>lokale Verwaltung ohne die Cloud<\/strong> und fungiert als Zigbee-Gateway.<\/li>\n<li style=\"text-align: justify;\">Bei Verwendung mit <strong>Sonoff Zigbee-Br\u00fccke Ultra<\/strong> ist kompatibel mit Systemen, die mit <strong>Materie<\/strong>, einschlie\u00dflich <strong>Apple HomeKit<\/strong>.<\/li>\n<li style=\"text-align: justify;\">Kompatibel mit <strong>SmartThings-Hub<\/strong>wo er \u00fcber die SmartThings-App (iOS\/Android) gesteuert werden kann - und so das Ein- und Ausschalten, Zeitpl\u00e4ne und andere Funktionen erm\u00f6glicht.<\/li>\n<li style=\"text-align: justify;\">Kompatibel mit <strong>Philips Hue-Ger\u00e4t<\/strong>.<\/li>\n<li><strong>Echo Plus 2. Generation<\/strong>, <strong>Echo 4. Generation<\/strong> und <strong>Echo Show 2. Generation<\/strong>.<\/li>\n<\/ul>\n<p>&nbsp;<\/p>\n<p style=\"text-align: justify;\">ZBMINI R2 ist also ein 230V-Schaltrelais, das am Eingang an das Netz (Phase und Null) angeschlossen wird und am Ausgang den 230V-Verbraucher durch \u00d6ffnen\/Schlie\u00dfen des Stromkreises steuert. Es kann auch hinter Schaltern und Steckdosen installiert werden (maximale Ausgangslast: 10A).<\/p>\n<p style=\"text-align: justify;\">An den Eingang kann ein externer Schalter angeschlossen werden, so dass er hinter Wandschaltern (Drucktastern oder Kippschaltern) installiert werden kann, w\u00e4hrend die Steuerung und Integration von Zigbee ebenfalls m\u00f6glich ist.<\/p>\n<p style=\"text-align: justify;\">Mit einer Internetverbindung und einem Smartphone (iOS oder Android) mit der App <strong>SmartThings<\/strong> (f\u00fcr SmartThings-Hub) oder \u00fcber eine Verbindung zu <strong>Sonoff Zigbee-Br\u00fccke Pro<\/strong> Sie k\u00f6nnen den Schalter \u00fcber die App steuern <strong>eWeLink<\/strong>.<\/p>\n<p style=\"text-align: justify;\">Zu den \u00fcblichen eWeLink-Funktionen geh\u00f6ren die aktuelle EIN\/AUS-Statusanzeige, das manuelle Ein- und Ausschalten sowie Timer (Zeitschaltuhr, Countdown-Timer, Zyklus-Timer), w\u00e4hrend die Impuls-Tippfunktion nicht verf\u00fcgbar ist.<\/p>\n<p>Der Schaltereingang (und die angeschlossenen Schalter) k\u00f6nnen vom Relaisausgang getrennt werden.<\/p>\n<p>&nbsp;<\/p>\n<p>&nbsp;<\/p>\n<h3>Produktmerkmale:<\/h3>\n<ul>\n<li><strong>Protokoll<\/strong>Zigbee 3.0, MQTT<\/li>\n<li><strong>Smart-Home-Plattformen:<\/strong> Kompatibel mit den meisten Systemen, die das Standardprotokoll 3.0 unterst\u00fctzen, einschlie\u00dflich Open-Source-L\u00f6sungen wie Home Assistant<\/li>\n<li><strong>Stromversorgung<\/strong>100-240V AC, 50\/60Hz<\/li>\n<li><strong>Maximale Leistung<\/strong>: 10A\/2200W (f\u00fcr ohmsche Verbraucher)<\/li>\n<li><strong>Abmessungen<\/strong>: 42,6mm x 42,6mm x 20mm<\/li>\n<li><strong>Betriebstemperatur<\/strong>-10\u00b0C bis 40\u00b0C<\/li>\n<li><strong>Sprachsteuerung<\/strong>: Amazon Alexa, Google Assistant, Samsung SmartThings<\/li>\n<li><strong>Unterst\u00fctzte Anwendung<\/strong>eWeLink (wenn mit eWeLink Zigbee-Gateway verbunden)<\/li>\n<li><strong>Grad des Schutzes<\/strong>: ABS-Geh\u00e4use (feuerfest)<\/li>\n<li><strong>Kompatibilit\u00e4t der Installation<\/strong>: EU-Standard-Dockingstationen f\u00fcr die Wandmontage<\/li>\n<li><strong>Eingang f\u00fcr Schalter:<\/strong> er kann vom Relaisausgang entkoppelt werden.<\/li>\n<\/ul>","protected":false},"excerpt":{"rendered":"<p>Das SONOFF ZBMINI R2, auch Sonoff Zigbee Mini Extreme genannt, ist ein kompaktes intelligentes Relaismodul, das \u00fcber das Zigbee 3.0-Protokoll kommuniziert und f\u00fcr den Einbau in eine Schalterdose hinter einem Wandschalter konzipiert ist. Es unterst\u00fctzt die Fernsteuerung und erweitert vorhandene herk\u00f6mmliche Schalter um intelligente Funktionen, die Komfort und Flexibilit\u00e4t bieten.<\/p>","protected":false},"featured_media":7329,"template":"","meta":{"_acf_changed":false},"product_brand":[120],"product_cat":[136,126,95,90],"product_tag":[],"class_list":{"0":"post-7327","1":"product","2":"type-product","3":"status-publish","4":"has-post-thumbnail","6":"product_brand-sonoff","7":"product_cat-ewelink","8":"product_cat-zigbee","9":"product_cat-stikala","10":"product_cat-razsvetljava","12":"first","13":"instock","14":"sale","15":"taxable","16":"shipping-taxable","17":"purchasable","18":"product-type-simple"},"acf":[],"_links":{"self":[{"href":"https:\/\/iotronx.com\/de\/wp-json\/wp\/v2\/product\/7327","targetHints":{"allow":["GET"]}}],"collection":[{"href":"https:\/\/iotronx.com\/de\/wp-json\/wp\/v2\/product"}],"about":[{"href":"https:\/\/iotronx.com\/de\/wp-json\/wp\/v2\/types\/product"}],"wp:featuredmedia":[{"embeddable":true,"href":"https:\/\/iotronx.com\/de\/wp-json\/wp\/v2\/media\/7329"}],"wp:attachment":[{"href":"https:\/\/iotronx.com\/de\/wp-json\/wp\/v2\/media?parent=7327"}],"wp:term":[{"taxonomy":"product_brand","embeddable":true,"href":"https:\/\/iotronx.com\/de\/wp-json\/wp\/v2\/product_brand?post=7327"},{"taxonomy":"product_cat","embeddable":true,"href":"https:\/\/iotronx.com\/de\/wp-json\/wp\/v2\/product_cat?post=7327"},{"taxonomy":"product_tag","embeddable":true,"href":"https:\/\/iotronx.com\/de\/wp-json\/wp\/v2\/product_tag?post=7327"}],"curies":[{"name":"wp","href":"https:\/\/api.w.org\/{rel}","templated":true}]}}