{"id":7369,"date":"2025-07-13T17:32:13","date_gmt":"2025-07-13T17:32:13","guid":{"rendered":"http:\/\/iotronx.com\/izdelek\/sonoff-re5v1c-5v-wifi-pametni-stikalni-relejni-modul-s-funkcijo-trenutnega-stikala\/"},"modified":"2025-08-07T22:21:31","modified_gmt":"2025-08-07T22:21:31","slug":"sonoff-re5v1c-5v-wifi-smart-switch-relay-modul-mit-tasterfunktion","status":"publish","type":"product","link":"https:\/\/iotronx.com\/de\/product\/sonoff-re5v1c-5v-wifi-smart-switch-relay-modul-mit-tasterfunktion\/","title":{"rendered":"Sonoff RE5V1C 5V WiFi-Relaismodul"},"content":{"rendered":"<p>Das Sonoff RE5V1C ist ein 5V-WiFi-Relaismodul mit Taster (bei Sonoff auch \"Inching\" genannt), das wie ein normaler SONOFF-Schalter mit eWelink, Amazon Alexa, Google Home, IFTTT ... usw. verwendet werden kann. <strong>Die ideale L\u00f6sung f\u00fcr die Fernsteuerung von motorisierten T\u00fcren, Garagentoren oder anderen elektrischen Ger\u00e4ten\/Steuerungen.<\/strong><\/p>\n<p><strong>Das RE5V1C WiFi Smart Relay unterscheidet sich von anderen Sonoff-Relais (und SmartWise 5V-32V-Relais) dadurch, dass die Dr\u00e4hte zum Anschluss an das Relais angel\u00f6tet werden m\u00fcssen.<\/strong><\/p>\n<p><strong>5V DC Eingang, Nanogr\u00f6\u00dfe und Trockenkontaktausgang<\/strong> unterscheiden es von herk\u00f6mmlichen SONOFF Produkten. Bei diesem Produkt handelt es sich um einen kabellosen Schalter, der den Tippbetrieb\/Selbsthaltungsmodus unterst\u00fctzt. Benutzer k\u00f6nnen das Ger\u00e4t zur eWeLink-App hinzuf\u00fcgen, um angeschlossene Haushaltsger\u00e4te oder andere Ger\u00e4te aus der Ferne zu steuern. Im Selbsthaltemodus k\u00f6nnen die Benutzer die angeschlossenen Ger\u00e4te sofort aus der Ferne ein- und ausschalten.<\/p>\n<p>Das Produkt erm\u00f6glicht die Fernsteuerung von Haushaltsger\u00e4ten \u00fcber die eWeLink Mobile App, die f\u00fcr Android und iOS verf\u00fcgbar ist. Zu den unterst\u00fctzten Funktionen geh\u00f6ren:<\/p>\n<ul>\n<li>Fernbedienung ein\/aus<\/li>\n<li>Fahrpl\u00e4ne<\/li>\n<li>Gemeinsame Nutzung von Ger\u00e4ten<\/li>\n<li>Gruppen verwalten<\/li>\n<li>Funktioniert mit Amazon Echo, Echo Dot, Amazon Tap<\/li>\n<li>Funktioniert mit Google Home, Google Nest<\/li>\n<li>Arbeitet mit IFTTT<\/li>\n<\/ul>\n<div class=\"widget widget-static-block\">\n<p>&nbsp;<\/p>\n<\/div>\n<p>Das Produkt verf\u00fcgt \u00fcber zwei Betriebsarten: Tippbetrieb und Selbsthaltebetrieb. Der Benutzer kann den gew\u00fcnschten Modus ausw\u00e4hlen, indem er die Taste dr\u00fcckt, um zwischen dem Selbsthalte- und dem Inching-Modus umzuschalten.<\/p>\n<p>Wenn das Modul auf Selbsthaltungsmodus eingestellt ist, kann der Benutzer das angeschlossene Ger\u00e4t sofort ein- und ausschalten. Wenn das Modul auf den Tippbetrieb eingestellt ist, k\u00f6nnen die Benutzer das Ger\u00e4t durch Dr\u00fccken des Schalters ein- oder ausschalten.<\/p>\n<p><strong>Spezifikationen<\/strong><\/p>\n<ul>\n<li>Stromversorgung: 5V DC<\/li>\n<li>Trockenkontakt-Ausgang<\/li>\n<li>Maximaler Strom: 10A<\/li>\n<li>Luftfeuchtigkeit: 5%-90% RH, nicht kondensierend<\/li>\n<li>Betriebstemperatur: 0\u00baC-40\u00baC (32\u00b0F-104\u00b0F)<\/li>\n<li>Nano-Gr\u00f6\u00dfe: 34,5*25*19 mm<\/li>\n<\/ul>\n<p>&nbsp;<\/p>\n<p><img loading=\"lazy\" decoding=\"async\" class=\"size-medium wp-image-21271 alignnone\" src=\"https:\/\/www.marketcom.eu\/sonoff-smartwise-shelly-EU-wholesale-distribution\/wp-content\/uploads\/2020\/12\/RE5V1C-750PX_01-291x300.jpg\" alt=\"\" width=\"291\" height=\"300\" \/> <img loading=\"lazy\" decoding=\"async\" class=\"size-medium wp-image-21272 alignnone\" src=\"https:\/\/www.marketcom.eu\/sonoff-smartwise-shelly-EU-wholesale-distribution\/wp-content\/uploads\/2020\/12\/RE5V1C-750PX_02-270x300.jpg\" alt=\"\" width=\"270\" height=\"300\" \/> <img loading=\"lazy\" decoding=\"async\" class=\"size-medium wp-image-21273 alignnone\" src=\"https:\/\/www.marketcom.eu\/sonoff-smartwise-shelly-EU-wholesale-distribution\/wp-content\/uploads\/2020\/12\/RE5V1C-750PX_03-300x170.jpg\" alt=\"\" width=\"300\" height=\"170\" \/><\/p>\n<p>Funktionen:<\/p>\n<ul>\n<li><b>Nano-Gr\u00f6\u00dfe<\/b><\/li>\n<li><strong>Trockenkontakt-Ausgang<\/strong><\/li>\n<li><strong>Niederspannungs-Stromversorgung -<\/strong> 5VDC Niederspannungseingang<\/li>\n<li><strong>LAN-Steuerung -<\/strong> das Ger\u00e4t ein- und ausschalten, auch wenn keine WiFi-Verbindung zum Internet besteht<\/li>\n<li><strong>Anwendungsunterst\u00fctzung -<\/strong> Kostenlose eWeLink-Mobil-App f\u00fcr iOS und Android<\/li>\n<li><strong>Fernbedienung ein\/aus<\/strong> - Ein- und Ausschalten von Elektroger\u00e4ten von jedem Ort aus<\/li>\n<li><strong>Status-Synchronisation<\/strong> - \u00dcbermittlung des Ger\u00e4testatus in Echtzeit an die Anwendung<\/li>\n<li><strong>Zeitschaltuhr<\/strong> - Einstellen von Timern\/Z\u00e4hlern, die sich zu bestimmten Zeiten ein- und ausschalten, unterst\u00fctzt bis zu 8 aktive Timer\/Z\u00e4hler\/Schleifen.<\/li>\n<li><strong>Gemeinsame Kontrolle<\/strong> - Verwalten Sie Ihr intelligentes Zuhause zusammen mit Ihrer Familie<\/li>\n<li><strong>Schauplatz<\/strong> - Ein- und Ausschalten mehrerer Ger\u00e4te mit einer Ber\u00fchrung<\/li>\n<li><strong>Eine clevere Szene<\/strong> - Ein- und Ausschalten durch Temperatur, Feuchtigkeit oder andere Umgebungsbedingungen vom Sensor ausgel\u00f6st<\/li>\n<li><strong>Kompatibilit\u00e4t -<\/strong> funktioniert perfekt mit Amazon Alexa, Google Assistant, IFTTT, Google Nest<\/li>\n<\/ul>\n<p>&nbsp;<\/p>\n<p><strong>Funktioniert mit Amazon Alexa<\/strong><\/p>\n<p>Dieses Produkt funktioniert mit Amazon Alexa. Alexa kann Ihr Ger\u00e4t mit den folgenden Sprachbefehlen steuern. Bitte beachten Sie, dass derzeit nur englische (US\/UK) und deutsche Befehle unterst\u00fctzt werden.<\/p>\n<p><strong>Versuchen Sie diese Befehle<\/strong> ( {Ger\u00e4tename} sollte der Name Ihres Ger\u00e4ts sein):<\/p>\n<p>Alexa, schalte {Ger\u00e4tename} ein<\/p>\n<p>Alexa, schalte {Ger\u00e4tename} aus<\/p>\n<p>Alexa, schalte {Ger\u00e4tename} aus<\/p>\n<p>Alexa, schalte {Ger\u00e4tename} ein<\/p>\n<p>Alexa, bitte hilf uns<\/p>\n<p>Alexa, schalte Ger\u00e4tename aus<\/p>","protected":false},"excerpt":{"rendered":"<p>Der Sonoff RF5V1C verf\u00fcgt \u00fcber einen 5-V-DC-Eingang, Nanogr\u00f6\u00dfe und einen potenzialfreien Kontaktausgang, um sich von anderen traditionellen SONOFF-Produkten zu unterscheiden. Dieses Produkt ist ein drahtloser Schalter, der auch einen selbstversorgten Modus unterst\u00fctzt.<\/p>","protected":false},"featured_media":7371,"template":"","meta":{"_acf_changed":false},"product_brand":[120],"product_cat":[136,128,95],"product_tag":[],"class_list":{"0":"post-7369","1":"product","2":"type-product","3":"status-publish","4":"has-post-thumbnail","6":"product_brand-sonoff","7":"product_cat-ewelink","8":"product_cat-wi-fi","9":"product_cat-stikala","11":"first","12":"instock","13":"sale","14":"taxable","15":"shipping-taxable","16":"purchasable","17":"product-type-simple"},"acf":[],"_links":{"self":[{"href":"https:\/\/iotronx.com\/de\/wp-json\/wp\/v2\/product\/7369","targetHints":{"allow":["GET"]}}],"collection":[{"href":"https:\/\/iotronx.com\/de\/wp-json\/wp\/v2\/product"}],"about":[{"href":"https:\/\/iotronx.com\/de\/wp-json\/wp\/v2\/types\/product"}],"wp:featuredmedia":[{"embeddable":true,"href":"https:\/\/iotronx.com\/de\/wp-json\/wp\/v2\/media\/7371"}],"wp:attachment":[{"href":"https:\/\/iotronx.com\/de\/wp-json\/wp\/v2\/media?parent=7369"}],"wp:term":[{"taxonomy":"product_brand","embeddable":true,"href":"https:\/\/iotronx.com\/de\/wp-json\/wp\/v2\/product_brand?post=7369"},{"taxonomy":"product_cat","embeddable":true,"href":"https:\/\/iotronx.com\/de\/wp-json\/wp\/v2\/product_cat?post=7369"},{"taxonomy":"product_tag","embeddable":true,"href":"https:\/\/iotronx.com\/de\/wp-json\/wp\/v2\/product_tag?post=7369"}],"curies":[{"name":"wp","href":"https:\/\/api.w.org\/{rel}","templated":true}]}}