{"id":7380,"date":"2025-07-13T17:32:13","date_gmt":"2025-07-13T17:32:13","guid":{"rendered":"http:\/\/iotronx.com\/izdelek\/sonoff-smart-stackable-power-meter-spm-4-relejna-enota-4-kanalni-rele\/"},"modified":"2025-08-07T22:21:31","modified_gmt":"2025-08-07T22:21:31","slug":"sonoff-spm-4relay-smart-4-kanal-relaismodul","status":"publish","type":"product","link":"https:\/\/iotronx.com\/de\/product\/sonoff-spm-4relay-smart-4-kanal-relaismodul\/","title":{"rendered":"Sonoff SPM 4Relay Smart 4-Kanal-Relaismodul"},"content":{"rendered":"<p>\u3010Verbinden Sie bis zu 32 SPM-4Relais\u3011Eine SPM-Main Einheit kann mit 32 SPM-4Relais verbunden werden. Jedes SPM-4Relais hat 4 isolierte Kan\u00e4le, damit Sie Ihre Ger\u00e4te bequemer steuern k\u00f6nnen.<br \/>\n\u3010Messen Sie Ihren Energieverbrauch\u3011Sie k\u00f6nnen Ihren Energieverbrauch \u00fcber die eWeLink-App auf Ihrem Mobiltelefon \u00fcberwachen. Erhalten Sie ganz einfach Informationen \u00fcber Strom, Spannung und Leistung.<br \/>\n\u3010Max. 20A\/Kanal\u3011Jeder Kanal kann einen maximalen Strom von 20A unterst\u00fctzen, ohne Angst vor hoher Belastung.<br \/>\n\u3010Kommunikation \u00fcber RS-485\u3011SPM-Main kommuniziert mit SPM-4Relais \u00fcber RS-485, was eine mehrpunktige und stabile Daten\u00fcbertragung \u00fcber gro\u00dfe Entfernungen erm\u00f6glicht.<br \/>\n\u3010\u00dcberlastschutz\u3011Wenn aktiviert, sch\u00fctzt der \u00dcberlastschutz Ihre Ger\u00e4te vor Sch\u00e4den durch \u00dcberlast.<\/p>\n<p>&nbsp;<\/p>\n<p><strong>SONOFF Smart Stackable Power Meter<\/strong> besteht aus<\/p>\n<p>(1) <strong>Haupteinheiten<\/strong> mit eingebautem Wi-Fi-Chip und Unterst\u00fctzung f\u00fcr eWeLink IoT-Cloud und eWeLink-App und<\/p>\n<p>(2) ein oder mehrere SONOFF Smart Stackable Power Meter <strong>4-Relais-Einheiten<\/strong>.<\/p>\n<p>&nbsp;<\/p>\n<blockquote>\n<p><span style=\"color: #ff0000\"><strong>DIESES PRODUKT IST EIN SPM 4-RELAIS-GER\u00c4T.<\/strong><\/span><\/p>\n<p><strong>Das SPM MAIN-Ger\u00e4t ist separat erh\u00e4ltlich.<\/strong><\/p>\n<\/blockquote>\n<p>&nbsp;<\/p>\n<p>Alle Ger\u00e4te werden auf die DIN-Schiene des Schaltschrankes montiert und bieten <strong>Intelligente Verwaltung und Messung des Energieverbrauchs<\/strong> mit einer maximalen Kapazit\u00e4t von 20 A pro Kanal und <strong>\u00dcberlastungsschutz<\/strong> f\u00fcr alle Kan\u00e4le. Es ist <strong>ein leistungsstarkes professionelles Werkzeug f\u00fcr das Smart Home<\/strong>die es Ihnen erm\u00f6glicht, Wohnungen, Gewerbe- und Industriegeb\u00e4ude oder auch Einkaufszentren zu verwalten und den Energieverbrauch der Bewohner oder Mieter zu \u00fcberwachen.<\/p>\n<p>&nbsp;<\/p>\n<p>Die SPM Master Unit kommuniziert mit der eWeLink-Cloud \u00fcber eine Ethernet- oder Wi-Fi-Verbindung und \u00fcber RS-485 mit den SPM-4-Relais-Modulen, was eine Mehrpunkt- und stabile Langzeit-Daten\u00fcbertragung erm\u00f6glicht. Eine Master Unit kann bis zu 32 St\u00fcck 4-Relais-Einheiten verwalten, die insgesamt 128 Kan\u00e4le mit Management und Leistungsmessung von bis zu 20A pro Kanal unterst\u00fctzen.<\/p>\n<p>Das Ger\u00e4t verf\u00fcgt \u00fcber einen SD-Kartensteckplatz, in den Sie eine SDHC-Speicherkarte einsetzen k\u00f6nnen. <em>(nicht beigef\u00fcgt)<\/em> um bis zu 180 Tage Verbrauchsdaten zu speichern und die Daten \u00fcber HTTP-API anzuzeigen. Die Daten k\u00f6nnen auch exportiert werden.<\/p>\n<h3><\/h3>\n<h3><strong>Produktmerkmale:<\/strong><\/h3>\n<ul>\n<li><strong>Fernbedienung ein\/aus<\/strong> - Sie k\u00f6nnen alle Kan\u00e4le aus der Ferne ein- und ausschalten, jederzeit und \u00fcberall.<\/li>\n<li><strong>Bis zu 32 4-Kanal-Relais k\u00f6nnen der Haupteinheit hinzugef\u00fcgt werden, wodurch insgesamt bis zu 128 unabh\u00e4ngige Kan\u00e4le unterst\u00fctzt werden<\/strong><\/li>\n<li><strong>Montage auf DIN-Schiene<\/strong><\/li>\n<li><strong>Unterst\u00fctzung von SD-Karten:<\/strong> Erm\u00f6glicht das Einsetzen einer 8GB-32GB SDHC-Karte zur Speicherung von bis zu 180 Tagen an Verbrauchsdaten<\/li>\n<li><strong>Unabh\u00e4ngiges Kanalmanagement<\/strong><\/li>\n<li><strong>Physische Ein\/Aus-Tasten<\/strong> bei einer 4-Relais-Einheit<\/li>\n<li><strong>\u00dcberlastungsschutz<\/strong> f\u00fcr alle Kan\u00e4le<\/li>\n<li><strong>Mobile App<\/strong> - Kostenlose iOS- und Android-App: eWeLink, Verbindung zur eWeLink IoT Cloud<\/li>\n<li><strong>Synchronisierung des Status<\/strong> - Pr\u00fcfen Sie den aktuellen Relaisstatus (ein oder aus) \u00fcber die mobile App<\/li>\n<li><strong>Gemeinsame Kontrolle<\/strong> - Verwalten Sie Ihr Ger\u00e4t gemeinsam mit Ihrer Familie<\/li>\n<\/ul>\n<p><\/p>","protected":false},"excerpt":{"rendered":"<p>Der Smart Stackable Power Meter (SPM) von Sonoff ist ein professionelles, DIN-Schienen-kompatibles, stapelbares Relais mit Leistungsmesser und \u00dcberlastungsschutz, mit einer maximalen Kapazit\u00e4t von bis zu 20 A pro Kanal. Der Verbrauch kann auf einer Speicherkarte gespeichert werden (nicht als Zubeh\u00f6r erh\u00e4ltlich).<\/p>","protected":false},"featured_media":7382,"template":"","meta":{"_acf_changed":false},"product_brand":[120],"product_cat":[136,128,95,91],"product_tag":[],"class_list":{"0":"post-7380","1":"product","2":"type-product","3":"status-publish","4":"has-post-thumbnail","6":"product_brand-sonoff","7":"product_cat-ewelink","8":"product_cat-wi-fi","9":"product_cat-stikala","10":"product_cat-nadzor-porabe-energije","12":"first","13":"instock","14":"sale","15":"taxable","16":"shipping-taxable","17":"purchasable","18":"product-type-simple"},"acf":[],"_links":{"self":[{"href":"https:\/\/iotronx.com\/de\/wp-json\/wp\/v2\/product\/7380","targetHints":{"allow":["GET"]}}],"collection":[{"href":"https:\/\/iotronx.com\/de\/wp-json\/wp\/v2\/product"}],"about":[{"href":"https:\/\/iotronx.com\/de\/wp-json\/wp\/v2\/types\/product"}],"wp:featuredmedia":[{"embeddable":true,"href":"https:\/\/iotronx.com\/de\/wp-json\/wp\/v2\/media\/7382"}],"wp:attachment":[{"href":"https:\/\/iotronx.com\/de\/wp-json\/wp\/v2\/media?parent=7380"}],"wp:term":[{"taxonomy":"product_brand","embeddable":true,"href":"https:\/\/iotronx.com\/de\/wp-json\/wp\/v2\/product_brand?post=7380"},{"taxonomy":"product_cat","embeddable":true,"href":"https:\/\/iotronx.com\/de\/wp-json\/wp\/v2\/product_cat?post=7380"},{"taxonomy":"product_tag","embeddable":true,"href":"https:\/\/iotronx.com\/de\/wp-json\/wp\/v2\/product_tag?post=7380"}],"curies":[{"name":"wp","href":"https:\/\/api.w.org\/{rel}","templated":true}]}}