{"id":7392,"date":"2025-07-13T17:32:13","date_gmt":"2025-07-13T17:32:13","guid":{"rendered":"http:\/\/iotronx.com\/izdelek\/sonoff-sv-varna-napetost-wifi-pametni-stikalni-modul\/"},"modified":"2025-08-07T22:21:31","modified_gmt":"2025-08-07T22:21:31","slug":"sonoff-sv-safe-voltage-wifi-smart-switch-module","status":"publish","type":"product","link":"https:\/\/iotronx.com\/de\/product\/sonoff-sv-safe-voltage-wifi-smart-switch-module\/","title":{"rendered":"Sonoff SV Niederspannungs-Relais-Modul"},"content":{"rendered":"<p><strong>Sonoff SV<\/strong> ist ein Niederspannungs-Smart-Switch, der eine Gleichstromversorgung von 5 bis 24 V unterst\u00fctzt. Dank der separaten Stromversorgung k\u00f6nnen sowohl AC- als auch DC-Ger\u00e4te gesteuert werden (einige L\u00f6tarbeiten sind erforderlich). Reservierte GPIO-Anschl\u00fcsse sind auch verf\u00fcgbar f\u00fcr <strong>sekund\u00e4re Entwicklung<\/strong>. Ger\u00e4t <strong>Keine 433 MHz RF-Unterst\u00fctzung<\/strong> und <strong>kein Geh\u00e4use enthalten<\/strong>.<\/p>\n<p>Sonoff SV ist eine erschwingliche L\u00f6sung f\u00fcr die Fernsteuerung verschiedener Ger\u00e4te \u00fcber eine WiFi-Verbindung. Das Ger\u00e4t verbindet sich \u00fcber einen WiFi-Router mit der Cloud und erm\u00f6glicht es den Nutzern, angeschlossene Ger\u00e4te \u00fcber eine mobile App aus der Ferne zu verwalten <strong>eWeLink<\/strong>. Der Cloud-Server arbeitet \u00fcber Amazon AWS-Server auf der ganzen Welt.<\/p>\n<p>Sobald Sonoff SV angeschlossen ist, k\u00f6nnen Benutzer <strong>Schalter ein\/aus<\/strong> Ger\u00e4te \u00fcberall und jederzeit. Sie k\u00f6nnen auch einstellen <strong>Zeitpl\u00e4ne, Timer und intelligente Skripte<\/strong> zur automatischen Steuerung von Ger\u00e4ten in Abh\u00e4ngigkeit von der Zeit oder den Umgebungsbedingungen (Temperatur, Feuchtigkeit usw.).<\/p>\n<p>Anmeldung <strong>eWeLink<\/strong> ist kostenlos und verf\u00fcgbar f\u00fcr <strong>iOS (App Store)<\/strong> und <strong>Android (Google Play)<\/strong>.<\/p>\n<h3><strong>Hauptmerkmale:<\/strong><\/h3>\n<ul>\n<li><strong>Fernbedienung ein\/aus<\/strong> - Steuerung Ihrer Ger\u00e4te aus der Ferne \u00fcber das Internet<\/li>\n<li><strong>LAN-Verwaltung<\/strong> - funktioniert ohne Internetzugang (lokales Netzwerk)<\/li>\n<li><strong>Niederspannungs-Stromversorgung<\/strong> - 5-24V DC Eingang<\/li>\n<li><strong>Unterst\u00fctzung der Anwendung<\/strong> - Kostenlose eWeLink-App f\u00fcr iOS und Android<\/li>\n<li><strong>Synchronisierung des Status<\/strong> - den aktuellen Echtzeitstatus des Ger\u00e4ts<\/li>\n<li><strong>Fahrpl\u00e4ne<\/strong> - Zeitpl\u00e4ne und Countdown-Timer (bis zu 8 aktiv)<\/li>\n<li><strong>Gemeinsame Kontrolle<\/strong> - gemeinsame Verwaltung mit Familienmitgliedern<\/li>\n<li><strong>Schauplatz<\/strong> - Ein- und Ausschalten mehrerer Ger\u00e4te mit einem Tastendruck<\/li>\n<li><strong>Intelligente Szenarien<\/strong> - Ausl\u00f6sung je nach den Bedingungen der Sensoren (Temperatur, Feuchtigkeit usw.)<\/li>\n<li><strong>Kompatibilit\u00e4t<\/strong> - funktioniert mit Amazon Alexa, Google Assistant, IFTTT, Google Nest<\/li>\n<li><strong>GPIO-Anschl\u00fcsse<\/strong> - f\u00fcr sekund\u00e4re Entwicklung und Integration<\/li>\n<\/ul>\n<h3><strong>Technische Daten:<\/strong><\/h3>\n<ul>\n<li>Stromversorgung: 5-24V DC<\/li>\n<li>Gewicht: 15 g<\/li>\n<\/ul>\n<h3><strong>Kompatibilit\u00e4t mit Amazon Alexa<\/strong><\/h3>\n<p>Sonoff SV funktioniert mit Amazon Alexa Sprachsteuerung. Unterst\u00fctzte Sprachen: Englisch (US, UK) und Deutsch.<\/p>\n<p><strong>Beispiele f\u00fcr Sprachbefehle (geben Sie den Namen Ihres Ger\u00e4ts anstelle von {Ger\u00e4tename} ein):<\/strong><\/p>\n<ul>\n<li>Alexa, schalte {timeRepair} ein<\/li>\n<li>Alexa, schalte {timeRepair} aus<\/li>\n<li>Alexa, bitte {NameRepair} ein<\/li>\n<li>Alexa, bitte {NameRepair} raus<\/li>\n<\/ul>","protected":false},"excerpt":{"rendered":"<p>Sonoff SV ist ein Niederspannungsschalter. Der Niederspannungsschalter unterst\u00fctzt 5-24 V Versorgung.<\/p>","protected":false},"featured_media":7394,"template":"","meta":{"_acf_changed":false},"product_brand":[120],"product_cat":[136,128,95],"product_tag":[],"class_list":{"0":"post-7392","1":"product","2":"type-product","3":"status-publish","4":"has-post-thumbnail","6":"product_brand-sonoff","7":"product_cat-ewelink","8":"product_cat-wi-fi","9":"product_cat-stikala","11":"first","12":"instock","13":"sale","14":"taxable","15":"shipping-taxable","16":"purchasable","17":"product-type-simple"},"acf":[],"_links":{"self":[{"href":"https:\/\/iotronx.com\/de\/wp-json\/wp\/v2\/product\/7392","targetHints":{"allow":["GET"]}}],"collection":[{"href":"https:\/\/iotronx.com\/de\/wp-json\/wp\/v2\/product"}],"about":[{"href":"https:\/\/iotronx.com\/de\/wp-json\/wp\/v2\/types\/product"}],"wp:featuredmedia":[{"embeddable":true,"href":"https:\/\/iotronx.com\/de\/wp-json\/wp\/v2\/media\/7394"}],"wp:attachment":[{"href":"https:\/\/iotronx.com\/de\/wp-json\/wp\/v2\/media?parent=7392"}],"wp:term":[{"taxonomy":"product_brand","embeddable":true,"href":"https:\/\/iotronx.com\/de\/wp-json\/wp\/v2\/product_brand?post=7392"},{"taxonomy":"product_cat","embeddable":true,"href":"https:\/\/iotronx.com\/de\/wp-json\/wp\/v2\/product_cat?post=7392"},{"taxonomy":"product_tag","embeddable":true,"href":"https:\/\/iotronx.com\/de\/wp-json\/wp\/v2\/product_tag?post=7392"}],"curies":[{"name":"wp","href":"https:\/\/api.w.org\/{rel}","templated":true}]}}