{"id":7404,"date":"2025-07-13T17:32:13","date_gmt":"2025-07-13T17:32:13","guid":{"rendered":"http:\/\/iotronx.com\/izdelek\/sonoff-th16-origin-r3-wifi-pametni-rele-230v-16a-z-vhodom\/"},"modified":"2025-08-07T22:21:31","modified_gmt":"2025-08-07T22:21:31","slug":"sonoff-th16-origin-r3-wifi-smart-relay-230v-16a-mit-eingang","status":"publish","type":"product","link":"https:\/\/iotronx.com\/de\/product\/sonoff-th16-origin-r3-wifi-smart-relay-230v-16a-mit-eingang\/","title":{"rendered":"Sonoff THR316 Origin WiFi Smart-Relais-Modul (230V\/16A)"},"content":{"rendered":"<p>Das Sonoff THR316 ist die neue TH Origin R3 Version des Sonoff TH smart relay. das THR316 ist ein WiFi-f\u00e4higes smart relay, das mit einem Mobiltelefon \u00fcber das Internet ferngesteuert werden kann. Ein Thermometer, ein Luftfeuchtigkeitssensor und ein Bodenfeuchtigkeitssensor k\u00f6nnen ebenfalls an das THR316 angeschlossen werden und k\u00f6nnen automatisch entsprechend der gemessenen Temperatur-\/Luftfeuchtigkeits-\/Bodenfeuchtigkeitsdaten \u00fcberwacht werden. Anstelle des Klinkensteckers der vorherigen R2-Version verf\u00fcgt die R3-Version nun \u00fcber einen RJ9-Stecker. Eine der neuen Funktionen der R3-Version ist, dass die Messdaten in die Cloud hochgeladen werden und die Anwendung auch die Messhistorie der letzten 6 Monate anzeigt.<\/p>\n<p><\/p>\n<p><strong>Kompatibel mit den folgenden Sensoren:<\/strong><\/p>\n<ul>\n<li>Sonoff THS01 Temperatur- und Feuchtigkeitssensor (empfohlen);<\/li>\n<li>Sonoff SI7021 Temperatur- und Feuchtigkeitssensor;<\/li>\n<li>Sonoff AM2301 Temperatur- und Feuchtigkeitssensor;<\/li>\n<li>Sonoff DS18B20 Temperatursensor (wasserdicht);<\/li>\n<li>Sonoff MS01 Bodenfeuchtesensor.<\/li>\n<\/ul>\n<p><\/p>\n<p><strong>Betriebsarten in der eWeLink-App konfigurierbar:<\/strong><\/p>\n<ul>\n<li>Manuell: der Benutzer kann das Ger\u00e4t manuell \u00fcber die eWeLink-App ein- und ausschalten<\/li>\n<li>Automatisch: Temperatur-\/Luftfeuchtigkeits-\/Bodenfeuchtewerte (jeweils nur ein Wert) k\u00f6nnen f\u00fcr verschiedene Tageszeiten und Zeitr\u00e4ume eingestellt werden, und das Relais arbeitet entsprechend den eingestellten Werten<\/li>\n<\/ul>\n<p>THR16 kann eine Push-Benachrichtigung senden, wenn sich der Status des Relais \u00e4ndert oder wenn der Messwert den eingestellten Grenzwert \u00fcberschreitet.<\/p>\n<p><\/p>\n<p><strong>ANWENDUNGSBEISPIELE<\/strong><\/p>\n<ul>\n<li>Be- oder Entfeuchtungssteuerung<\/li>\n<li>L\u00fcftersteuerung<\/li>\n<li>Kontrolle der Steckdosen<\/li>\n<li>Automatisierung von elektrischen Fu\u00dfboden- und anderen Heizungen<\/li>\n<li>Steuerung der Poolpumpe<\/li>\n<li>Automatisierung von Whirlpools (Jacuzzis)<\/li>\n<li>Steuerung der Bew\u00e4sserungsanlage<\/li>\n<\/ul>\n<p><\/p>\n<p><strong>Montage auf DIN-Schiene<\/strong><\/p>\n<p>Der Sonoff THR316 wird mit einem DIN-Schienen-Montageadapter f\u00fcr die Installation in einem Schaltschrank geliefert.<\/p>\n<p><\/p>\n<p><strong>Keine Notwendigkeit f\u00fcr einen Router (Hub)<\/strong><\/p>\n<p>Sonoff Wi-Fi-Ger\u00e4te k\u00f6nnen direkt und ohne zus\u00e4tzlichen Router \u00fcber Ihr Smartphone mit der eWeLink-App gesteuert werden. <br \/>Verwalten Sie alle intelligenten Ger\u00e4te in Ihrem Haus, erstellen Sie Schnellprofile, Szenen und Zeitpl\u00e4ne und passen Sie die Einstellungen an, wo immer Sie sind - \u00fcber den Cloud-Zugang.<\/p>\n<p><\/p>\n<p><strong>Konnektivit\u00e4t<\/strong><\/p>\n<ul>\n<li><strong>Funktioniert in einem 2,4-GHz-Wi-Fi-Netzwerk<\/strong><\/li>\n<li>Schnelles und einfaches Hinzuf\u00fcgen eines Ger\u00e4ts \u00fcber <strong>Bluetooth-Verbindungen<\/strong> mit der eWeLink-App<\/li>\n<\/ul>\n<p><\/p>\n<p><strong>Produktmerkmale:<\/strong><\/p>\n<ul>\n<li><strong>\u00dcberpr\u00fcfung des Status<\/strong> - Die App zeigt den aktuellen Status des Relais an (ein\/aus);<\/li>\n<li><strong>Fernbedienung ON\/OFF<\/strong> - Sie k\u00f6nnen alle Ihre Ger\u00e4te jederzeit und \u00fcberall aus der Ferne ein- und ausschalten;<\/li>\n<li><strong>Geschichte der Daten<\/strong> - Sensormessungen der letzten 6 Monate werden in der App als Diagramm angezeigt;<\/li>\n<li><strong>Zeitschaltuhr<\/strong> - Mehrere Timer-Funktionen: einmalige Zeit, Ein\/Aus-Timer, Countdown-Timer\/Timer;<\/li>\n<li><strong>Echtzeit-Anzeige von Temperatur und Luftfeuchtigkeit (in der App)<\/strong> - Wenn der Sensor THS01 oder SI7021 angeschlossen ist;<\/li>\n<li><strong>Temperaturanzeige in Echtzeit (in der App)<\/strong> - Wenn das wasserdichte Thermometer DS18B20 angeschlossen ist;<\/li>\n<li><strong>Echtzeitanzeige der Bodenfeuchte (in der App)<\/strong> - Wenn der Bodenfeuchtesensor MS01 angeschlossen ist;<\/li>\n<li><strong>Aktueller Schaltmodus<\/strong> (Tippen) - z. B. 0,5 oder 1 Sekunde;<\/li>\n<li><strong>Gemeinsame Kontrolle<\/strong> - Sie k\u00f6nnen das Ger\u00e4t gemeinsam mit Familienmitgliedern bedienen;<\/li>\n<li><strong>Gruppen, R\u00e4ume<\/strong> - Organisieren Sie Ihre Sonoff- und SmartWise-Ger\u00e4te in Gruppen und R\u00e4umen in der eWeLink-App;<\/li>\n<li><strong>Intelligente Steuerung (Szene)<\/strong> - Mit der eWeLink-Szenenfunktion k\u00f6nnen Sie bedingte Verbindungen zwischen Sonoff\/SmartWise-Ger\u00e4ten herstellen. Zum Beispiel die Aktivierung des Sonoff S26-Steckers entsprechend den Daten eines Temperatur- oder Feuchtigkeitssensors, der an ein THR316-Relais angeschlossen ist;<\/li>\n<li><strong>Kompatibilit\u00e4t<\/strong> - Vollst\u00e4ndig kompatibel mit Amazon Alexa, Google Assistant, IFTTT und Google Nest;<\/li>\n<li><strong>Sonoff und SmartWise sind miteinander kompatibel<\/strong>da sie die gleiche eWeLink-Werksanwendung verwenden<\/li>\n<\/ul>","protected":false},"excerpt":{"rendered":"<p>Das Sonoff THR316 ist die 16A-Version des neuen Produkts TH R3 Origin, der neuen 2022er Version der Sonoff TH10\/TH16 Wi-Fi Smart Relais Serie. Es unterst\u00fctzt das Schalten von 230 Volt (maximal 16A) und kann von einem Mobiltelefon aus \u00fcber das Internet ferngesteuert und f\u00fcr zeitgesteuertes Schalten eingestellt werden.<\/p>","protected":false},"featured_media":7406,"template":"","meta":{"_acf_changed":false},"product_brand":[120],"product_cat":[136,128,95,96],"product_tag":[],"class_list":{"0":"post-7404","1":"product","2":"type-product","3":"status-publish","4":"has-post-thumbnail","6":"product_brand-sonoff","7":"product_cat-ewelink","8":"product_cat-wi-fi","9":"product_cat-stikala","10":"product_cat-pametno-ogrevanje-in-hlajenje","12":"first","13":"instock","14":"sale","15":"taxable","16":"shipping-taxable","17":"purchasable","18":"product-type-simple"},"acf":[],"_links":{"self":[{"href":"https:\/\/iotronx.com\/de\/wp-json\/wp\/v2\/product\/7404","targetHints":{"allow":["GET"]}}],"collection":[{"href":"https:\/\/iotronx.com\/de\/wp-json\/wp\/v2\/product"}],"about":[{"href":"https:\/\/iotronx.com\/de\/wp-json\/wp\/v2\/types\/product"}],"wp:featuredmedia":[{"embeddable":true,"href":"https:\/\/iotronx.com\/de\/wp-json\/wp\/v2\/media\/7406"}],"wp:attachment":[{"href":"https:\/\/iotronx.com\/de\/wp-json\/wp\/v2\/media?parent=7404"}],"wp:term":[{"taxonomy":"product_brand","embeddable":true,"href":"https:\/\/iotronx.com\/de\/wp-json\/wp\/v2\/product_brand?post=7404"},{"taxonomy":"product_cat","embeddable":true,"href":"https:\/\/iotronx.com\/de\/wp-json\/wp\/v2\/product_cat?post=7404"},{"taxonomy":"product_tag","embeddable":true,"href":"https:\/\/iotronx.com\/de\/wp-json\/wp\/v2\/product_tag?post=7404"}],"curies":[{"name":"wp","href":"https:\/\/api.w.org\/{rel}","templated":true}]}}