{"id":7412,"date":"2025-07-13T17:32:13","date_gmt":"2025-07-13T17:32:13","guid":{"rendered":"http:\/\/iotronx.com\/izdelek\/sonoff-s-mate-extreme-s-mate2-z-ewelink-remote-bluetooth-zdruzljiv-brezzicni-stikalni-modul\/"},"modified":"2025-08-07T22:21:31","modified_gmt":"2025-08-07T22:21:31","slug":"sonoff-s-mate-extreme-s-mate2-mit-ewelink-remote-bluetooth-kompatibles-drahtloses-schaltmodul","status":"publish","type":"product","link":"https:\/\/iotronx.com\/de\/product\/sonoff-s-mate-extreme-s-mate2-mit-ewelink-remote-bluetooth-kompatibles-drahtloses-schaltmodul\/","title":{"rendered":"Sonoff S-MATE2 Kabelloses Bluetooth-Schaltmodul"},"content":{"rendered":"<p><strong>Sonoff S-MATE Extreme (S-MATE2)<\/strong> ist das Bluetooth-basierte Fernbedienungsmodul der n\u00e4chsten Generation von Sonoff, das die neue <strong>eWeLink-Remote<\/strong> drahtlose Technologie.<\/p>\n<blockquote>\n<p><strong>Was ist eWeLink-Remote?<\/strong><\/p>\n<p>Bisher verwendeten Sonoff und andere eWeLink-kompatible Ger\u00e4te 433 MHz RF f\u00fcr die drahtlose lokale Steuerung. Jetzt verwendet die neue Generation der Wi-Fi + Bluetooth Sonoff-Ger\u00e4te (wie Mini R3, Mini R4, Basic R4 und T5 Extreme) <strong>eWeLink-Remote<\/strong>-ein Bluetooth Low Energy (BLE)-basiertes Protokoll, das Folgendes bietet:<\/p>\n<ul>\n<li>Viel gr\u00f6\u00dfere Reichweite als RF - bis zu 100-150 Meter im Freien (3-5x mehr als RF).<\/li>\n<li>Kein physischer Zugang oder Tasten erforderlich - die Kopplung erfolgt direkt in der App.<\/li>\n<li>Einfaches Entkoppeln direkt aus der eWeLink-App.<\/li>\n<li>Kein zus\u00e4tzlicher Hub erforderlich - Ger\u00e4te mit eWeLink-Remote-Empf\u00e4nger k\u00f6nnen Befehle \u00fcber die eWeLink Cloud an andere smarte Ger\u00e4te mit Szenen weitergeben.<\/li>\n<\/ul>\n<\/blockquote>\n<p><strong>S-MATE2 ist ein kompaktes eWeLink-Remote Fernsteuerungsmodul<\/strong> die mit Schaltern zusammenarbeitet, um drahtlose EIN\/AUS-Signale an intelligente Ger\u00e4te wie den Sonoff Mini R4, Basic R4 oder TX T5 Extreme zu senden, die mit einem eWeLink-Remote-Empf\u00e4nger ausgestattet sind.<\/p>\n<p>Sie k\u00f6nnen einen herk\u00f6mmlichen Wandschalter (Kippschalter oder Taster) an einen der drei Eing\u00e4nge des S-MATE2 anschlie\u00dfen. Jeder Eingang kann mit einem anderen Ger\u00e4t gepaart werden, wodurch die Steuerung von bis zu <strong>drei getrennte Ger\u00e4te<\/strong> von einem einzigen S-MATE2 \u00fcber einen 3fach-Schalter.<\/p>\n<p>Kompatibel mit beiden <strong>Kippschalter und Taster<\/strong> - Verwenden Sie einfach den Wahlschalter am S-MATE2, um den Schaltertyp zu w\u00e4hlen.<\/p>\n<p>Mit dem S-MATE2 verbundene Schalter k\u00f6nnen auch intelligente Szenen in der eWeLink-App ausl\u00f6sen, um andere Ger\u00e4te zu steuern (auch wenn diese eWeLink-Remote nicht unterst\u00fctzen). Diese Szenen erfordern eine Internetverbindung, aber die direkte Bluetooth-basierte Steuerung funktioniert auch, wenn Wi-Fi nicht verf\u00fcgbar ist.<\/p>\n<p>Dank seiner kompakten Bauweise passt der S-MATE2 in die meisten Einbaudosen (Typ EU\/86 oder 120) und funktioniert mit fast allen Schalterformaten (Wippe, Taster usw.).<\/p>\n<p><strong>Wesentliche Merkmale:<\/strong><\/p>\n<ul>\n<li><strong>Kompakt und kompatibel<\/strong> - Passend f\u00fcr verschiedene Einbaudosen und Schaltertypen<\/li>\n<li><strong>eWeLink-Fernsteuerung vor Ort<\/strong> - Zuverl\u00e4ssige Bluetooth-Fernbedienung bis zu 50-150 Meter<\/li>\n<li><strong>Szene-Unterst\u00fctzung<\/strong> - Ausl\u00f6sen von cloudbasierten Automatisierungsszenen in der eWeLink-App<\/li>\n<li><strong>Batteriebetrieben<\/strong> - Langlebige Stromversorgung durch eine CR2477-Batterie (bis zu 5 Jahre)<\/li>\n<li><strong>Kein Nullleiter erforderlich<\/strong> - Perfekt f\u00fcr Nachr\u00fcstungsinstallationen ohne Neuverkabelung<\/li>\n<\/ul>\n<p>Kombinieren Sie das S-MATE2 mit den Sonoff Mini R4, Basic R4 oder T5 Extreme Schaltern f\u00fcr eine bequeme, kabellose, intelligente Steuerung Ihres gesamten Hauses.<\/p>","protected":false},"excerpt":{"rendered":"<p>Verbinden Sie bis zu 3 herk\u00f6mmliche Schalter mit dem drahtlosen Schaltermodul Sonoff S-MATE Extreme, um bis zu 3 intelligente Ger\u00e4te \u00fcber das eWeLink-Remote-Protokoll (Bluetooth) fernzusteuern, z. B. das intelligente Relais Sonoff Mini R4, Sonoff Basic R4 oder den intelligenten Wandschalter Sonoff TX T5 Extreme. .<\/p>","protected":false},"featured_media":7414,"template":"","meta":{"_acf_changed":false},"product_brand":[120],"product_cat":[131,136,95,90],"product_tag":[],"class_list":{"0":"post-7412","1":"product","2":"type-product","3":"status-publish","4":"has-post-thumbnail","6":"product_brand-sonoff","7":"product_cat-bluetooth","8":"product_cat-ewelink","9":"product_cat-stikala","10":"product_cat-razsvetljava","12":"first","13":"instock","14":"sale","15":"taxable","16":"shipping-taxable","17":"purchasable","18":"product-type-simple"},"acf":[],"_links":{"self":[{"href":"https:\/\/iotronx.com\/de\/wp-json\/wp\/v2\/product\/7412","targetHints":{"allow":["GET"]}}],"collection":[{"href":"https:\/\/iotronx.com\/de\/wp-json\/wp\/v2\/product"}],"about":[{"href":"https:\/\/iotronx.com\/de\/wp-json\/wp\/v2\/types\/product"}],"wp:featuredmedia":[{"embeddable":true,"href":"https:\/\/iotronx.com\/de\/wp-json\/wp\/v2\/media\/7414"}],"wp:attachment":[{"href":"https:\/\/iotronx.com\/de\/wp-json\/wp\/v2\/media?parent=7412"}],"wp:term":[{"taxonomy":"product_brand","embeddable":true,"href":"https:\/\/iotronx.com\/de\/wp-json\/wp\/v2\/product_brand?post=7412"},{"taxonomy":"product_cat","embeddable":true,"href":"https:\/\/iotronx.com\/de\/wp-json\/wp\/v2\/product_cat?post=7412"},{"taxonomy":"product_tag","embeddable":true,"href":"https:\/\/iotronx.com\/de\/wp-json\/wp\/v2\/product_tag?post=7412"}],"curies":[{"name":"wp","href":"https:\/\/api.w.org\/{rel}","templated":true}]}}