{"id":7452,"date":"2025-07-13T17:33:18","date_gmt":"2025-07-13T17:33:18","guid":{"rendered":"http:\/\/iotronx.com\/izdelek\/wdyk-mcb-20a-4p-wi-fi-smart-mini-odklopnik-20a\/"},"modified":"2026-01-28T08:16:57","modified_gmt":"2026-01-28T08:16:57","slug":"wdyk-mcb-20a-4p-wi-fi-smart-mini-schutzschalter-20a","status":"publish","type":"product","link":"https:\/\/iotronx.com\/de\/product\/wdyk-mcb-20a-4p-wi-fi-smart-mini-schutzschalter-20a\/","title":{"rendered":"WDYK MCB 20A 4P Wi-Fi Smart Mini-Schutzschalter (20A)"},"content":{"rendered":"<p><strong>WDYK MCB 20A 4P<\/strong> ist <strong>vierpoliger (3P + 1N) intelligenter Miniaturschutzschalter (MCB)<\/strong>mit Wi-Fi und Unterst\u00fctzung f\u00fcr die eWeLink-Cloud und die eWeLink-App. <strong>Unterst\u00fctzt maximal 3 x 20A (auf allen drei Phasen).<\/strong><\/p>\n<blockquote>\n<p>Dieses Modell **hat keinen eingebauten Leistungsmesser** - nur die Typen MCB POW und RCBO POW bieten Leistungsmessung und \u00dcberlastschutz. Diese Funktionen werden bei diesem Modell **nicht unterst\u00fctzt**.<\/p>\n<\/blockquote>\n<p>Das Ger\u00e4t hat 3 Phasen + Nullleiter am Eingang und Ausgang und schaltet alle 3 Phasen und den Nullleiter aus, wenn es ausgeschaltet wird. Mit der eWeLink-App k\u00f6nnen Sie den Leistungsschalter \u00fcber das Web und die iOS- (Apple) oder Android-App ein- und ausschalten und automatische Ein- und Ausschaltzeitpl\u00e4ne festlegen.<\/p>\n<p>Mit den eWeLink-Push-Benachrichtigungen k\u00f6nnen Sie sofortige Nachrichten auf Ihrem Smartphone erhalten, wenn der Schutzschalter ausgel\u00f6st wird.<\/p>\n<p>Das Ger\u00e4t verf\u00fcgt auch \u00fcber einen physischen Taster, \u00e4hnlich wie ein herk\u00f6mmlicher Schutzschalter. Der Knopf hat einen eingebauten Motor, so dass das Ger\u00e4t auch aus der Ferne bedient werden kann. Die App erm\u00f6glicht auch die gemeinsame Nutzung der Steuerung mit anderen Benutzern.<\/p>\n<p><span style=\"font-size: 1rem;letter-spacing: 0.00938em\">Mit diesem intelligenten MCB k\u00f6nnen Sie Ihre dreiphasigen Leistungsschalter ganz einfach fernsteuern, egal wo Sie sich befinden. Sie k\u00f6nnen den EIN\/AUS-Status \u00fcberpr\u00fcfen und das Ger\u00e4t aus der Ferne steuern.<\/span><\/p>\n<p><strong>Wichtigste Produktmerkmale:<\/strong><\/p>\n<ul>\n<li><strong>Intelligenter dreiphasiger MCB<\/strong> (Leitungsschutzschalter)<\/li>\n<li><strong>Ausgestattet mit Wi-Fi<\/strong>Verbindung zur eWeLink-Cloud \u00fcber Wi-Fi-Router, App-Steuerung <strong>eWeLink<\/strong>ohne die Notwendigkeit einer lokalen Schnittstelle<\/li>\n<li><strong>Vierpoliger Schutzschalter f\u00fcr 3 x Phase und Neutralleiter<\/strong><\/li>\n<li><strong>Fernbedienung ein\/aus<\/strong> - Sie k\u00f6nnen Ihre Ger\u00e4te aus der Ferne ein- und ausschalten, \u00fcberall und jederzeit<\/li>\n<li><strong>Mobile App<\/strong> - Kostenlose eWeLink-App f\u00fcr iOS und Android<\/li>\n<li><strong>Synchronisierung des Status<\/strong> - den aktuellen Relaisstatus (ein\/aus) in der App \u00fcberpr\u00fcfen<\/li>\n<li><strong>Zeitschaltuhr<\/strong> - verschiedene Funktionen: einmalig, Timer, Countdown-Timer, Wiederholungstimer<\/li>\n<li><strong>Gemeinsame Verwaltung der Nutzung<\/strong> - das Ger\u00e4t gemeinsam mit Ihrer Familie oder Ihren Kollegen bedienen<\/li>\n<li><strong>Leitung der Gruppe<\/strong> - \u00e4hnliche Ger\u00e4te gruppieren und gemeinsam verwalten<\/li>\n<li><strong>Intelligente Szenen<\/strong> - automatisches Ein- und Ausschalten auf der Grundlage von Temperatur-, Feuchtigkeits- oder anderen Umgebungssensoren<\/li>\n<li><strong>Kompatibilit\u00e4t<\/strong> - vollst\u00e4ndig kompatibel mit Amazon Alexa, Google Assistant, IFTTT und Google Nest<\/li>\n<li><strong>Unterst\u00fctzung f\u00fcr eWeLink<\/strong> - nutzt eWeLink-Cloud und App, kompatibel mit Sonoff- und SmartWise-Ger\u00e4ten<\/li>\n<\/ul>","protected":false},"excerpt":{"rendered":"<p>Dieser mit einem Wi-Fi-Chip ausgestattete Smart MCB (Mini-Schutzschalter) von WDYK ist ein mit der Sonoff\/eWeLink-App kompatibles intelligentes Ger\u00e4t, das von einem Mobiltelefon aus \u00fcber das Internet ferngesteuert werden kann, zeitgesteuertes Ein- und Ausschalten unterst\u00fctzt, App-Push-Benachrichtigungen senden kann, wenn es aus- oder eingeschaltet wird, und eine maximale Kapazit\u00e4t von 20 A hat. Es kann direkt an einen Wi-Fi-Router angeschlossen werden, eine lokale Zentraleinheit oder ein Hub ist nicht erforderlich.dies ist die 4P (3P+1N) Version des Produkts, ohne die Strommessfunktion.<\/p>","protected":false},"featured_media":7439,"template":"","meta":{"_acf_changed":false},"product_brand":[122],"product_cat":[91],"product_tag":[],"class_list":{"0":"post-7452","1":"product","2":"type-product","3":"status-publish","4":"has-post-thumbnail","6":"product_brand-wdyk","7":"product_cat-nadzor-porabe-energije","9":"first","10":"outofstock","11":"sale","12":"taxable","13":"shipping-taxable","14":"purchasable","15":"product-type-simple"},"acf":[],"_links":{"self":[{"href":"https:\/\/iotronx.com\/de\/wp-json\/wp\/v2\/product\/7452","targetHints":{"allow":["GET"]}}],"collection":[{"href":"https:\/\/iotronx.com\/de\/wp-json\/wp\/v2\/product"}],"about":[{"href":"https:\/\/iotronx.com\/de\/wp-json\/wp\/v2\/types\/product"}],"wp:featuredmedia":[{"embeddable":true,"href":"https:\/\/iotronx.com\/de\/wp-json\/wp\/v2\/media\/7439"}],"wp:attachment":[{"href":"https:\/\/iotronx.com\/de\/wp-json\/wp\/v2\/media?parent=7452"}],"wp:term":[{"taxonomy":"product_brand","embeddable":true,"href":"https:\/\/iotronx.com\/de\/wp-json\/wp\/v2\/product_brand?post=7452"},{"taxonomy":"product_cat","embeddable":true,"href":"https:\/\/iotronx.com\/de\/wp-json\/wp\/v2\/product_cat?post=7452"},{"taxonomy":"product_tag","embeddable":true,"href":"https:\/\/iotronx.com\/de\/wp-json\/wp\/v2\/product_tag?post=7452"}],"curies":[{"name":"wp","href":"https:\/\/api.w.org\/{rel}","templated":true}]}}