{"id":7460,"date":"2025-07-13T17:33:18","date_gmt":"2025-07-13T17:33:18","guid":{"rendered":"http:\/\/iotronx.com\/izdelek\/wdyk-mcb-63a-2p-wi-fi-smart-mini-odklopnik-63a\/"},"modified":"2026-01-28T08:16:58","modified_gmt":"2026-01-28T08:16:58","slug":"wdyk-mcb-63a-2p-wi-fi-smart-mini-trennschalter-63a","status":"publish","type":"product","link":"https:\/\/iotronx.com\/de\/product\/wdyk-mcb-63a-2p-wi-fi-smart-mini-trennschalter-63a\/","title":{"rendered":"WDYK MCB 63A 2P Wi-Fi Smart Mini Circuit Breaker (63A)"},"content":{"rendered":"<p><strong>WDYK MCB 63A 2P<\/strong> ist <strong>Zweipoliger (1P + 1N) intelligenter Leitungsschutzschalter (MCB)<\/strong>mit Wi-Fi und Unterst\u00fctzung f\u00fcr die eWeLink-Cloud und die eWeLink-App. <strong>Es handelt sich um eine leistungsstarke Version, die bis zu 63 A unterst\u00fctzt.<\/strong><\/p>\n<blockquote>\n<p>Dieses Modell <strong>verf\u00fcgt nicht \u00fcber einen eingebauten Leistungsmesser<\/strong> - Leistungsmessung und \u00dcberlastschutz sind nur bei den Typen MCB POW und RCBO POW verf\u00fcgbar. Dieses Modell bietet diese Funktionen <strong>nicht unterst\u00fctzt<\/strong>.<\/p>\n<\/blockquote>\n<p>Das Ger\u00e4t hat sowohl auf der Eingangs- als auch auf der Ausgangsseite eine Phase (Live) und einen Neutralleiter und schaltet beide aus, wenn der Schutzschalter ausgeschaltet wird. Mit der eWeLink-App k\u00f6nnen Sie den Leistungsschalter \u00fcber das Internet und die iOS- (Apple) oder Android-App ein- und ausschalten, und es ist auch m\u00f6glich, automatische Ein- und Ausschaltzeitpl\u00e4ne einzurichten.<\/p>\n<p>Mit Hilfe von Push-Benachrichtigungen in der eWeLink-App k\u00f6nnen Sie eine Sofortnachricht auf Ihrem Smartphone erhalten, wenn der Schutzschalter ausgel\u00f6st wird.<\/p>\n<p>Das Ger\u00e4t verf\u00fcgt auch \u00fcber eine physische Taste, \u00e4hnlich wie herk\u00f6mmliche Schutzschalter. Seine EIN\/AUS-Taste hat einen eingebauten Motor, so dass sie auch aus der Ferne bedient werden kann. Mit der App k\u00f6nnen Sie die Steuerung mit anderen Nutzern teilen.<\/p>\n<p><span style=\"font-size: 1rem;letter-spacing: 0.00938em\">Dieser intelligente MCB erm\u00f6glicht die bequeme Fernsteuerung Ihrer Schutzschalter - egal wo Sie sich befinden, Sie k\u00f6nnen den EIN\/AUS-Status \u00fcberpr\u00fcfen und das Ger\u00e4t aus der Ferne steuern.<\/span><\/p>\n<p><strong>Wichtigste Produktmerkmale:<\/strong><\/p>\n<ul>\n<li><strong>Intelligenter MCB<\/strong> - smart mini Sicherungsautomaten<\/li>\n<li><strong>Ausgestattet mit Wi-Fi<\/strong>Verbindung zur eWeLink-Cloud \u00fcber Wi-Fi-Router, App-Steuerung <strong>eWeLink<\/strong>ohne die Notwendigkeit einer lokalen Schnittstelle<\/li>\n<li><strong>Zweipoliger Schutzschalter f\u00fcr Phase (Live) und Neutralleiter<\/strong><\/li>\n<li><strong>Fernbedienung ein\/aus<\/strong> - Sie k\u00f6nnen Ihre Ger\u00e4te aus der Ferne ein- und ausschalten, \u00fcberall und jederzeit<\/li>\n<li><strong>Mobile App<\/strong> - Kostenlose eWeLink-App f\u00fcr iOS und Android<\/li>\n<li><strong>Synchronisierung des Status<\/strong> - den aktuellen Relaisstatus (ein\/aus) in der App \u00fcberpr\u00fcfen<\/li>\n<li><strong>Zeitschaltuhr<\/strong> - verschiedene Funktionen: einmalig, Timer, Countdown-Timer, Wiederholungstimer<\/li>\n<li><strong>Gemeinsame Verwaltung der Nutzung<\/strong> - das Ger\u00e4t gemeinsam mit Ihrer Familie oder Ihren Kollegen bedienen<\/li>\n<li><strong>Leitung der Gruppe<\/strong> - \u00e4hnliche Ger\u00e4te gruppieren und gemeinsam verwalten<\/li>\n<li><strong>Intelligente Szenen<\/strong> - automatisches Ein- und Ausschalten auf der Grundlage von Temperatur-, Feuchtigkeits- oder anderen Umgebungssensoren<\/li>\n<li><strong>Kompatibilit\u00e4t<\/strong> - vollst\u00e4ndig kompatibel mit Amazon Alexa, Google Assistant, IFTTT und Google Nest<\/li>\n<li><strong>Unterst\u00fctzung f\u00fcr eWeLink<\/strong> - nutzt eWeLink-Cloud und App, kompatibel mit Sonoff- und SmartWise-Ger\u00e4ten<\/li>\n<\/ul>","protected":false},"excerpt":{"rendered":"<p>Dieser mit einem Wi-Fi-Chip ausgestattete WDYK-Smart-MCB (Mini-Schutzschalter) ist ein mit der Sonoff\/eWeLink-App kompatibles intelligentes Ger\u00e4t, das von einem Mobiltelefon aus \u00fcber das Internet ferngesteuert werden kann, das geplante Ein- und Ausschaltungen unterst\u00fctzt, App-Push-Benachrichtigungen senden kann, wenn es aus- oder eingeschaltet wird, und das eine maximale Kapazit\u00e4t von 63 A hat. Es wird direkt an einen Wi-Fi-Router angeschlossen, eine lokale Zentraleinheit oder ein Hub ist nicht erforderlich.2P (1P+1N) Version des Produkts, ohne Strommessfunktion.<\/p>","protected":false},"featured_media":7432,"template":"","meta":{"_acf_changed":false},"product_brand":[122],"product_cat":[91],"product_tag":[],"class_list":{"0":"post-7460","1":"product","2":"type-product","3":"status-publish","4":"has-post-thumbnail","6":"product_brand-wdyk","7":"product_cat-nadzor-porabe-energije","9":"first","10":"outofstock","11":"sale","12":"taxable","13":"shipping-taxable","14":"purchasable","15":"product-type-simple"},"acf":[],"_links":{"self":[{"href":"https:\/\/iotronx.com\/de\/wp-json\/wp\/v2\/product\/7460","targetHints":{"allow":["GET"]}}],"collection":[{"href":"https:\/\/iotronx.com\/de\/wp-json\/wp\/v2\/product"}],"about":[{"href":"https:\/\/iotronx.com\/de\/wp-json\/wp\/v2\/types\/product"}],"wp:featuredmedia":[{"embeddable":true,"href":"https:\/\/iotronx.com\/de\/wp-json\/wp\/v2\/media\/7432"}],"wp:attachment":[{"href":"https:\/\/iotronx.com\/de\/wp-json\/wp\/v2\/media?parent=7460"}],"wp:term":[{"taxonomy":"product_brand","embeddable":true,"href":"https:\/\/iotronx.com\/de\/wp-json\/wp\/v2\/product_brand?post=7460"},{"taxonomy":"product_cat","embeddable":true,"href":"https:\/\/iotronx.com\/de\/wp-json\/wp\/v2\/product_cat?post=7460"},{"taxonomy":"product_tag","embeddable":true,"href":"https:\/\/iotronx.com\/de\/wp-json\/wp\/v2\/product_tag?post=7460"}],"curies":[{"name":"wp","href":"https:\/\/api.w.org\/{rel}","templated":true}]}}