{"id":7482,"date":"2025-07-13T17:33:18","date_gmt":"2025-07-13T17:33:18","guid":{"rendered":"http:\/\/iotronx.com\/izdelek\/wdyk-mcb-pow-63a-1p-wi-fi-pametni-mini-odklopnik-z-merilnikom-moci-in-zascito-pred-preobremenitvijo-max-63a\/"},"modified":"2026-01-28T08:17:00","modified_gmt":"2026-01-28T08:17:00","slug":"wdyk-mcb-pow-63a-1p-wi-fi-smart-mini-schutzschalter-mit-leistungsmesser-und-uberlastschutz-max-63a","status":"publish","type":"product","link":"https:\/\/iotronx.com\/de\/product\/wdyk-mcb-pow-63a-1p-wi-fi-smart-mini-schutzschalter-mit-leistungsmesser-und-uberlastschutz-max-63a\/","title":{"rendered":"WDYK MCB POW 63A 1P Wi-Fi smart mini circuit breaker mit Leistungsmesser und \u00dcberlastschutz (max. 63A)"},"content":{"rendered":"<p><strong>MCB POW 63A 1P ist<\/strong> <strong>Einpoliger intelligenter Leitungsschutzschalter (MCB) mit Leistungsmesser, ausgestattet mit Wi-Fi und Unterst\u00fctzung f\u00fcr eWeLink Cloud und eWeLink App<\/strong>. Es ist eine leistungsstarke L\u00f6sung, <strong>unterst\u00fctzt maximal 63A.<\/strong> Die maximale Kapazit\u00e4t kann so eingestellt werden, dass Sie auch niedrigere Grenzwerte einstellen k\u00f6nnen.<\/p>\n<p>Aber es ist nicht nur ein Stromkreisunterbrecher, denn <strong>verf\u00fcgt auch \u00fcber eine Leistungsmessungs-\/Energie\u00fcberwachungsfunktion, so dass es auch zur Messung des Stromverbrauchs verwendet werden kann.<\/strong> Au\u00dferdem verf\u00fcgt es \u00fcber ein eingebautes OPS-System (<strong>\u00dcberlastschutzsystem)<\/strong>der die angeschlossenen Ger\u00e4te vor \u00dcberspannung, \u00dcberstrom und \u00dcberlast sch\u00fctzt.<\/p>\n<p><\/p>\n<p>Das Ger\u00e4t ben\u00f6tigt einen Phasen- und einen Nullleiter auf der Eingangsseite <em>(f\u00fcr den Betrieb)<\/em> und hat nur eine Phasenleitung auf der Ausgangsseite. Mit der eWeLink-App k\u00f6nnen Sie den Schutzschalter \u00fcber das Internet und ein iOS- (Apple) oder Android-Smartphone ein- und ausschalten und auch automatische Ein- und Ausschaltzeitpl\u00e4ne festlegen. Das Ger\u00e4t verf\u00fcgt auch \u00fcber eine physische Taste, \u00e4hnlich wie herk\u00f6mmliche Schutzschalter. Die Ein-\/Ausschalttaste ist mit einem eingebauten Motor ausgestattet, so dass sie auch aus der Ferne bedient werden kann. Die gemeinsame Steuerung mit anderen Benutzern in der App wird ebenfalls unterst\u00fctzt.<\/p>\n<p><strong>Echtzeit-Strommessfunktion, Tages- und Monatsstatistiken werden in der mobilen App angezeigt. Sie unterst\u00fctzt auch das Herunterladen von Verbrauchsdaten auf ein Smartphone im CSV-Format.<\/strong> Ein intelligentes Relais hilft nicht nur beim ferngesteuerten und zeitgesteuerten Ein- und Ausschalten, es ist auch die ideale L\u00f6sung, um Ihren Stromverbrauch zu verstehen und zu optimieren.<\/p>\n<p>Das Ger\u00e4t misst nicht nur die aktuelle Leistungsaufnahme, sondern zeigt auch die aktuellen Spannungs- und Stromdaten auf dem Display an. Es sind OPS-Einstellungen (\u00dcberlastungsschutz) mit minimaler Leistung, maximaler Leistung, maximalem Strom und maximaler Spannung verf\u00fcgbar. Der Export von bis zu 100 Tagen Verbrauchshistorie wird \u00fcber die eWeLink-Cloud im CSV-Format auf ein Smartphone unterst\u00fctzt.<\/p>\n<p><\/p>\n<p><strong>Produktmerkmale:<\/strong><\/p>\n<ul>\n<li><strong>Intelligenter MCB<\/strong> - smart mini Sicherungsautomaten<\/li>\n<li><strong>Ausgestattet mit Wi-Fi<\/strong>Die Verbindung zur eWeLink-Cloud erfolgt \u00fcber einen Wi-Fi-Router, die Verwaltung \u00fcber <strong>eWeLink-Anwendungen<\/strong>keine lokale Zentraleinheit (Hub) erforderlich<\/li>\n<li><strong>Einpoliger Schutzschalter nur f\u00fcr Phasenleiter<\/strong>, ben\u00f6tigt aber zum Betrieb einen Neutralleiter auf der Eingangsseite<\/li>\n<li><strong>Leistungsmessung in Echtzeit -<\/strong> zeigt Stromverbrauch, Spannung und Strom in der eWeLink-App an<\/li>\n<li><strong>Messung des Verbrauchs f\u00fcr einen bestimmten Zeitraum -<\/strong> Stoppuhrfunktion, der Verbrauch wird vom Einschalten bis zum Ausschalten gemessen<\/li>\n<li><strong>Energieverbrauchsstatistiken -<\/strong> t\u00e4gliche und monatliche aggregierte Verbrauchsstatistiken, die in der App angezeigt werden (monatliche Daten f\u00fcr die letzten 100 Tage)<\/li>\n<li><strong>OPS<\/strong>\u00dcberlastschutzeinstellungen<\/li>\n<li><strong>Fernbedienung ein\/aus<\/strong> - Sie k\u00f6nnen Ihre Ger\u00e4te jederzeit und \u00fcberall aus der Ferne steuern<\/li>\n<li><strong>Mobile App<\/strong> - Kostenlose eWeLink-App f\u00fcr iOS und Android<\/li>\n<li><strong>Synchronisierung des Status<\/strong> - den aktuellen Relaisstatus (ein\/aus) in der mobilen App \u00fcberpr\u00fcfen<\/li>\n<li><strong>Zeitschaltuhr<\/strong> - verschiedene Timer-Funktionen: einmaliges Einschalten, Timer, Countdown, Wiederholung<\/li>\n<li><strong>Gemeinsame Verwaltung<\/strong> - Ihr Ger\u00e4t gemeinsam mit Ihrer Familie oder anderen Nutzern verwalten<\/li>\n<li><strong>Leitung der Gruppe<\/strong> - \u00e4hnliche Ger\u00e4te gruppieren und gemeinsam ein- und ausschalten<\/li>\n<li><strong>Intelligente Szenen<\/strong> - automatisches Ein- und Ausschalten auf der Grundlage von Temperatur-, Feuchtigkeits- oder anderen Umgebungssensoren<\/li>\n<li><strong>Kompatibilit\u00e4t -<\/strong> arbeitet nahtlos mit Amazon Alexa, Google Assistant, IFTTT und Google Nest zusammen<\/li>\n<li><strong>Kompatibel mit eWeLink<\/strong> - nutzt die eWeLink-Cloud und die mit Sonoff- und SmartWise-Ger\u00e4ten kompatible App<\/li>\n<\/ul>","protected":false},"excerpt":{"rendered":"<p>Dieser WDYK Smart MCB (Mini-Leistungsschalter) mit Stromz\u00e4hler und Wi-Fi-Chip ist ein intelligentes Ger\u00e4t, das mit der Sonoff\/eWeLink-App kompatibel ist, mit einem Mobiltelefon \u00fcber das Internet ferngesteuert werden kann, das geplante Ein- und Ausschaltungen unterst\u00fctzt, App-Push-Benachrichtigungen senden kann, wenn es aus- oder eingeschaltet ist, den Stromverbrauch misst, \u00fcber ein OPS (\u00dcberlastschutzsystem) verf\u00fcgt und eine maximale Kapazit\u00e4t von 63 A hat. Es kann direkt an einen Wi-Fi-Router angeschlossen werden, eine lokale Zentraleinheit oder ein Hub ist nicht erforderlich.1P-Version des Produkts mit Leistungsmessung und \u00dcberlastungsschutzfunktionen.<\/p>","protected":false},"featured_media":7466,"template":"","meta":{"_acf_changed":false},"product_brand":[122],"product_cat":[91],"product_tag":[],"class_list":{"0":"post-7482","1":"product","2":"type-product","3":"status-publish","4":"has-post-thumbnail","6":"product_brand-wdyk","7":"product_cat-nadzor-porabe-energije","9":"first","10":"outofstock","11":"sale","12":"taxable","13":"shipping-taxable","14":"purchasable","15":"product-type-simple"},"acf":[],"_links":{"self":[{"href":"https:\/\/iotronx.com\/de\/wp-json\/wp\/v2\/product\/7482","targetHints":{"allow":["GET"]}}],"collection":[{"href":"https:\/\/iotronx.com\/de\/wp-json\/wp\/v2\/product"}],"about":[{"href":"https:\/\/iotronx.com\/de\/wp-json\/wp\/v2\/types\/product"}],"wp:featuredmedia":[{"embeddable":true,"href":"https:\/\/iotronx.com\/de\/wp-json\/wp\/v2\/media\/7466"}],"wp:attachment":[{"href":"https:\/\/iotronx.com\/de\/wp-json\/wp\/v2\/media?parent=7482"}],"wp:term":[{"taxonomy":"product_brand","embeddable":true,"href":"https:\/\/iotronx.com\/de\/wp-json\/wp\/v2\/product_brand?post=7482"},{"taxonomy":"product_cat","embeddable":true,"href":"https:\/\/iotronx.com\/de\/wp-json\/wp\/v2\/product_cat?post=7482"},{"taxonomy":"product_tag","embeddable":true,"href":"https:\/\/iotronx.com\/de\/wp-json\/wp\/v2\/product_tag?post=7482"}],"curies":[{"name":"wp","href":"https:\/\/api.w.org\/{rel}","templated":true}]}}