{"id":7495,"date":"2025-07-13T17:33:37","date_gmt":"2025-07-13T17:33:37","guid":{"rendered":"http:\/\/iotronx.com\/izdelek\/wdyk-rcbo-pow-63a-2p-wi-fi-pametni-odklopnik-preostalega-toka\/"},"modified":"2026-01-28T08:16:54","modified_gmt":"2026-01-28T08:16:54","slug":"wdyk-rcbo-pow-63a-2p-wi-fi-smart-fehlerstromschutzschalter","status":"publish","type":"product","link":"https:\/\/iotronx.com\/de\/product\/wdyk-rcbo-pow-63a-2p-wi-fi-smart-fehlerstromschutzschalter\/","title":{"rendered":"WDYK RCBO POW 63A 2P Wi-Fi Smart Fehlerstrom-Schutzschalter"},"content":{"rendered":"<p><strong>RCBO POW 63A 2P ist<\/strong> <strong>Dualer (1P+1N) intelligenter Differenzialschutzschalter (RCBO), der Phase und Neutralleiter gleichzeitig steuert, ausgestattet mit Wi-Fi und Unterst\u00fctzung f\u00fcr eWeLink Cloud und eWeLink App<\/strong>. <strong>Es handelt sich um eine professionelle Hochleistungsl\u00f6sung, die bis zu 63 A unterst\u00fctzt.<\/strong> Sie k\u00f6nnen die maximale Kapazit\u00e4t auch auf niedrigere Grenzwerte einstellen.<\/p>\n<p>Aber es ist nicht nur ein Stromkreisunterbrecher, denn <strong>verf\u00fcgt \u00fcber eine Leistungsmessungs-\/Energie\u00fcberwachungsfunktion, kann also auch den Stromverbrauch messen.<\/strong> Es umfasst auch ein integriertes OPS-System (<strong>\u00dcberlast-Schutzsystem<\/strong>), der die angeschlossenen Ger\u00e4te vor \u00dcberspannung, \u00dcberstrom und \u00dcberlast sch\u00fctzt.<\/p>\n<p><\/p>\n<blockquote>\n<p><strong>Was ist der Unterschied zwischen MCB und RCBO?<\/strong><\/p>\n<p> Der MCB kann nicht vor Erdschl\u00fcssen sch\u00fctzen, w\u00e4hrend der RCBO auch vor Stromschl\u00e4gen und Erdschl\u00fcssen sch\u00fctzen kann. Der MCB \u00fcberwacht den Strom und unterbricht den Stromkreis im Falle eines Kurzschlusses oder einer \u00dcberlast. Der FI-Schutzschalter \u00fcberwacht den Strom durch den Phasenleiter und den R\u00fcckstrom durch den Neutralleiter. Dar\u00fcber hinaus kann der RCBO den Stromkreis bei Ableitstrom gegen Erde, Kurzschluss und \u00dcberstrom unterbrechen.<\/p>\n<p>Der RCBO sch\u00fctzt gegen Erdschluss, Kurzschluss und \u00dcberlast, w\u00e4hrend der MCB nur gegen Kurzschluss und \u00dcberlast sch\u00fctzt.<\/p>\n<\/blockquote>\n<p><\/p>\n<p>Das Ger\u00e4t ben\u00f6tigt einen Phasen- und Nullleiter am Eingang und hat auch einen Phasen- und Nullleiter am Ausgang. Mit der eWeLink-App k\u00f6nnen Sie den Schutzschalter \u00fcber das Internet und ein iOS- oder Android-Smartphone ein- oder ausschalten und automatische Ein- und Ausschaltzeitpl\u00e4ne festlegen. Das Ger\u00e4t verf\u00fcgt auch \u00fcber einen physischen Knopf, \u00e4hnlich wie bei herk\u00f6mmlichen Schutzschaltern, der einen eingebauten Motor zur Fernsteuerung hat. Die gemeinsame Steuerung mit anderen Benutzern in der App wird ebenfalls unterst\u00fctzt.<\/p>\n<p><strong>Die Echtzeit-Strommessung sowie t\u00e4gliche und monatliche Statistiken werden in der mobilen App angezeigt. Sie unterst\u00fctzt auch das Herunterladen von Verbrauchsdaten auf ein Smartphone im CSV-Format.<\/strong> Ein intelligentes Relais hilft nicht nur beim ferngesteuerten und zeitgesteuerten Ein- und Ausschalten, es ist auch die ideale L\u00f6sung, um Ihren Stromverbrauch zu verstehen und zu optimieren.<\/p>\n<p>Das Ger\u00e4t misst nicht nur die aktuelle Leistungsaufnahme, sondern zeigt auch die aktuellen Spannungs- und Stromdaten an. OPS-Einstellungen (\u00dcberlastungsschutz) sind verf\u00fcgbar mit der M\u00f6glichkeit, minimale Leistung, maximale Leistung, maximalen Strom und maximale Spannung einzustellen. Der Export von bis zu 100 Tagen des Verbrauchsverlaufs im CSV-Format \u00fcber die eWeLink-Cloud auf ein Smartphone wird unterst\u00fctzt.<\/p>\n<p><\/p>\n<p><strong>Produktmerkmale:<\/strong><\/p>\n<ul>\n<li><strong>Smart RCBO<\/strong> - Smart Differential Circuit Breaker mit Strommessung<\/li>\n<li><strong>Ausgestattet mit Wi-Fi<\/strong>Die Verbindung zur eWeLink-Cloud erfolgt \u00fcber einen Wi-Fi-Router, die Verwaltung \u00fcber <strong>eWeLink-Anwendungen<\/strong>ohne die Notwendigkeit einer lokalen Zentraleinheit (Hub)<\/li>\n<li><strong>Doppelter Schutzschalter f\u00fcr Phase und Nullleiter<\/strong><\/li>\n<li><strong>Leistungsmessung in Echtzeit -<\/strong> zeigt Stromverbrauch, Spannung und Strom in der eWeLink-App an<\/li>\n<li><strong>Messung des Verbrauchs f\u00fcr einen bestimmten Zeitraum -<\/strong> Stoppuhrfunktion, der Verbrauch wird vom Einschalten bis zum Ausschalten gemessen<\/li>\n<li><strong>Energieverbrauchsstatistiken -<\/strong> t\u00e4gliche und monatliche aggregierte Verbrauchsstatistiken, die in der App angezeigt werden (f\u00fcr die letzten 100 Tage)<\/li>\n<li><strong>OPS<\/strong>\u00dcberlastschutzeinstellungen<\/li>\n<li><strong>Fernbedienung ein\/aus<\/strong> - Sie k\u00f6nnen Ihre Ger\u00e4te jederzeit und \u00fcberall aus der Ferne steuern<\/li>\n<li><strong>Mobile App<\/strong> - Kostenlose eWeLink-App f\u00fcr iOS und Android<\/li>\n<li><strong>Synchronisierung des Status<\/strong> - den aktuellen Relaisstatus (ein\/aus) in der mobilen App \u00fcberpr\u00fcfen<\/li>\n<li><strong>Zeitschaltuhr<\/strong> - verschiedene Timer-Funktionen: einmaliges Einschalten, Timer, Countdown, Wiederholung<\/li>\n<li><strong>Gemeinsame Verwaltung<\/strong> - Ihr Ger\u00e4t gemeinsam mit Ihrer Familie oder anderen Nutzern verwalten<\/li>\n<li><strong>Leitung der Gruppe<\/strong> - \u00e4hnliche Ger\u00e4te gruppieren und gemeinsam ein- und ausschalten<\/li>\n<li><strong>Intelligente Szenen<\/strong> - automatisches Ein- und Ausschalten auf der Grundlage von Temperatur-, Feuchtigkeits- oder anderen Umgebungssensoren<\/li>\n<li><strong>Kompatibilit\u00e4t<\/strong> - arbeitet nahtlos mit Amazon Alexa, Google Assistant, IFTTT und Google Nest zusammen<\/li>\n<li><strong>Kompatibel mit eWeLink<\/strong> - nutzt die eWeLink-Cloud und die mit Sonoff- und SmartWise-Ger\u00e4ten kompatible App<\/li>\n<\/ul>","protected":false},"excerpt":{"rendered":"<p>Dieser intelligente Fehlerstromschutzschalter (RCBO) mit Leistungsmesser und Wi-Fi-Chip von WDYK ist ein mit der Sonoff\/eWeLink-App kompatibles intelligentes Ger\u00e4t, das \u00fcber das Internet von einem Mobiltelefon aus ferngesteuert werden kann, das geplante Ein- und Ausschaltungen unterst\u00fctzt, App-Benachrichtigungen beim Ein- oder Ausschalten senden kann, den Stromverbrauch misst, \u00fcber ein \u00dcberlastschutzsystem (OPS) verf\u00fcgt und eine maximale Kapazit\u00e4t von 63 A hat. Es wird direkt an einen Wi-Fi-Router angeschlossen, eine lokale Zentraleinheit oder ein Hub ist nicht erforderlich. 2P (1P+1N) Version des Produkts mit Strommessung und \u00dcberlastungsschutzfunktionen.<\/p>","protected":false},"featured_media":7488,"template":"","meta":{"_acf_changed":false},"product_brand":[122],"product_cat":[91],"product_tag":[],"class_list":{"0":"post-7495","1":"product","2":"type-product","3":"status-publish","4":"has-post-thumbnail","6":"product_brand-wdyk","7":"product_cat-nadzor-porabe-energije","9":"first","10":"outofstock","11":"sale","12":"taxable","13":"shipping-taxable","14":"purchasable","15":"product-type-simple"},"acf":[],"_links":{"self":[{"href":"https:\/\/iotronx.com\/de\/wp-json\/wp\/v2\/product\/7495","targetHints":{"allow":["GET"]}}],"collection":[{"href":"https:\/\/iotronx.com\/de\/wp-json\/wp\/v2\/product"}],"about":[{"href":"https:\/\/iotronx.com\/de\/wp-json\/wp\/v2\/types\/product"}],"wp:featuredmedia":[{"embeddable":true,"href":"https:\/\/iotronx.com\/de\/wp-json\/wp\/v2\/media\/7488"}],"wp:attachment":[{"href":"https:\/\/iotronx.com\/de\/wp-json\/wp\/v2\/media?parent=7495"}],"wp:term":[{"taxonomy":"product_brand","embeddable":true,"href":"https:\/\/iotronx.com\/de\/wp-json\/wp\/v2\/product_brand?post=7495"},{"taxonomy":"product_cat","embeddable":true,"href":"https:\/\/iotronx.com\/de\/wp-json\/wp\/v2\/product_cat?post=7495"},{"taxonomy":"product_tag","embeddable":true,"href":"https:\/\/iotronx.com\/de\/wp-json\/wp\/v2\/product_tag?post=7495"}],"curies":[{"name":"wp","href":"https:\/\/api.w.org\/{rel}","templated":true}]}}