{"id":376,"date":"2025-06-26T17:21:22","date_gmt":"2025-06-26T17:21:22","guid":{"rendered":"http:\/\/iotronx.com\/moj-racun\/"},"modified":"2025-07-30T11:03:25","modified_gmt":"2025-07-30T11:03:25","slug":"my-account","status":"publish","type":"page","link":"https:\/\/iotronx.com\/en\/my-account\/","title":{"rendered":"My account"},"content":{"rendered":"<div data-elementor-type=\"wp-page\" data-elementor-id=\"376\" class=\"elementor elementor-376\" data-elementor-post-type=\"page\">\n\t\t\t\t<div class=\"elementor-element elementor-element-47e1db7 e-flex e-con-boxed e-con e-parent\" data-id=\"47e1db7\" data-element_type=\"container\" data-e-type=\"container\" data-settings=\"{&quot;background_background&quot;:&quot;classic&quot;}\">\n\t\t\t\t\t<div class=\"e-con-inner\">\n\t\t\t\t<div class=\"elementor-element elementor-element-a1ba6b2 elementor-widget elementor-widget-html\" data-id=\"a1ba6b2\" data-element_type=\"widget\" data-e-type=\"widget\" data-widget_type=\"html.default\">\n\t\t\t\t\t    <section>\n        <h1 class=\"split-heading\">\n     My account\n        <\/h1>\n    <\/section>\n\n\n\n    \n\n    <style>\n       \n        .split-heading {\n            display: block;\n            position: relative;\n            overflow: hidden;\n            line-height: 1.2;\n            opacity: 1; \/* Hide initially to prevent flash *\/\n        }\n        \n        h1.split-heading {\n            font-size: 48px;\n            font-weight: 500;\n            font-family:Ubuntu;\n            color: #F9F9F9;\n            z-index: 2;\n            margin:0;\n            \n        }\n        .split-heading span{\n            color:#42BE8E;\n        }\n        \n        .split-heading .line {\n            display: block;\n            overflow: hidden;\n            position: relative;\n        }\n        \n    \n        .split-heading.ready {\n            opacity: 1;\n        }\n        @media only screen and (max-width:700px){\n              h1.split-heading {\n            font-size: 36px;\n            line-height:42px;\n        }\n        }\n    <\/style>\n\n   \n\n\n  \t\t\t\t<\/div>\n\t\t\t\t\t<\/div>\n\t\t\t\t<\/div>\n\t\t<div class=\"elementor-element elementor-element-52aa524 e-flex e-con-boxed e-con e-parent\" data-id=\"52aa524\" data-element_type=\"container\" data-e-type=\"container\">\n\t\t\t\t\t<div class=\"e-con-inner\">\n\t\t\t\t<div class=\"elementor-element elementor-element-aa91c71 e-my-account-tabs-vertical elementor-widget elementor-widget-woocommerce-my-account\" data-id=\"aa91c71\" data-element_type=\"widget\" data-e-type=\"widget\" data-widget_type=\"woocommerce-my-account.default\">\n\t\t\t\t\t<div class=\"e-my-account-tab e-my-account-tab__\">\t\t\t<div class=\"woocommerce\"><\/div>\t\t<\/div>\n\t\t\t\t\t\t<\/div>\n\t\t\t\t\t<\/div>\n\t\t\t\t<\/div>\n\t\t\t\t<\/div>","protected":false},"excerpt":{"rendered":"<p>Moj ra\u010dun Nadzorna plo\u0161\u010da Naro\u010dila Prenosi Naslovi Na\u010dini pla\u010dila Naslovi Odjava \u017divijo tomas (niste tomas? Odjava) V va\u0161i nadzorni plo\u0161\u010di ra\u010duna si lahko ogledate nedavna naro\u010dila, upravljate va\u0161e pla\u010dni\u0161ke in dostavne naslove ter urejate va\u0161e geslo in podatke ra\u010duna.<\/p>","protected":false},"author":1,"featured_media":0,"parent":0,"menu_order":0,"comment_status":"closed","ping_status":"closed","template":"","meta":{"_acf_changed":false,"footnotes":""},"class_list":["post-376","page","type-page","status-publish","hentry"],"acf":[],"_links":{"self":[{"href":"https:\/\/iotronx.com\/en\/wp-json\/wp\/v2\/pages\/376","targetHints":{"allow":["GET"]}}],"collection":[{"href":"https:\/\/iotronx.com\/en\/wp-json\/wp\/v2\/pages"}],"about":[{"href":"https:\/\/iotronx.com\/en\/wp-json\/wp\/v2\/types\/page"}],"author":[{"embeddable":true,"href":"https:\/\/iotronx.com\/en\/wp-json\/wp\/v2\/users\/1"}],"replies":[{"embeddable":true,"href":"https:\/\/iotronx.com\/en\/wp-json\/wp\/v2\/comments?post=376"}],"version-history":[{"count":0,"href":"https:\/\/iotronx.com\/en\/wp-json\/wp\/v2\/pages\/376\/revisions"}],"wp:attachment":[{"href":"https:\/\/iotronx.com\/en\/wp-json\/wp\/v2\/media?parent=376"}],"curies":[{"name":"wp","href":"https:\/\/api.w.org\/{rel}","templated":true}]}}