{"id":5565,"date":"2025-07-13T17:10:52","date_gmt":"2025-07-13T17:10:52","guid":{"rendered":"http:\/\/iotronx.com\/izdelek\/senzor-prisotnosti-aqara-fp2-z-radarsko-tehnologijo-milimetrskih-valov\/"},"modified":"2025-08-07T22:21:42","modified_gmt":"2025-08-07T22:21:42","slug":"aqara-fp2-occupancy-sensor-with-millimetre-wave-radar-technology","status":"publish","type":"product","link":"https:\/\/iotronx.com\/en\/product\/aqara-fp2-occupancy-sensor-with-millimetre-wave-radar-technology\/","title":{"rendered":"Aqara FP2 occupancy sensor with millimetre wave radar technology"},"content":{"rendered":"<p><strong>Aqara Presence Sensor FP2<\/strong> uses state-of-the-art millimetre radar technology that can accurately detect the presence of people, even with slight movements. This technology ensures continuity and stability of the smart device. It also has a zoning function that allows the automation of different conditions in different zones, such as beds and tables. One room can be divided into up to 30 small zones and can identify up to five targets at the same time (multi-person detection). It can also control other smart devices through ecosystems such as Apple Home for wider use. Among its features are the recognition of people falling and a built-in light sensor. It is a great assistant that can truly integrate the diversity of the user's home life and enable the automation of various personal needs.<\/p>\n<h3>Features:<\/h3>\n<p><strong>Zoning function:<\/strong> It offers significant advantages over traditional PIR infrared motion sensors, monitoring a space up to approximately 40 m\u00b2 (approx. 430 sq ft)* with a single radar sensor. In addition, it can be divided into up to 30 zones, such as a sofa, bed or work desk. You can assign your own automation to each zone. It's like using multiple PIR sensors at the same time, but with only one FP2 occupancy sensor.<\/p>\n<p><strong>Multi-person detection:<\/strong> It can detect up to 5** people at the same time. This means that when sharing a room, it can automatically react to the position of different people without interfering with each other.<\/p>\n<p><strong>Extreme precision:<\/strong> Privacy and detection accuracy are taken into account. The sensor can recognise non-inductive signals without collecting actual images. Automation is essentially local. Millimetre radar technology is more stable than infrared sensors, even when you are sitting or sleeping.<\/p>\n<p><strong>Control other devices via <em>HomeKit<\/em> etc..:<\/strong> FP2 appears as multiple sensors in HomeKit (and Home Assistant), Alexa and Google Home. It is easy to integrate without the need for a gateway, making it a great solution for smart home enthusiasts to extend their system. ****<\/p>\n<p><strong>Fall detection and warnings<\/strong>***: Ko nekdo pade v prostoru, lahko FP2 to zazna in vas obvesti. To je urejeno na najbolj zaseben in priro\u010den na\u010din, brez potrebe po no\u0161enju naprav ali name\u0161\u010danju kamer za stalni nadzor. Obmo\u010dje zaznave je krog s premerom 2 metra, natan\u010dnost prepoznavanja padcev je >98 %. Priporo\u010dena vi\u0161ina namestitve je med 2,5 m in 2,8 m.<\/p>\n<p><strong>Built-in light sensor:<\/strong> A fully functional light sensor in the Aqara ecosystem. Allows much more flexible and pleasant lighting automation. The integrated light sensor also allows advanced automations based on the darkness of the room.<\/p>\n<p><strong>Local automation and flexible installation options:<\/strong> After the initial setup, the device works locally. FP2 automations will work even if there are occasional problems with your Wi-Fi connection, further protecting your privacy. There are several setup methods for different situations.<\/p>\n<p><strong>IPX5 protection and hidden USB-C connector:<\/strong> Thanks to the IP protection, the sensor can also be installed in wet areas such as bathrooms. It has an open USB-C connector that allows you to swap the supplied cable for any other USB-C cable, increasing installation flexibility.<\/p>\n<p><em>Warnings:<\/em><br \/> * The recommended detection space is 10 m\u00b3 - 40 m\u00b3.<br \/> ** Best results when following up to 3 people.<br \/> *** Fall detection is only supported when ceiling mounted. The fall detection function can detect most common falls, but is not a substitute for medical equipment or video surveillance. It currently does not distinguish between a slow fall against a wall or fainting after sitting.<br \/> **** Bluetooth will be available in the future as part of Matter features.<\/p>","protected":false},"excerpt":{"rendered":"<p>Aqar's revolutionary new FP2 occupancy sensor uses state-of-the-art millimetre-wave radar technology that can accurately detect the presence of people, even with small movements. It can detect up to 5 people at the same time and supports automation with in-room range.<\/p>","protected":false},"featured_media":5567,"template":"","meta":{"_acf_changed":false},"product_brand":[102],"product_cat":[92],"product_tag":[],"class_list":{"0":"post-5565","1":"product","2":"type-product","3":"status-publish","4":"has-post-thumbnail","6":"product_brand-aqara","7":"product_cat-varnost-in-nadzor","9":"first","10":"instock","11":"sale","12":"taxable","13":"shipping-taxable","14":"purchasable","15":"product-type-simple"},"acf":[],"_links":{"self":[{"href":"https:\/\/iotronx.com\/en\/wp-json\/wp\/v2\/product\/5565","targetHints":{"allow":["GET"]}}],"collection":[{"href":"https:\/\/iotronx.com\/en\/wp-json\/wp\/v2\/product"}],"about":[{"href":"https:\/\/iotronx.com\/en\/wp-json\/wp\/v2\/types\/product"}],"wp:featuredmedia":[{"embeddable":true,"href":"https:\/\/iotronx.com\/en\/wp-json\/wp\/v2\/media\/5567"}],"wp:attachment":[{"href":"https:\/\/iotronx.com\/en\/wp-json\/wp\/v2\/media?parent=5565"}],"wp:term":[{"taxonomy":"product_brand","embeddable":true,"href":"https:\/\/iotronx.com\/en\/wp-json\/wp\/v2\/product_brand?post=5565"},{"taxonomy":"product_cat","embeddable":true,"href":"https:\/\/iotronx.com\/en\/wp-json\/wp\/v2\/product_cat?post=5565"},{"taxonomy":"product_tag","embeddable":true,"href":"https:\/\/iotronx.com\/en\/wp-json\/wp\/v2\/product_tag?post=5565"}],"curies":[{"name":"wp","href":"https:\/\/api.w.org\/{rel}","templated":true}]}}