{"id":5807,"date":"2025-07-13T17:15:47","date_gmt":"2025-07-13T17:15:47","guid":{"rendered":"http:\/\/iotronx.com\/izdelek\/gledopto-gl-s-006p\/"},"modified":"2025-08-07T22:21:41","modified_gmt":"2025-08-07T22:21:41","slug":"see-also-gl-s-006p","status":"publish","type":"product","link":"https:\/\/iotronx.com\/en\/product\/see-also-gl-s-006p\/","title":{"rendered":"Gledopto GL-S-006P"},"content":{"rendered":"<p style=\"text-align: justify\">Kot plug &#038; play re\u0161itev je ta pametna \u017earnica zelo enostavna za namestitev: preprosto odstranite staro \u017earnico in vstavite GLEDPTO RGB + CCT (GU10) Zigbee pametno \u017earnico kot zamenjavo.<\/p>\n<p style=\"text-align: justify\">Thanks to the Zigbee 3.0 protocol, it is compatible with a wide range of Zigbee gateways, including all proven Zigbee gateways that work with the eWeLink app, Tuya\/SmartLife Zigbee gateways and the Aeotec SmartThings hub. It is also compatible with Philips Hub, Apple HomeKit compatible Zigbee gateways and the most popular Zigbee USB sticks (e.g. Conbee II).<\/p>\n<p style=\"text-align: justify\"><\/p>\n<p style=\"text-align: justify\">Like other products in the Gledopto Pro series, it also supports local wireless remote control. It can also be controlled with 2.4GHz Gledopto RF remotes and wall panels.<\/p>\n<p style=\"text-align: justify\">In addition to app\/hub control and local remote control, Zigbee also allows voice control, depending on the Zigbee hub.<\/p>\n<p style=\"text-align: justify\"><\/p>\n<p style=\"text-align: justify\">The bulb has adjustable colour temperature (for white light), adjustable luminous intensity (for coloured and white light) and supports up to 16 million colours for coloured light.<\/p>\n<p style=\"text-align: justify\">The advanced RGB + CCT bulb has separate LEDs for warm white (4 pcs), cool white (4 pcs) and RGB\/coloured light (2 pcs), which together produce the desired warmth and colour of light.<\/p>\n<p style=\"text-align: justify\">The GU10 reflector bulb emits light at an angle of 30 degrees. A colour rendering index (CRI) of over 80 ensures high colour fidelity.<\/p>\n<p style=\"text-align: justify\">Using the Zigbee 3.0 protocol, the smart bulb also acts as a Zigbee mesh node, which means it can forward the Zigbee signal to other Zigbee devices located further away from the Zigbee gateway.<\/p>\n<p style=\"text-align: justify\"><\/p>\n<p><strong>Product features:<\/strong><\/p>\n<ul>\n<li>spotlight bulb compatible with GU10 socket<\/li>\n<li>low-power LED technology: maximum power consumption 5 W<\/li>\n<li>Voltage: 100-240 V<\/li>\n<li>luminous flux: 300-450 lm (adjustable intensity), provides transmitted light<\/li>\n<li>CRI: 80+<\/li>\n<li>White light colour temperature: 2700K-6500K<\/li>\n<li>Zigbee gateway required for use<\/li>\n<li>uses the standard Zigbee 3.0 protocol, which provides broad compatibility with Zigbee gateways<\/li>\n<li>Compatible with eWeLink app (with eWeLink Zigbee gateways), Tuya\/SmartLife app (for Tuya Zigbee gateways) and SmartThings hub, also connects to Conbee II Zigbee USB stick and Apple HomeKit compatible Zigbee gateways, as well as Philips Hue hub<\/li>\n<li>also supports Zigbee mesh<\/li>\n<\/ul>\n<p><\/p>","protected":false},"excerpt":{"rendered":"<p>Gledopt's RGB+CCT Zigbee 3.0 Smart Bulb for GU10 is a dimmable, white and coloured smart bulb that can be connected to eWeLink, Tuya\/SmartLife Zigbee gateways, Aeotec SmartThings Zigbee hub, multiple Apple hubs with Zigbee support, Conbee II and many more. As a standard Zigbee 3.0 product, it is also compatible with many other Zigbee gateways.<\/p>","protected":false},"featured_media":5809,"template":"","meta":{"_acf_changed":false},"product_brand":[105],"product_cat":[90],"product_tag":[],"class_list":{"0":"post-5807","1":"product","2":"type-product","3":"status-publish","4":"has-post-thumbnail","6":"product_brand-gledopto","7":"product_cat-razsvetljava","9":"first","10":"instock","11":"sale","12":"taxable","13":"shipping-taxable","14":"purchasable","15":"product-type-simple"},"acf":[],"_links":{"self":[{"href":"https:\/\/iotronx.com\/en\/wp-json\/wp\/v2\/product\/5807","targetHints":{"allow":["GET"]}}],"collection":[{"href":"https:\/\/iotronx.com\/en\/wp-json\/wp\/v2\/product"}],"about":[{"href":"https:\/\/iotronx.com\/en\/wp-json\/wp\/v2\/types\/product"}],"wp:featuredmedia":[{"embeddable":true,"href":"https:\/\/iotronx.com\/en\/wp-json\/wp\/v2\/media\/5809"}],"wp:attachment":[{"href":"https:\/\/iotronx.com\/en\/wp-json\/wp\/v2\/media?parent=5807"}],"wp:term":[{"taxonomy":"product_brand","embeddable":true,"href":"https:\/\/iotronx.com\/en\/wp-json\/wp\/v2\/product_brand?post=5807"},{"taxonomy":"product_cat","embeddable":true,"href":"https:\/\/iotronx.com\/en\/wp-json\/wp\/v2\/product_cat?post=5807"},{"taxonomy":"product_tag","embeddable":true,"href":"https:\/\/iotronx.com\/en\/wp-json\/wp\/v2\/product_tag?post=5807"}],"curies":[{"name":"wp","href":"https:\/\/api.w.org\/{rel}","templated":true}]}}