{"id":7298,"date":"2025-07-13T17:31:23","date_gmt":"2025-07-13T17:31:23","guid":{"rendered":"http:\/\/iotronx.com\/izdelek\/sonoff-ifan04-h-wi-fi-rf433-pametni-stropni-ventilator-2-v-1-regulator-svetlobe\/"},"modified":"2025-08-07T22:21:32","modified_gmt":"2025-08-07T22:21:32","slug":"sonoff-ifan04-h-wi-fi-rf433-smart-ceiling-fan-2-in-1-light-controller","status":"publish","type":"product","link":"https:\/\/iotronx.com\/en\/product\/sonoff-ifan04-h-wi-fi-rf433-smart-ceiling-fan-2-in-1-light-controller\/","title":{"rendered":"SONOFF iFan04-H Wi-Fi + RF433 relay module for ceiling fan"},"content":{"rendered":"<p>Looking for a smart switch to easily control a ceiling fan with a light hanging from the ceiling? <strong>SONOFF iFan04<\/strong> is the right choice for you.<\/p>\n<p>The iFan04, a new version of the iFan03 with more stable performance, is a Wi-Fi controller for a ceiling fan with light that allows you to control the fan and light from your phone, no matter where you are.<\/p>\n<p>The voice control is designed so that you can easily command iFan04 to switch the fan and light on or off, without the need for manual operation.<\/p>\n<p>It supports control of the ceiling fan with light via your phone, via the eWeLink app, wherever and whenever you want. You can set the on\/off schedule during the day, at night or any time of the day and the device will work automatically. The device is equipped with an RM433 (433MHz RF) remote control, which allows you to adjust the fan speed between low, medium and high for different cooling levels. The scene function in the app allows simultaneous control of one or more SONOFF devices with a single touch.<\/p>\n<p>The SONOFF iFan04 is equipped with a 433 MHz RF remote control that can be used to switch the fan and light on\/off and adjust the fan speed in the room.<\/p>\n<p><\/p>\n<p><\/p>\n<p>\u3010Direct replacement\u3011Simply replace your existing conventional ceiling fan with light controller with iFan04 and you will instantly get a smart ceiling fan with light.<br \/>\n\u3010Upravljanje preko aplikacije &#038; 433MHz RF daljinski upravljalnik\u3011Preko aplikacije eWeLink lahko enostavno upravljate stropni ventilator z lu\u010djo na napravah iOS in Android kjerkoli in kadarkoli. Napravo lahko upravljate tudi preko prilo\u017eenega RM433 daljinskega upravljalnika. Kompaktna zasnova 433MHz daljinskega upravljalnika omogo\u010da, da ga obesite na steno kot brez\u017ei\u010dno stensko stikalo ali ga uporabite kot ro\u010dni daljinec po potrebi.<br \/>\n\u30103 fan speeds\u3011The app allows you to choose between low, medium and high fan speeds for a comfortable room temperature. In addition, the RM433 remote control can also adjust the cooling rate as desired.<br \/>\n\u3010Timer and Schedule\u3011With pre-set one-time, recurring and countdown timers, the iFan04 WiFi Ceiling Fan Controller with Light can be automatically switched on and off at set times.<br \/>\n\u3010Hands-Free Voice Control\u3011SONOFF iFan04 is compatible with Amazon Alexa (Amazon Echo\/Echo Dot\/Amazon Tap) and Google Home Assistant. It allows you to control the fan light with your voice for a complete hands-free experience.<\/p>","protected":false},"excerpt":{"rendered":"<p>The SONOFF iFan04-H is the 220V\/230V version of the Sonoff smart ceiling fan with integrated light controller, together with the RM433 remoie controller for local remote control.<\/p>","protected":false},"featured_media":7300,"template":"","meta":{"_acf_changed":false},"product_brand":[120],"product_cat":[136,128,95,96],"product_tag":[],"class_list":{"0":"post-7298","1":"product","2":"type-product","3":"status-publish","4":"has-post-thumbnail","6":"product_brand-sonoff","7":"product_cat-ewelink","8":"product_cat-wi-fi","9":"product_cat-stikala","10":"product_cat-pametno-ogrevanje-in-hlajenje","12":"first","13":"instock","14":"sale","15":"taxable","16":"shipping-taxable","17":"purchasable","18":"product-type-simple"},"acf":[],"_links":{"self":[{"href":"https:\/\/iotronx.com\/en\/wp-json\/wp\/v2\/product\/7298","targetHints":{"allow":["GET"]}}],"collection":[{"href":"https:\/\/iotronx.com\/en\/wp-json\/wp\/v2\/product"}],"about":[{"href":"https:\/\/iotronx.com\/en\/wp-json\/wp\/v2\/types\/product"}],"wp:featuredmedia":[{"embeddable":true,"href":"https:\/\/iotronx.com\/en\/wp-json\/wp\/v2\/media\/7300"}],"wp:attachment":[{"href":"https:\/\/iotronx.com\/en\/wp-json\/wp\/v2\/media?parent=7298"}],"wp:term":[{"taxonomy":"product_brand","embeddable":true,"href":"https:\/\/iotronx.com\/en\/wp-json\/wp\/v2\/product_brand?post=7298"},{"taxonomy":"product_cat","embeddable":true,"href":"https:\/\/iotronx.com\/en\/wp-json\/wp\/v2\/product_cat?post=7298"},{"taxonomy":"product_tag","embeddable":true,"href":"https:\/\/iotronx.com\/en\/wp-json\/wp\/v2\/product_tag?post=7298"}],"curies":[{"name":"wp","href":"https:\/\/api.w.org\/{rel}","templated":true}]}}